{"id":7757,"date":"2020-03-10T12:17:52","date_gmt":"2020-03-10T11:17:52","guid":{"rendered":"https:\/\/territoriosierraespuna.com\/?page_id=7757"},"modified":"2020-03-10T12:17:54","modified_gmt":"2020-03-10T11:17:54","slug":"los-banos","status":"publish","type":"page","link":"https:\/\/territoriosierraespuna.com\/en\/see-and-do-2\/archaeological-sites-2\/los-banos\/","title":{"rendered":"Los Ba\u00f1os"},"content":{"rendered":"\n<p> The Museo Arqueol\u00f3gico de Los Ba\u00f1os is an on-site museum, created to preserve and protect the archaeological remains of the Baths of Alhama de Murcia. <\/p>\n\n\n\n<div class=\"wp-block-button aligncenter\"><a class=\"wp-block-button__link has-background\" href=\"https:\/\/www.murciaturistica.es\/en\/museum\/museo-arqueologico-los-ba%C3%B1os-104\/\" style=\"background-color:#5b7c09\">Web<\/a><\/div>\n","protected":false},"excerpt":{"rendered":"The Museo Arqueol\u00f3gico de Los Ba\u00f1os is an on-site museum, created to preserve and protect the archaeological remains of the Baths of Alhama de Murcia.","protected":false},"author":4,"featured_media":5776,"parent":7245,"menu_order":4,"comment_status":"closed","ping_status":"closed","template":"templates\/page-tpl-n3.php","meta":{"_acf_changed":false,"footnotes":""},"class_list":["post-7757","page","type-page","status-publish","has-post-thumbnail","hentry"],"acf":[],"yoast_head":"<!-- This site is optimized with the Yoast SEO plugin v23.9 - https:\/\/yoast.com\/wordpress\/plugins\/seo\/ -->\n<title>Los Ba\u00f1os - Territorio Sierra Espu\u00f1a<\/title>\n<meta name=\"robots\" content=\"index, follow, max-snippet:-1, max-image-preview:large, max-video-preview:-1\" \/>\n<link rel=\"canonical\" href=\"https:\/\/territoriosierraespuna.com\/en\/see-and-do-2\/archaeological-sites-2\/los-banos\/\" \/>\n<meta property=\"og:locale\" content=\"en_US\" \/>\n<meta property=\"og:type\" content=\"article\" \/>\n<meta property=\"og:title\" content=\"Los Ba\u00f1os - Territorio Sierra Espu\u00f1a\" \/>\n<meta property=\"og:description\" content=\"The Museo Arqueol\u00f3gico de Los Ba\u00f1os is an on-site museum, created to preserve and protect the archaeological remains of the Baths of Alhama de Murcia.\" \/>\n<meta property=\"og:url\" content=\"https:\/\/territoriosierraespuna.com\/en\/see-and-do-2\/archaeological-sites-2\/los-banos\/\" \/>\n<meta property=\"og:site_name\" content=\"Territorio Sierra Espu\u00f1a\" \/>\n<meta property=\"article:modified_time\" content=\"2020-03-10T11:17:54+00:00\" \/>\n<meta property=\"og:image\" content=\"https:\/\/territoriosierraespuna.com\/wp-content\/uploads\/2018\/02\/yacimientos-arqueologicos-ver-y-hacer-sierra-espuna.jpg\" \/>\n\t<meta property=\"og:image:width\" content=\"1139\" \/>\n\t<meta property=\"og:image:height\" content=\"320\" \/>\n\t<meta property=\"og:image:type\" content=\"image\/jpeg\" \/>\n<meta name=\"twitter:card\" content=\"summary_large_image\" \/>\n<script type=\"application\/ld+json\" class=\"yoast-schema-graph\">{\"@context\":\"https:\/\/schema.org\",\"@graph\":[{\"@type\":\"WebPage\",\"@id\":\"https:\/\/territoriosierraespuna.com\/en\/see-and-do-2\/archaeological-sites-2\/los-banos\/\",\"url\":\"https:\/\/territoriosierraespuna.com\/en\/see-and-do-2\/archaeological-sites-2\/los-banos\/\",\"name\":\"Los Ba\u00f1os - Territorio Sierra Espu\u00f1a\",\"isPartOf\":{\"@id\":\"https:\/\/territoriosierraespuna.com\/#website\"},\"primaryImageOfPage\":{\"@id\":\"https:\/\/territoriosierraespuna.com\/en\/see-and-do-2\/archaeological-sites-2\/los-banos\/#primaryimage\"},\"image\":{\"@id\":\"https:\/\/territoriosierraespuna.com\/en\/see-and-do-2\/archaeological-sites-2\/los-banos\/#primaryimage\"},\"thumbnailUrl\":\"https:\/\/territoriosierraespuna.com\/wp-content\/uploads\/2018\/02\/yacimientos-arqueologicos-ver-y-hacer-sierra-espuna.jpg\",\"datePublished\":\"2020-03-10T11:17:52+00:00\",\"dateModified\":\"2020-03-10T11:17:54+00:00\",\"breadcrumb\":{\"@id\":\"https:\/\/territoriosierraespuna.com\/en\/see-and-do-2\/archaeological-sites-2\/los-banos\/#breadcrumb\"},\"inLanguage\":\"en-US\",\"potentialAction\":[{\"@type\":\"ReadAction\",\"target\":[\"https:\/\/territoriosierraespuna.com\/en\/see-and-do-2\/archaeological-sites-2\/los-banos\/\"]}]},{\"@type\":\"ImageObject\",\"inLanguage\":\"en-US\",\"@id\":\"https:\/\/territoriosierraespuna.com\/en\/see-and-do-2\/archaeological-sites-2\/los-banos\/#primaryimage\",\"url\":\"https:\/\/territoriosierraespuna.com\/wp-content\/uploads\/2018\/02\/yacimientos-arqueologicos-ver-y-hacer-sierra-espuna.jpg\",\"contentUrl\":\"https:\/\/territoriosierraespuna.com\/wp-content\/uploads\/2018\/02\/yacimientos-arqueologicos-ver-y-hacer-sierra-espuna.jpg\",\"width\":1139,\"height\":320},{\"@type\":\"BreadcrumbList\",\"@id\":\"https:\/\/territoriosierraespuna.com\/en\/see-and-do-2\/archaeological-sites-2\/los-banos\/#breadcrumb\",\"itemListElement\":[{\"@type\":\"ListItem\",\"position\":1,\"name\":\"Inicio\",\"item\":\"https:\/\/territoriosierraespuna.com\/en\/\"},{\"@type\":\"ListItem\",\"position\":2,\"name\":\"See and do\",\"item\":\"https:\/\/territoriosierraespuna.com\/en\/see-and-do-2\/\"},{\"@type\":\"ListItem\",\"position\":3,\"name\":\"Archaeological Sites\",\"item\":\"https:\/\/territoriosierraespuna.com\/en\/see-and-do-2\/archaeological-sites-2\/\"},{\"@type\":\"ListItem\",\"position\":4,\"name\":\"Los Ba\u00f1os\"}]},{\"@type\":\"WebSite\",\"@id\":\"https:\/\/territoriosierraespuna.com\/#website\",\"url\":\"https:\/\/territoriosierraespuna.com\/\",\"name\":\"Territorio Sierra Espu\u00f1a\",\"description\":\"\",\"potentialAction\":[{\"@type\":\"SearchAction\",\"target\":{\"@type\":\"EntryPoint\",\"urlTemplate\":\"https:\/\/territoriosierraespuna.com\/?s={search_term_string}\"},\"query-input\":{\"@type\":\"PropertyValueSpecification\",\"valueRequired\":true,\"valueName\":\"search_term_string\"}}],\"inLanguage\":\"en-US\"}]}<\/script>\n<!-- \/ Yoast SEO plugin. -->","yoast_head_json":{"title":"Los Ba\u00f1os - Territorio Sierra Espu\u00f1a","robots":{"index":"index","follow":"follow","max-snippet":"max-snippet:-1","max-image-preview":"max-image-preview:large","max-video-preview":"max-video-preview:-1"},"canonical":"https:\/\/territoriosierraespuna.com\/en\/see-and-do-2\/archaeological-sites-2\/los-banos\/","og_locale":"en_US","og_type":"article","og_title":"Los Ba\u00f1os - Territorio Sierra Espu\u00f1a","og_description":"The Museo Arqueol\u00f3gico de Los Ba\u00f1os is an on-site museum, created to preserve and protect the archaeological remains of the Baths of Alhama de Murcia.","og_url":"https:\/\/territoriosierraespuna.com\/en\/see-and-do-2\/archaeological-sites-2\/los-banos\/","og_site_name":"Territorio Sierra Espu\u00f1a","article_modified_time":"2020-03-10T11:17:54+00:00","og_image":[{"width":1139,"height":320,"url":"https:\/\/territoriosierraespuna.com\/wp-content\/uploads\/2018\/02\/yacimientos-arqueologicos-ver-y-hacer-sierra-espuna.jpg","type":"image\/jpeg"}],"twitter_card":"summary_large_image","schema":{"@context":"https:\/\/schema.org","@graph":[{"@type":"WebPage","@id":"https:\/\/territoriosierraespuna.com\/en\/see-and-do-2\/archaeological-sites-2\/los-banos\/","url":"https:\/\/territoriosierraespuna.com\/en\/see-and-do-2\/archaeological-sites-2\/los-banos\/","name":"Los Ba\u00f1os - Territorio Sierra Espu\u00f1a","isPartOf":{"@id":"https:\/\/territoriosierraespuna.com\/#website"},"primaryImageOfPage":{"@id":"https:\/\/territoriosierraespuna.com\/en\/see-and-do-2\/archaeological-sites-2\/los-banos\/#primaryimage"},"image":{"@id":"https:\/\/territoriosierraespuna.com\/en\/see-and-do-2\/archaeological-sites-2\/los-banos\/#primaryimage"},"thumbnailUrl":"https:\/\/territoriosierraespuna.com\/wp-content\/uploads\/2018\/02\/yacimientos-arqueologicos-ver-y-hacer-sierra-espuna.jpg","datePublished":"2020-03-10T11:17:52+00:00","dateModified":"2020-03-10T11:17:54+00:00","breadcrumb":{"@id":"https:\/\/territoriosierraespuna.com\/en\/see-and-do-2\/archaeological-sites-2\/los-banos\/#breadcrumb"},"inLanguage":"en-US","potentialAction":[{"@type":"ReadAction","target":["https:\/\/territoriosierraespuna.com\/en\/see-and-do-2\/archaeological-sites-2\/los-banos\/"]}]},{"@type":"ImageObject","inLanguage":"en-US","@id":"https:\/\/territoriosierraespuna.com\/en\/see-and-do-2\/archaeological-sites-2\/los-banos\/#primaryimage","url":"https:\/\/territoriosierraespuna.com\/wp-content\/uploads\/2018\/02\/yacimientos-arqueologicos-ver-y-hacer-sierra-espuna.jpg","contentUrl":"https:\/\/territoriosierraespuna.com\/wp-content\/uploads\/2018\/02\/yacimientos-arqueologicos-ver-y-hacer-sierra-espuna.jpg","width":1139,"height":320},{"@type":"BreadcrumbList","@id":"https:\/\/territoriosierraespuna.com\/en\/see-and-do-2\/archaeological-sites-2\/los-banos\/#breadcrumb","itemListElement":[{"@type":"ListItem","position":1,"name":"Inicio","item":"https:\/\/territoriosierraespuna.com\/en\/"},{"@type":"ListItem","position":2,"name":"See and do","item":"https:\/\/territoriosierraespuna.com\/en\/see-and-do-2\/"},{"@type":"ListItem","position":3,"name":"Archaeological Sites","item":"https:\/\/territoriosierraespuna.com\/en\/see-and-do-2\/archaeological-sites-2\/"},{"@type":"ListItem","position":4,"name":"Los Ba\u00f1os"}]},{"@type":"WebSite","@id":"https:\/\/territoriosierraespuna.com\/#website","url":"https:\/\/territoriosierraespuna.com\/","name":"Territorio Sierra Espu\u00f1a","description":"","potentialAction":[{"@type":"SearchAction","target":{"@type":"EntryPoint","urlTemplate":"https:\/\/territoriosierraespuna.com\/?s={search_term_string}"},"query-input":{"@type":"PropertyValueSpecification","valueRequired":true,"valueName":"search_term_string"}}],"inLanguage":"en-US"}]}},"_links":{"self":[{"href":"https:\/\/territoriosierraespuna.com\/en\/wp-json\/wp\/v2\/pages\/7757","targetHints":{"allow":["GET"]}}],"collection":[{"href":"https:\/\/territoriosierraespuna.com\/en\/wp-json\/wp\/v2\/pages"}],"about":[{"href":"https:\/\/territoriosierraespuna.com\/en\/wp-json\/wp\/v2\/types\/page"}],"author":[{"embeddable":true,"href":"https:\/\/territoriosierraespuna.com\/en\/wp-json\/wp\/v2\/users\/4"}],"replies":[{"embeddable":true,"href":"https:\/\/territoriosierraespuna.com\/en\/wp-json\/wp\/v2\/comments?post=7757"}],"version-history":[{"count":1,"href":"https:\/\/territoriosierraespuna.com\/en\/wp-json\/wp\/v2\/pages\/7757\/revisions"}],"predecessor-version":[{"id":7758,"href":"https:\/\/territoriosierraespuna.com\/en\/wp-json\/wp\/v2\/pages\/7757\/revisions\/7758"}],"up":[{"embeddable":true,"href":"https:\/\/territoriosierraespuna.com\/en\/wp-json\/wp\/v2\/pages\/7245"}],"wp:featuredmedia":[{"embeddable":true,"href":"https:\/\/territoriosierraespuna.com\/en\/wp-json\/wp\/v2\/media\/5776"}],"wp:attachment":[{"href":"https:\/\/territoriosierraespuna.com\/en\/wp-json\/wp\/v2\/media?parent=7757"}],"curies":[{"name":"wp","href":"https:\/\/api.w.org\/{rel}","templated":true}]}}