{"id":7660,"date":"2020-02-25T14:18:13","date_gmt":"2020-02-25T13:18:13","guid":{"rendered":"https:\/\/territoriosierraespuna.com\/?page_id=7660"},"modified":"2020-02-25T14:18:15","modified_gmt":"2020-02-25T13:18:15","slug":"associations","status":"publish","type":"page","link":"https:\/\/territoriosierraespuna.com\/en\/associations\/","title":{"rendered":"Associations"},"content":{"rendered":"\n<p> Within Territorio Sierra Espu\u00f1a there are different associations which support the area by means of contributions at the Follow-up Forum of the European Charter for Sustainable Tourism. Find bellow the list of Associations comprising it. <\/p>\n\n\n\n<p>Agrupaci\u00f3n Deportiva &#8220;Villa Librilla&#8221;<\/p>\n\n\n\n<p>Asociaci\u00f3n ACUDEAL<\/p>\n\n\n\n<p>Asociaci\u00f3n AlVelAl&nbsp;<\/p>\n\n\n\n<p>Asociaci\u00f3n Amigos de la Historia de Librilla&nbsp;<\/p>\n\n\n\n<p>Asociaci\u00f3n de Mujeres El Abedul (El Berro)<\/p>\n\n\n\n<p>Asociaci\u00f3n Deportiva Nova Librilla<\/p>\n\n\n\n<p>Asociaci\u00f3n MELES<\/p>\n\n\n\n<p>Asociaci\u00f3n &#8220;Plataforma por el Medio Ambiente de Fuente Librilla&#8221;&nbsp;<\/p>\n\n\n\n<p>Asociaci\u00f3n Punto de Enfoque&nbsp;<\/p>\n\n\n\n<p>Asociaci\u00f3n de Vecinos de El Berro<\/p>\n\n\n\n<p>Asociaci\u00f3n de Vecinos de Gebas<\/p>\n\n\n\n<p>Asociaci\u00f3n de Vecinos Santa Leocadia-Totana<\/p>\n\n\n\n<p>Colegio Oficial de Bi\u00f3logos de la Regi\u00f3n de Murcia<\/p>\n\n\n\n<p>Federaci\u00f3n de Espeleolog\u00eda de la Regi\u00f3n de Murcia&nbsp;<\/p>\n\n\n\n<p>Grupo Scout Valle de Leyva (Alhama)<br><\/p>\n","protected":false},"excerpt":{"rendered":"Within Territorio Sierra Espu\u00f1a there are different associations which support the area by means of contributions at the Follow-up Forum of the European Charter for Sustainable Tourism. Find bellow the list of Associations comprising it. Agrupaci\u00f3n Deportiva &#8220;Villa Librilla&#8221; Asociaci\u00f3n ACUDEAL Asociaci\u00f3n AlVelAl&nbsp; Asociaci\u00f3n Amigos de la Historia de Librilla&nbsp; Asociaci\u00f3n de Mujeres El Abedul&#8230; <a class=\"view-article\" href=\"https:\/\/territoriosierraespuna.com\/en\/associations\/\"><i class=\"fa fa-plus\" aria-hidden=\"true\"><\/i> info<\/a>","protected":false},"author":4,"featured_media":5911,"parent":0,"menu_order":6,"comment_status":"closed","ping_status":"closed","template":"templates\/page-tpl-n3.php","meta":{"_acf_changed":false,"footnotes":""},"class_list":["post-7660","page","type-page","status-publish","has-post-thumbnail","hentry"],"acf":[],"yoast_head":"<!-- This site is optimized with the Yoast SEO plugin v23.9 - https:\/\/yoast.com\/wordpress\/plugins\/seo\/ -->\n<title>Associations - Territorio Sierra Espu\u00f1a<\/title>\n<meta name=\"robots\" content=\"index, follow, max-snippet:-1, max-image-preview:large, max-video-preview:-1\" \/>\n<link rel=\"canonical\" href=\"https:\/\/territoriosierraespuna.com\/en\/associations\/\" \/>\n<meta property=\"og:locale\" content=\"en_US\" \/>\n<meta property=\"og:type\" content=\"article\" \/>\n<meta property=\"og:title\" content=\"Associations - Territorio Sierra Espu\u00f1a\" \/>\n<meta property=\"og:description\" content=\"Within Territorio Sierra Espu\u00f1a there are different associations which support the area by means of contributions at the Follow-up Forum of the European Charter for Sustainable Tourism. Find bellow the list of Associations comprising it. Agrupaci\u00f3n Deportiva &#8220;Villa Librilla&#8221; Asociaci\u00f3n ACUDEAL Asociaci\u00f3n AlVelAl&nbsp; Asociaci\u00f3n Amigos de la Historia de Librilla&nbsp; Asociaci\u00f3n de Mujeres El Abedul... info\" \/>\n<meta property=\"og:url\" content=\"https:\/\/territoriosierraespuna.com\/en\/associations\/\" \/>\n<meta property=\"og:site_name\" content=\"Territorio Sierra Espu\u00f1a\" \/>\n<meta property=\"article:modified_time\" content=\"2020-02-25T13:18:15+00:00\" \/>\n<meta property=\"og:image\" content=\"https:\/\/territoriosierraespuna.com\/wp-content\/uploads\/2018\/05\/profesionales-2-1.jpg\" \/>\n\t<meta property=\"og:image:width\" content=\"1140\" \/>\n\t<meta property=\"og:image:height\" content=\"320\" \/>\n\t<meta property=\"og:image:type\" content=\"image\/jpeg\" \/>\n<meta name=\"twitter:card\" content=\"summary_large_image\" \/>\n<meta name=\"twitter:label1\" content=\"Est. reading time\" \/>\n\t<meta name=\"twitter:data1\" content=\"1 minute\" \/>\n<script type=\"application\/ld+json\" class=\"yoast-schema-graph\">{\"@context\":\"https:\/\/schema.org\",\"@graph\":[{\"@type\":\"WebPage\",\"@id\":\"https:\/\/territoriosierraespuna.com\/en\/associations\/\",\"url\":\"https:\/\/territoriosierraespuna.com\/en\/associations\/\",\"name\":\"Associations - Territorio Sierra Espu\u00f1a\",\"isPartOf\":{\"@id\":\"https:\/\/territoriosierraespuna.com\/#website\"},\"primaryImageOfPage\":{\"@id\":\"https:\/\/territoriosierraespuna.com\/en\/associations\/#primaryimage\"},\"image\":{\"@id\":\"https:\/\/territoriosierraespuna.com\/en\/associations\/#primaryimage\"},\"thumbnailUrl\":\"https:\/\/territoriosierraespuna.com\/wp-content\/uploads\/2018\/05\/profesionales-2-1.jpg\",\"datePublished\":\"2020-02-25T13:18:13+00:00\",\"dateModified\":\"2020-02-25T13:18:15+00:00\",\"breadcrumb\":{\"@id\":\"https:\/\/territoriosierraespuna.com\/en\/associations\/#breadcrumb\"},\"inLanguage\":\"en-US\",\"potentialAction\":[{\"@type\":\"ReadAction\",\"target\":[\"https:\/\/territoriosierraespuna.com\/en\/associations\/\"]}]},{\"@type\":\"ImageObject\",\"inLanguage\":\"en-US\",\"@id\":\"https:\/\/territoriosierraespuna.com\/en\/associations\/#primaryimage\",\"url\":\"https:\/\/territoriosierraespuna.com\/wp-content\/uploads\/2018\/05\/profesionales-2-1.jpg\",\"contentUrl\":\"https:\/\/territoriosierraespuna.com\/wp-content\/uploads\/2018\/05\/profesionales-2-1.jpg\",\"width\":1140,\"height\":320},{\"@type\":\"BreadcrumbList\",\"@id\":\"https:\/\/territoriosierraespuna.com\/en\/associations\/#breadcrumb\",\"itemListElement\":[{\"@type\":\"ListItem\",\"position\":1,\"name\":\"Inicio\",\"item\":\"https:\/\/territoriosierraespuna.com\/en\/\"},{\"@type\":\"ListItem\",\"position\":2,\"name\":\"Associations\"}]},{\"@type\":\"WebSite\",\"@id\":\"https:\/\/territoriosierraespuna.com\/#website\",\"url\":\"https:\/\/territoriosierraespuna.com\/\",\"name\":\"Territorio Sierra Espu\u00f1a\",\"description\":\"\",\"potentialAction\":[{\"@type\":\"SearchAction\",\"target\":{\"@type\":\"EntryPoint\",\"urlTemplate\":\"https:\/\/territoriosierraespuna.com\/?s={search_term_string}\"},\"query-input\":{\"@type\":\"PropertyValueSpecification\",\"valueRequired\":true,\"valueName\":\"search_term_string\"}}],\"inLanguage\":\"en-US\"}]}<\/script>\n<!-- \/ Yoast SEO plugin. -->","yoast_head_json":{"title":"Associations - Territorio Sierra Espu\u00f1a","robots":{"index":"index","follow":"follow","max-snippet":"max-snippet:-1","max-image-preview":"max-image-preview:large","max-video-preview":"max-video-preview:-1"},"canonical":"https:\/\/territoriosierraespuna.com\/en\/associations\/","og_locale":"en_US","og_type":"article","og_title":"Associations - Territorio Sierra Espu\u00f1a","og_description":"Within Territorio Sierra Espu\u00f1a there are different associations which support the area by means of contributions at the Follow-up Forum of the European Charter for Sustainable Tourism. Find bellow the list of Associations comprising it. Agrupaci\u00f3n Deportiva &#8220;Villa Librilla&#8221; Asociaci\u00f3n ACUDEAL Asociaci\u00f3n AlVelAl&nbsp; Asociaci\u00f3n Amigos de la Historia de Librilla&nbsp; Asociaci\u00f3n de Mujeres El Abedul... info","og_url":"https:\/\/territoriosierraespuna.com\/en\/associations\/","og_site_name":"Territorio Sierra Espu\u00f1a","article_modified_time":"2020-02-25T13:18:15+00:00","og_image":[{"width":1140,"height":320,"url":"https:\/\/territoriosierraespuna.com\/wp-content\/uploads\/2018\/05\/profesionales-2-1.jpg","type":"image\/jpeg"}],"twitter_card":"summary_large_image","twitter_misc":{"Est. reading time":"1 minute"},"schema":{"@context":"https:\/\/schema.org","@graph":[{"@type":"WebPage","@id":"https:\/\/territoriosierraespuna.com\/en\/associations\/","url":"https:\/\/territoriosierraespuna.com\/en\/associations\/","name":"Associations - Territorio Sierra Espu\u00f1a","isPartOf":{"@id":"https:\/\/territoriosierraespuna.com\/#website"},"primaryImageOfPage":{"@id":"https:\/\/territoriosierraespuna.com\/en\/associations\/#primaryimage"},"image":{"@id":"https:\/\/territoriosierraespuna.com\/en\/associations\/#primaryimage"},"thumbnailUrl":"https:\/\/territoriosierraespuna.com\/wp-content\/uploads\/2018\/05\/profesionales-2-1.jpg","datePublished":"2020-02-25T13:18:13+00:00","dateModified":"2020-02-25T13:18:15+00:00","breadcrumb":{"@id":"https:\/\/territoriosierraespuna.com\/en\/associations\/#breadcrumb"},"inLanguage":"en-US","potentialAction":[{"@type":"ReadAction","target":["https:\/\/territoriosierraespuna.com\/en\/associations\/"]}]},{"@type":"ImageObject","inLanguage":"en-US","@id":"https:\/\/territoriosierraespuna.com\/en\/associations\/#primaryimage","url":"https:\/\/territoriosierraespuna.com\/wp-content\/uploads\/2018\/05\/profesionales-2-1.jpg","contentUrl":"https:\/\/territoriosierraespuna.com\/wp-content\/uploads\/2018\/05\/profesionales-2-1.jpg","width":1140,"height":320},{"@type":"BreadcrumbList","@id":"https:\/\/territoriosierraespuna.com\/en\/associations\/#breadcrumb","itemListElement":[{"@type":"ListItem","position":1,"name":"Inicio","item":"https:\/\/territoriosierraespuna.com\/en\/"},{"@type":"ListItem","position":2,"name":"Associations"}]},{"@type":"WebSite","@id":"https:\/\/territoriosierraespuna.com\/#website","url":"https:\/\/territoriosierraespuna.com\/","name":"Territorio Sierra Espu\u00f1a","description":"","potentialAction":[{"@type":"SearchAction","target":{"@type":"EntryPoint","urlTemplate":"https:\/\/territoriosierraespuna.com\/?s={search_term_string}"},"query-input":{"@type":"PropertyValueSpecification","valueRequired":true,"valueName":"search_term_string"}}],"inLanguage":"en-US"}]}},"_links":{"self":[{"href":"https:\/\/territoriosierraespuna.com\/en\/wp-json\/wp\/v2\/pages\/7660","targetHints":{"allow":["GET"]}}],"collection":[{"href":"https:\/\/territoriosierraespuna.com\/en\/wp-json\/wp\/v2\/pages"}],"about":[{"href":"https:\/\/territoriosierraespuna.com\/en\/wp-json\/wp\/v2\/types\/page"}],"author":[{"embeddable":true,"href":"https:\/\/territoriosierraespuna.com\/en\/wp-json\/wp\/v2\/users\/4"}],"replies":[{"embeddable":true,"href":"https:\/\/territoriosierraespuna.com\/en\/wp-json\/wp\/v2\/comments?post=7660"}],"version-history":[{"count":1,"href":"https:\/\/territoriosierraespuna.com\/en\/wp-json\/wp\/v2\/pages\/7660\/revisions"}],"predecessor-version":[{"id":7661,"href":"https:\/\/territoriosierraespuna.com\/en\/wp-json\/wp\/v2\/pages\/7660\/revisions\/7661"}],"wp:featuredmedia":[{"embeddable":true,"href":"https:\/\/territoriosierraespuna.com\/en\/wp-json\/wp\/v2\/media\/5911"}],"wp:attachment":[{"href":"https:\/\/territoriosierraespuna.com\/en\/wp-json\/wp\/v2\/media?parent=7660"}],"curies":[{"name":"wp","href":"https:\/\/api.w.org\/{rel}","templated":true}]}}