{"id":7645,"date":"2020-02-25T12:40:30","date_gmt":"2020-02-25T11:40:30","guid":{"rendered":"https:\/\/territoriosierraespuna.com\/?page_id=7645"},"modified":"2020-02-25T12:41:36","modified_gmt":"2020-02-25T11:41:36","slug":"sierra-espuna-regional-park","status":"publish","type":"page","link":"https:\/\/territoriosierraespuna.com\/en\/sierra-espuna-regional-park\/","title":{"rendered":"Sierra Espu\u00f1a Regional Park"},"content":{"rendered":"\n<p> Sierra Espu\u00f1a Regional Park is the backbone of six authentic municipalities: Aledo, Alhama de Murcia, Librilla, Mula, Pliego and Totana, and is the first ecotourism destination in the Region of Murcia, a territory which is working hard for a more sustainable\u00a0 and accessible tourism. <\/p>\n","protected":false},"excerpt":{"rendered":"Sierra Espu\u00f1a Regional Park is the backbone of six authentic municipalities: Aledo, Alhama de Murcia, Librilla, Mula, Pliego and Totana, and is the first ecotourism destination in the Region of Murcia, a territory which is working hard for a more sustainable\u00a0 and accessible tourism.","protected":false},"author":4,"featured_media":5722,"parent":0,"menu_order":2,"comment_status":"closed","ping_status":"closed","template":"templates\/page-tpl-n3.php","meta":{"_acf_changed":false,"footnotes":""},"class_list":["post-7645","page","type-page","status-publish","has-post-thumbnail","hentry"],"acf":[],"yoast_head":"<!-- This site is optimized with the Yoast SEO plugin v23.9 - https:\/\/yoast.com\/wordpress\/plugins\/seo\/ -->\n<title>Sierra Espu\u00f1a Regional Park - Territorio Sierra Espu\u00f1a<\/title>\n<meta name=\"robots\" content=\"index, follow, max-snippet:-1, max-image-preview:large, max-video-preview:-1\" \/>\n<link rel=\"canonical\" href=\"https:\/\/territoriosierraespuna.com\/en\/sierra-espuna-regional-park\/\" \/>\n<meta property=\"og:locale\" content=\"en_US\" \/>\n<meta property=\"og:type\" content=\"article\" \/>\n<meta property=\"og:title\" content=\"Sierra Espu\u00f1a Regional Park - Territorio Sierra Espu\u00f1a\" \/>\n<meta property=\"og:description\" content=\"Sierra Espu\u00f1a Regional Park is the backbone of six authentic municipalities: Aledo, Alhama de Murcia, Librilla, Mula, Pliego and Totana, and is the first ecotourism destination in the Region of Murcia, a territory which is working hard for a more sustainable\u00a0 and accessible tourism.\" \/>\n<meta property=\"og:url\" content=\"https:\/\/territoriosierraespuna.com\/en\/sierra-espuna-regional-park\/\" \/>\n<meta property=\"og:site_name\" content=\"Territorio Sierra Espu\u00f1a\" \/>\n<meta property=\"article:modified_time\" content=\"2020-02-25T11:41:36+00:00\" \/>\n<meta property=\"og:image\" content=\"https:\/\/territoriosierraespuna.com\/wp-content\/uploads\/2018\/02\/descubre-territorio-sierra-espuna.jpg\" \/>\n\t<meta property=\"og:image:width\" content=\"1139\" \/>\n\t<meta property=\"og:image:height\" content=\"320\" \/>\n\t<meta property=\"og:image:type\" content=\"image\/jpeg\" \/>\n<meta name=\"twitter:card\" content=\"summary_large_image\" \/>\n<script type=\"application\/ld+json\" class=\"yoast-schema-graph\">{\"@context\":\"https:\/\/schema.org\",\"@graph\":[{\"@type\":\"WebPage\",\"@id\":\"https:\/\/territoriosierraespuna.com\/en\/sierra-espuna-regional-park\/\",\"url\":\"https:\/\/territoriosierraespuna.com\/en\/sierra-espuna-regional-park\/\",\"name\":\"Sierra Espu\u00f1a Regional Park - Territorio Sierra Espu\u00f1a\",\"isPartOf\":{\"@id\":\"https:\/\/territoriosierraespuna.com\/#website\"},\"primaryImageOfPage\":{\"@id\":\"https:\/\/territoriosierraespuna.com\/en\/sierra-espuna-regional-park\/#primaryimage\"},\"image\":{\"@id\":\"https:\/\/territoriosierraespuna.com\/en\/sierra-espuna-regional-park\/#primaryimage\"},\"thumbnailUrl\":\"https:\/\/territoriosierraespuna.com\/wp-content\/uploads\/2018\/02\/descubre-territorio-sierra-espuna.jpg\",\"datePublished\":\"2020-02-25T11:40:30+00:00\",\"dateModified\":\"2020-02-25T11:41:36+00:00\",\"breadcrumb\":{\"@id\":\"https:\/\/territoriosierraespuna.com\/en\/sierra-espuna-regional-park\/#breadcrumb\"},\"inLanguage\":\"en-US\",\"potentialAction\":[{\"@type\":\"ReadAction\",\"target\":[\"https:\/\/territoriosierraespuna.com\/en\/sierra-espuna-regional-park\/\"]}]},{\"@type\":\"ImageObject\",\"inLanguage\":\"en-US\",\"@id\":\"https:\/\/territoriosierraespuna.com\/en\/sierra-espuna-regional-park\/#primaryimage\",\"url\":\"https:\/\/territoriosierraespuna.com\/wp-content\/uploads\/2018\/02\/descubre-territorio-sierra-espuna.jpg\",\"contentUrl\":\"https:\/\/territoriosierraespuna.com\/wp-content\/uploads\/2018\/02\/descubre-territorio-sierra-espuna.jpg\",\"width\":1139,\"height\":320},{\"@type\":\"BreadcrumbList\",\"@id\":\"https:\/\/territoriosierraespuna.com\/en\/sierra-espuna-regional-park\/#breadcrumb\",\"itemListElement\":[{\"@type\":\"ListItem\",\"position\":1,\"name\":\"Inicio\",\"item\":\"https:\/\/territoriosierraespuna.com\/en\/\"},{\"@type\":\"ListItem\",\"position\":2,\"name\":\"Sierra Espu\u00f1a Regional Park\"}]},{\"@type\":\"WebSite\",\"@id\":\"https:\/\/territoriosierraespuna.com\/#website\",\"url\":\"https:\/\/territoriosierraespuna.com\/\",\"name\":\"Territorio Sierra Espu\u00f1a\",\"description\":\"\",\"potentialAction\":[{\"@type\":\"SearchAction\",\"target\":{\"@type\":\"EntryPoint\",\"urlTemplate\":\"https:\/\/territoriosierraespuna.com\/?s={search_term_string}\"},\"query-input\":{\"@type\":\"PropertyValueSpecification\",\"valueRequired\":true,\"valueName\":\"search_term_string\"}}],\"inLanguage\":\"en-US\"}]}<\/script>\n<!-- \/ Yoast SEO plugin. -->","yoast_head_json":{"title":"Sierra Espu\u00f1a Regional Park - Territorio Sierra Espu\u00f1a","robots":{"index":"index","follow":"follow","max-snippet":"max-snippet:-1","max-image-preview":"max-image-preview:large","max-video-preview":"max-video-preview:-1"},"canonical":"https:\/\/territoriosierraespuna.com\/en\/sierra-espuna-regional-park\/","og_locale":"en_US","og_type":"article","og_title":"Sierra Espu\u00f1a Regional Park - Territorio Sierra Espu\u00f1a","og_description":"Sierra Espu\u00f1a Regional Park is the backbone of six authentic municipalities: Aledo, Alhama de Murcia, Librilla, Mula, Pliego and Totana, and is the first ecotourism destination in the Region of Murcia, a territory which is working hard for a more sustainable\u00a0 and accessible tourism.","og_url":"https:\/\/territoriosierraespuna.com\/en\/sierra-espuna-regional-park\/","og_site_name":"Territorio Sierra Espu\u00f1a","article_modified_time":"2020-02-25T11:41:36+00:00","og_image":[{"width":1139,"height":320,"url":"https:\/\/territoriosierraespuna.com\/wp-content\/uploads\/2018\/02\/descubre-territorio-sierra-espuna.jpg","type":"image\/jpeg"}],"twitter_card":"summary_large_image","schema":{"@context":"https:\/\/schema.org","@graph":[{"@type":"WebPage","@id":"https:\/\/territoriosierraespuna.com\/en\/sierra-espuna-regional-park\/","url":"https:\/\/territoriosierraespuna.com\/en\/sierra-espuna-regional-park\/","name":"Sierra Espu\u00f1a Regional Park - Territorio Sierra Espu\u00f1a","isPartOf":{"@id":"https:\/\/territoriosierraespuna.com\/#website"},"primaryImageOfPage":{"@id":"https:\/\/territoriosierraespuna.com\/en\/sierra-espuna-regional-park\/#primaryimage"},"image":{"@id":"https:\/\/territoriosierraespuna.com\/en\/sierra-espuna-regional-park\/#primaryimage"},"thumbnailUrl":"https:\/\/territoriosierraespuna.com\/wp-content\/uploads\/2018\/02\/descubre-territorio-sierra-espuna.jpg","datePublished":"2020-02-25T11:40:30+00:00","dateModified":"2020-02-25T11:41:36+00:00","breadcrumb":{"@id":"https:\/\/territoriosierraespuna.com\/en\/sierra-espuna-regional-park\/#breadcrumb"},"inLanguage":"en-US","potentialAction":[{"@type":"ReadAction","target":["https:\/\/territoriosierraespuna.com\/en\/sierra-espuna-regional-park\/"]}]},{"@type":"ImageObject","inLanguage":"en-US","@id":"https:\/\/territoriosierraespuna.com\/en\/sierra-espuna-regional-park\/#primaryimage","url":"https:\/\/territoriosierraespuna.com\/wp-content\/uploads\/2018\/02\/descubre-territorio-sierra-espuna.jpg","contentUrl":"https:\/\/territoriosierraespuna.com\/wp-content\/uploads\/2018\/02\/descubre-territorio-sierra-espuna.jpg","width":1139,"height":320},{"@type":"BreadcrumbList","@id":"https:\/\/territoriosierraespuna.com\/en\/sierra-espuna-regional-park\/#breadcrumb","itemListElement":[{"@type":"ListItem","position":1,"name":"Inicio","item":"https:\/\/territoriosierraespuna.com\/en\/"},{"@type":"ListItem","position":2,"name":"Sierra Espu\u00f1a Regional Park"}]},{"@type":"WebSite","@id":"https:\/\/territoriosierraespuna.com\/#website","url":"https:\/\/territoriosierraespuna.com\/","name":"Territorio Sierra Espu\u00f1a","description":"","potentialAction":[{"@type":"SearchAction","target":{"@type":"EntryPoint","urlTemplate":"https:\/\/territoriosierraespuna.com\/?s={search_term_string}"},"query-input":{"@type":"PropertyValueSpecification","valueRequired":true,"valueName":"search_term_string"}}],"inLanguage":"en-US"}]}},"_links":{"self":[{"href":"https:\/\/territoriosierraespuna.com\/en\/wp-json\/wp\/v2\/pages\/7645","targetHints":{"allow":["GET"]}}],"collection":[{"href":"https:\/\/territoriosierraespuna.com\/en\/wp-json\/wp\/v2\/pages"}],"about":[{"href":"https:\/\/territoriosierraespuna.com\/en\/wp-json\/wp\/v2\/types\/page"}],"author":[{"embeddable":true,"href":"https:\/\/territoriosierraespuna.com\/en\/wp-json\/wp\/v2\/users\/4"}],"replies":[{"embeddable":true,"href":"https:\/\/territoriosierraespuna.com\/en\/wp-json\/wp\/v2\/comments?post=7645"}],"version-history":[{"count":2,"href":"https:\/\/territoriosierraespuna.com\/en\/wp-json\/wp\/v2\/pages\/7645\/revisions"}],"predecessor-version":[{"id":7648,"href":"https:\/\/territoriosierraespuna.com\/en\/wp-json\/wp\/v2\/pages\/7645\/revisions\/7648"}],"wp:featuredmedia":[{"embeddable":true,"href":"https:\/\/territoriosierraespuna.com\/en\/wp-json\/wp\/v2\/media\/5722"}],"wp:attachment":[{"href":"https:\/\/territoriosierraespuna.com\/en\/wp-json\/wp\/v2\/media?parent=7645"}],"curies":[{"name":"wp","href":"https:\/\/api.w.org\/{rel}","templated":true}]}}