{"id":7643,"date":"2020-02-25T12:29:44","date_gmt":"2020-02-25T11:29:44","guid":{"rendered":"https:\/\/territoriosierraespuna.com\/?page_id=7643"},"modified":"2020-02-25T12:29:46","modified_gmt":"2020-02-25T11:29:46","slug":"the-commonwealth","status":"publish","type":"page","link":"https:\/\/territoriosierraespuna.com\/en\/the-commonwealth\/","title":{"rendered":"The Commonwealth"},"content":{"rendered":"\n<p> Mancomunidad de Servicios Tur\u00edsticos de Sierra Espu\u00f1a (Commonwealth of Tourist Services in Sierra Espu\u00f1a) has been paramount, together with the Regional park, since its setting up 15 years ago. It comprises the municipalities of Aledo, Librilla, Pliego, Mula, Totana and Alhama de Murcia. It counts on an extense territory which offers a wide array of proposals related to gastronomy, culture, museums, archaeology, festivals, hotels, rural houses and activities to show the visitor our area from different points of views. <\/p>\n\n\n\n<figure class=\"wp-block-image size-large\"><img loading=\"lazy\" decoding=\"async\" width=\"700\" height=\"397\" src=\"https:\/\/territoriosierraespuna.com\/wp-content\/uploads\/2019\/03\/logo-espu\u00f1a-700x397.jpg\" alt=\"\" class=\"wp-image-6200\" srcset=\"https:\/\/territoriosierraespuna.com\/wp-content\/uploads\/2019\/03\/logo-espu\u00f1a-700x397.jpg 700w, https:\/\/territoriosierraespuna.com\/wp-content\/uploads\/2019\/03\/logo-espu\u00f1a-250x142.jpg 250w, https:\/\/territoriosierraespuna.com\/wp-content\/uploads\/2019\/03\/logo-espu\u00f1a-768x436.jpg 768w, https:\/\/territoriosierraespuna.com\/wp-content\/uploads\/2019\/03\/logo-espu\u00f1a-120x68.jpg 120w, https:\/\/territoriosierraespuna.com\/wp-content\/uploads\/2019\/03\/logo-espu\u00f1a.jpg 835w\" sizes=\"auto, (max-width: 700px) 100vw, 700px\" \/><\/figure>\n","protected":false},"excerpt":{"rendered":"Mancomunidad de Servicios Tur\u00edsticos de Sierra Espu\u00f1a (Commonwealth of Tourist Services in Sierra Espu\u00f1a) has been paramount, together with the Regional park, since its setting up 15 years ago. It comprises the municipalities of Aledo, Librilla, Pliego, Mula, Totana and Alhama de Murcia. It counts on an extense territory which offers a wide array of&#8230; <a class=\"view-article\" href=\"https:\/\/territoriosierraespuna.com\/en\/the-commonwealth\/\"><i class=\"fa fa-plus\" aria-hidden=\"true\"><\/i> info<\/a>","protected":false},"author":4,"featured_media":5776,"parent":0,"menu_order":1,"comment_status":"closed","ping_status":"closed","template":"templates\/page-tpl-n3.php","meta":{"_acf_changed":false,"footnotes":""},"class_list":["post-7643","page","type-page","status-publish","has-post-thumbnail","hentry"],"acf":[],"yoast_head":"<!-- This site is optimized with the Yoast SEO plugin v23.9 - https:\/\/yoast.com\/wordpress\/plugins\/seo\/ -->\n<title>The Commonwealth - Territorio Sierra Espu\u00f1a<\/title>\n<meta name=\"robots\" content=\"index, follow, max-snippet:-1, max-image-preview:large, max-video-preview:-1\" \/>\n<link rel=\"canonical\" href=\"https:\/\/territoriosierraespuna.com\/en\/the-commonwealth\/\" \/>\n<meta property=\"og:locale\" content=\"en_US\" \/>\n<meta property=\"og:type\" content=\"article\" \/>\n<meta property=\"og:title\" content=\"The Commonwealth - Territorio Sierra Espu\u00f1a\" \/>\n<meta property=\"og:description\" content=\"Mancomunidad de Servicios Tur\u00edsticos de Sierra Espu\u00f1a (Commonwealth of Tourist Services in Sierra Espu\u00f1a) has been paramount, together with the Regional park, since its setting up 15 years ago. It comprises the municipalities of Aledo, Librilla, Pliego, Mula, Totana and Alhama de Murcia. It counts on an extense territory which offers a wide array of... info\" \/>\n<meta property=\"og:url\" content=\"https:\/\/territoriosierraespuna.com\/en\/the-commonwealth\/\" \/>\n<meta property=\"og:site_name\" content=\"Territorio Sierra Espu\u00f1a\" \/>\n<meta property=\"article:modified_time\" content=\"2020-02-25T11:29:46+00:00\" \/>\n<meta property=\"og:image\" content=\"https:\/\/territoriosierraespuna.com\/wp-content\/uploads\/2018\/02\/yacimientos-arqueologicos-ver-y-hacer-sierra-espuna.jpg\" \/>\n\t<meta property=\"og:image:width\" content=\"1139\" \/>\n\t<meta property=\"og:image:height\" content=\"320\" \/>\n\t<meta property=\"og:image:type\" content=\"image\/jpeg\" \/>\n<meta name=\"twitter:card\" content=\"summary_large_image\" \/>\n<script type=\"application\/ld+json\" class=\"yoast-schema-graph\">{\"@context\":\"https:\/\/schema.org\",\"@graph\":[{\"@type\":\"WebPage\",\"@id\":\"https:\/\/territoriosierraespuna.com\/en\/the-commonwealth\/\",\"url\":\"https:\/\/territoriosierraespuna.com\/en\/the-commonwealth\/\",\"name\":\"The Commonwealth - Territorio Sierra Espu\u00f1a\",\"isPartOf\":{\"@id\":\"https:\/\/territoriosierraespuna.com\/#website\"},\"primaryImageOfPage\":{\"@id\":\"https:\/\/territoriosierraespuna.com\/en\/the-commonwealth\/#primaryimage\"},\"image\":{\"@id\":\"https:\/\/territoriosierraespuna.com\/en\/the-commonwealth\/#primaryimage\"},\"thumbnailUrl\":\"https:\/\/territoriosierraespuna.com\/wp-content\/uploads\/2018\/02\/yacimientos-arqueologicos-ver-y-hacer-sierra-espuna.jpg\",\"datePublished\":\"2020-02-25T11:29:44+00:00\",\"dateModified\":\"2020-02-25T11:29:46+00:00\",\"breadcrumb\":{\"@id\":\"https:\/\/territoriosierraespuna.com\/en\/the-commonwealth\/#breadcrumb\"},\"inLanguage\":\"en-US\",\"potentialAction\":[{\"@type\":\"ReadAction\",\"target\":[\"https:\/\/territoriosierraespuna.com\/en\/the-commonwealth\/\"]}]},{\"@type\":\"ImageObject\",\"inLanguage\":\"en-US\",\"@id\":\"https:\/\/territoriosierraespuna.com\/en\/the-commonwealth\/#primaryimage\",\"url\":\"https:\/\/territoriosierraespuna.com\/wp-content\/uploads\/2018\/02\/yacimientos-arqueologicos-ver-y-hacer-sierra-espuna.jpg\",\"contentUrl\":\"https:\/\/territoriosierraespuna.com\/wp-content\/uploads\/2018\/02\/yacimientos-arqueologicos-ver-y-hacer-sierra-espuna.jpg\",\"width\":1139,\"height\":320},{\"@type\":\"BreadcrumbList\",\"@id\":\"https:\/\/territoriosierraespuna.com\/en\/the-commonwealth\/#breadcrumb\",\"itemListElement\":[{\"@type\":\"ListItem\",\"position\":1,\"name\":\"Inicio\",\"item\":\"https:\/\/territoriosierraespuna.com\/en\/\"},{\"@type\":\"ListItem\",\"position\":2,\"name\":\"The Commonwealth\"}]},{\"@type\":\"WebSite\",\"@id\":\"https:\/\/territoriosierraespuna.com\/#website\",\"url\":\"https:\/\/territoriosierraespuna.com\/\",\"name\":\"Territorio Sierra Espu\u00f1a\",\"description\":\"\",\"potentialAction\":[{\"@type\":\"SearchAction\",\"target\":{\"@type\":\"EntryPoint\",\"urlTemplate\":\"https:\/\/territoriosierraespuna.com\/?s={search_term_string}\"},\"query-input\":{\"@type\":\"PropertyValueSpecification\",\"valueRequired\":true,\"valueName\":\"search_term_string\"}}],\"inLanguage\":\"en-US\"}]}<\/script>\n<!-- \/ Yoast SEO plugin. -->","yoast_head_json":{"title":"The Commonwealth - Territorio Sierra Espu\u00f1a","robots":{"index":"index","follow":"follow","max-snippet":"max-snippet:-1","max-image-preview":"max-image-preview:large","max-video-preview":"max-video-preview:-1"},"canonical":"https:\/\/territoriosierraespuna.com\/en\/the-commonwealth\/","og_locale":"en_US","og_type":"article","og_title":"The Commonwealth - Territorio Sierra Espu\u00f1a","og_description":"Mancomunidad de Servicios Tur\u00edsticos de Sierra Espu\u00f1a (Commonwealth of Tourist Services in Sierra Espu\u00f1a) has been paramount, together with the Regional park, since its setting up 15 years ago. It comprises the municipalities of Aledo, Librilla, Pliego, Mula, Totana and Alhama de Murcia. It counts on an extense territory which offers a wide array of... info","og_url":"https:\/\/territoriosierraespuna.com\/en\/the-commonwealth\/","og_site_name":"Territorio Sierra Espu\u00f1a","article_modified_time":"2020-02-25T11:29:46+00:00","og_image":[{"width":1139,"height":320,"url":"https:\/\/territoriosierraespuna.com\/wp-content\/uploads\/2018\/02\/yacimientos-arqueologicos-ver-y-hacer-sierra-espuna.jpg","type":"image\/jpeg"}],"twitter_card":"summary_large_image","schema":{"@context":"https:\/\/schema.org","@graph":[{"@type":"WebPage","@id":"https:\/\/territoriosierraespuna.com\/en\/the-commonwealth\/","url":"https:\/\/territoriosierraespuna.com\/en\/the-commonwealth\/","name":"The Commonwealth - Territorio Sierra Espu\u00f1a","isPartOf":{"@id":"https:\/\/territoriosierraespuna.com\/#website"},"primaryImageOfPage":{"@id":"https:\/\/territoriosierraespuna.com\/en\/the-commonwealth\/#primaryimage"},"image":{"@id":"https:\/\/territoriosierraespuna.com\/en\/the-commonwealth\/#primaryimage"},"thumbnailUrl":"https:\/\/territoriosierraespuna.com\/wp-content\/uploads\/2018\/02\/yacimientos-arqueologicos-ver-y-hacer-sierra-espuna.jpg","datePublished":"2020-02-25T11:29:44+00:00","dateModified":"2020-02-25T11:29:46+00:00","breadcrumb":{"@id":"https:\/\/territoriosierraespuna.com\/en\/the-commonwealth\/#breadcrumb"},"inLanguage":"en-US","potentialAction":[{"@type":"ReadAction","target":["https:\/\/territoriosierraespuna.com\/en\/the-commonwealth\/"]}]},{"@type":"ImageObject","inLanguage":"en-US","@id":"https:\/\/territoriosierraespuna.com\/en\/the-commonwealth\/#primaryimage","url":"https:\/\/territoriosierraespuna.com\/wp-content\/uploads\/2018\/02\/yacimientos-arqueologicos-ver-y-hacer-sierra-espuna.jpg","contentUrl":"https:\/\/territoriosierraespuna.com\/wp-content\/uploads\/2018\/02\/yacimientos-arqueologicos-ver-y-hacer-sierra-espuna.jpg","width":1139,"height":320},{"@type":"BreadcrumbList","@id":"https:\/\/territoriosierraespuna.com\/en\/the-commonwealth\/#breadcrumb","itemListElement":[{"@type":"ListItem","position":1,"name":"Inicio","item":"https:\/\/territoriosierraespuna.com\/en\/"},{"@type":"ListItem","position":2,"name":"The Commonwealth"}]},{"@type":"WebSite","@id":"https:\/\/territoriosierraespuna.com\/#website","url":"https:\/\/territoriosierraespuna.com\/","name":"Territorio Sierra Espu\u00f1a","description":"","potentialAction":[{"@type":"SearchAction","target":{"@type":"EntryPoint","urlTemplate":"https:\/\/territoriosierraespuna.com\/?s={search_term_string}"},"query-input":{"@type":"PropertyValueSpecification","valueRequired":true,"valueName":"search_term_string"}}],"inLanguage":"en-US"}]}},"_links":{"self":[{"href":"https:\/\/territoriosierraespuna.com\/en\/wp-json\/wp\/v2\/pages\/7643","targetHints":{"allow":["GET"]}}],"collection":[{"href":"https:\/\/territoriosierraespuna.com\/en\/wp-json\/wp\/v2\/pages"}],"about":[{"href":"https:\/\/territoriosierraespuna.com\/en\/wp-json\/wp\/v2\/types\/page"}],"author":[{"embeddable":true,"href":"https:\/\/territoriosierraespuna.com\/en\/wp-json\/wp\/v2\/users\/4"}],"replies":[{"embeddable":true,"href":"https:\/\/territoriosierraespuna.com\/en\/wp-json\/wp\/v2\/comments?post=7643"}],"version-history":[{"count":1,"href":"https:\/\/territoriosierraespuna.com\/en\/wp-json\/wp\/v2\/pages\/7643\/revisions"}],"predecessor-version":[{"id":7644,"href":"https:\/\/territoriosierraespuna.com\/en\/wp-json\/wp\/v2\/pages\/7643\/revisions\/7644"}],"wp:featuredmedia":[{"embeddable":true,"href":"https:\/\/territoriosierraespuna.com\/en\/wp-json\/wp\/v2\/media\/5776"}],"wp:attachment":[{"href":"https:\/\/territoriosierraespuna.com\/en\/wp-json\/wp\/v2\/media?parent=7643"}],"curies":[{"name":"wp","href":"https:\/\/api.w.org\/{rel}","templated":true}]}}