{"id":7619,"date":"2020-02-24T14:41:23","date_gmt":"2020-02-24T13:41:23","guid":{"rendered":"https:\/\/territoriosierraespuna.com\/?page_id=7619"},"modified":"2020-02-24T14:44:08","modified_gmt":"2020-02-24T13:44:08","slug":"certified-companies","status":"publish","type":"page","link":"https:\/\/territoriosierraespuna.com\/en\/professional\/sicted\/certified-companies\/","title":{"rendered":"Certified companies"},"content":{"rendered":"\n<ul class=\"wp-block-list\"><li>Camping Sierra Espu\u00f1a&nbsp;<\/li><li>Hospeder\u00eda Bajo el Cejo<\/li><li>Hospeder\u00eda Rural Casas Nuevas<\/li><li>Museo Arqueolog\u00eda Los Ba\u00f1os de Alhama de Murcia<\/li><li>Oficina de Turismo de Alhama de Murcia<\/li><li>Oficina de Turismo de Totana<\/li><li>Parque Regional de Sierra Espu\u00f1a<\/li><li>Taxi Ricardo Torel Pedrero<\/li><\/ul>\n","protected":false},"excerpt":{"rendered":"Camping Sierra Espu\u00f1a&nbsp; Hospeder\u00eda Bajo el Cejo Hospeder\u00eda Rural Casas Nuevas Museo Arqueolog\u00eda Los Ba\u00f1os de Alhama de Murcia Oficina de Turismo de Alhama de Murcia Oficina de Turismo de Totana Parque Regional de Sierra Espu\u00f1a Taxi Ricardo Torel Pedrero","protected":false},"author":4,"featured_media":5744,"parent":7601,"menu_order":4,"comment_status":"closed","ping_status":"closed","template":"templates\/page-tpl-n3.php","meta":{"_acf_changed":false,"footnotes":""},"class_list":["post-7619","page","type-page","status-publish","has-post-thumbnail","hentry"],"acf":[],"yoast_head":"<!-- This site is optimized with the Yoast SEO plugin v23.9 - https:\/\/yoast.com\/wordpress\/plugins\/seo\/ -->\n<title>Certified companies - Territorio Sierra Espu\u00f1a<\/title>\n<meta name=\"robots\" content=\"index, follow, max-snippet:-1, max-image-preview:large, max-video-preview:-1\" \/>\n<link rel=\"canonical\" href=\"https:\/\/territoriosierraespuna.com\/en\/professional\/sicted\/certified-companies\/\" \/>\n<meta property=\"og:locale\" content=\"en_US\" \/>\n<meta property=\"og:type\" content=\"article\" \/>\n<meta property=\"og:title\" content=\"Certified companies - Territorio Sierra Espu\u00f1a\" \/>\n<meta property=\"og:description\" content=\"Camping Sierra Espu\u00f1a&nbsp; Hospeder\u00eda Bajo el Cejo Hospeder\u00eda Rural Casas Nuevas Museo Arqueolog\u00eda Los Ba\u00f1os de Alhama de Murcia Oficina de Turismo de Alhama de Murcia Oficina de Turismo de Totana Parque Regional de Sierra Espu\u00f1a Taxi Ricardo Torel Pedrero\" \/>\n<meta property=\"og:url\" content=\"https:\/\/territoriosierraespuna.com\/en\/professional\/sicted\/certified-companies\/\" \/>\n<meta property=\"og:site_name\" content=\"Territorio Sierra Espu\u00f1a\" \/>\n<meta property=\"article:modified_time\" content=\"2020-02-24T13:44:08+00:00\" \/>\n<meta property=\"og:image\" content=\"https:\/\/territoriosierraespuna.com\/wp-content\/uploads\/2018\/02\/2-portada.jpg\" \/>\n\t<meta property=\"og:image:width\" content=\"1139\" \/>\n\t<meta property=\"og:image:height\" content=\"320\" \/>\n\t<meta property=\"og:image:type\" content=\"image\/jpeg\" \/>\n<meta name=\"twitter:card\" content=\"summary_large_image\" \/>\n<script type=\"application\/ld+json\" class=\"yoast-schema-graph\">{\"@context\":\"https:\/\/schema.org\",\"@graph\":[{\"@type\":\"WebPage\",\"@id\":\"https:\/\/territoriosierraespuna.com\/en\/professional\/sicted\/certified-companies\/\",\"url\":\"https:\/\/territoriosierraespuna.com\/en\/professional\/sicted\/certified-companies\/\",\"name\":\"Certified companies - Territorio Sierra Espu\u00f1a\",\"isPartOf\":{\"@id\":\"https:\/\/territoriosierraespuna.com\/#website\"},\"primaryImageOfPage\":{\"@id\":\"https:\/\/territoriosierraespuna.com\/en\/professional\/sicted\/certified-companies\/#primaryimage\"},\"image\":{\"@id\":\"https:\/\/territoriosierraespuna.com\/en\/professional\/sicted\/certified-companies\/#primaryimage\"},\"thumbnailUrl\":\"https:\/\/territoriosierraespuna.com\/wp-content\/uploads\/2018\/02\/2-portada.jpg\",\"datePublished\":\"2020-02-24T13:41:23+00:00\",\"dateModified\":\"2020-02-24T13:44:08+00:00\",\"breadcrumb\":{\"@id\":\"https:\/\/territoriosierraespuna.com\/en\/professional\/sicted\/certified-companies\/#breadcrumb\"},\"inLanguage\":\"en-US\",\"potentialAction\":[{\"@type\":\"ReadAction\",\"target\":[\"https:\/\/territoriosierraespuna.com\/en\/professional\/sicted\/certified-companies\/\"]}]},{\"@type\":\"ImageObject\",\"inLanguage\":\"en-US\",\"@id\":\"https:\/\/territoriosierraespuna.com\/en\/professional\/sicted\/certified-companies\/#primaryimage\",\"url\":\"https:\/\/territoriosierraespuna.com\/wp-content\/uploads\/2018\/02\/2-portada.jpg\",\"contentUrl\":\"https:\/\/territoriosierraespuna.com\/wp-content\/uploads\/2018\/02\/2-portada.jpg\",\"width\":1139,\"height\":320},{\"@type\":\"BreadcrumbList\",\"@id\":\"https:\/\/territoriosierraespuna.com\/en\/professional\/sicted\/certified-companies\/#breadcrumb\",\"itemListElement\":[{\"@type\":\"ListItem\",\"position\":1,\"name\":\"Inicio\",\"item\":\"https:\/\/territoriosierraespuna.com\/en\/\"},{\"@type\":\"ListItem\",\"position\":2,\"name\":\"Profesional\",\"item\":\"https:\/\/territoriosierraespuna.com\/en\/professional\/\"},{\"@type\":\"ListItem\",\"position\":3,\"name\":\"SICTED\",\"item\":\"https:\/\/territoriosierraespuna.com\/en\/professional\/sicted\/\"},{\"@type\":\"ListItem\",\"position\":4,\"name\":\"Certified companies\"}]},{\"@type\":\"WebSite\",\"@id\":\"https:\/\/territoriosierraespuna.com\/#website\",\"url\":\"https:\/\/territoriosierraespuna.com\/\",\"name\":\"Territorio Sierra Espu\u00f1a\",\"description\":\"\",\"potentialAction\":[{\"@type\":\"SearchAction\",\"target\":{\"@type\":\"EntryPoint\",\"urlTemplate\":\"https:\/\/territoriosierraespuna.com\/?s={search_term_string}\"},\"query-input\":{\"@type\":\"PropertyValueSpecification\",\"valueRequired\":true,\"valueName\":\"search_term_string\"}}],\"inLanguage\":\"en-US\"}]}<\/script>\n<!-- \/ Yoast SEO plugin. -->","yoast_head_json":{"title":"Certified companies - Territorio Sierra Espu\u00f1a","robots":{"index":"index","follow":"follow","max-snippet":"max-snippet:-1","max-image-preview":"max-image-preview:large","max-video-preview":"max-video-preview:-1"},"canonical":"https:\/\/territoriosierraespuna.com\/en\/professional\/sicted\/certified-companies\/","og_locale":"en_US","og_type":"article","og_title":"Certified companies - Territorio Sierra Espu\u00f1a","og_description":"Camping Sierra Espu\u00f1a&nbsp; Hospeder\u00eda Bajo el Cejo Hospeder\u00eda Rural Casas Nuevas Museo Arqueolog\u00eda Los Ba\u00f1os de Alhama de Murcia Oficina de Turismo de Alhama de Murcia Oficina de Turismo de Totana Parque Regional de Sierra Espu\u00f1a Taxi Ricardo Torel Pedrero","og_url":"https:\/\/territoriosierraespuna.com\/en\/professional\/sicted\/certified-companies\/","og_site_name":"Territorio Sierra Espu\u00f1a","article_modified_time":"2020-02-24T13:44:08+00:00","og_image":[{"width":1139,"height":320,"url":"https:\/\/territoriosierraespuna.com\/wp-content\/uploads\/2018\/02\/2-portada.jpg","type":"image\/jpeg"}],"twitter_card":"summary_large_image","schema":{"@context":"https:\/\/schema.org","@graph":[{"@type":"WebPage","@id":"https:\/\/territoriosierraespuna.com\/en\/professional\/sicted\/certified-companies\/","url":"https:\/\/territoriosierraespuna.com\/en\/professional\/sicted\/certified-companies\/","name":"Certified companies - Territorio Sierra Espu\u00f1a","isPartOf":{"@id":"https:\/\/territoriosierraespuna.com\/#website"},"primaryImageOfPage":{"@id":"https:\/\/territoriosierraespuna.com\/en\/professional\/sicted\/certified-companies\/#primaryimage"},"image":{"@id":"https:\/\/territoriosierraespuna.com\/en\/professional\/sicted\/certified-companies\/#primaryimage"},"thumbnailUrl":"https:\/\/territoriosierraespuna.com\/wp-content\/uploads\/2018\/02\/2-portada.jpg","datePublished":"2020-02-24T13:41:23+00:00","dateModified":"2020-02-24T13:44:08+00:00","breadcrumb":{"@id":"https:\/\/territoriosierraespuna.com\/en\/professional\/sicted\/certified-companies\/#breadcrumb"},"inLanguage":"en-US","potentialAction":[{"@type":"ReadAction","target":["https:\/\/territoriosierraespuna.com\/en\/professional\/sicted\/certified-companies\/"]}]},{"@type":"ImageObject","inLanguage":"en-US","@id":"https:\/\/territoriosierraespuna.com\/en\/professional\/sicted\/certified-companies\/#primaryimage","url":"https:\/\/territoriosierraespuna.com\/wp-content\/uploads\/2018\/02\/2-portada.jpg","contentUrl":"https:\/\/territoriosierraespuna.com\/wp-content\/uploads\/2018\/02\/2-portada.jpg","width":1139,"height":320},{"@type":"BreadcrumbList","@id":"https:\/\/territoriosierraespuna.com\/en\/professional\/sicted\/certified-companies\/#breadcrumb","itemListElement":[{"@type":"ListItem","position":1,"name":"Inicio","item":"https:\/\/territoriosierraespuna.com\/en\/"},{"@type":"ListItem","position":2,"name":"Profesional","item":"https:\/\/territoriosierraespuna.com\/en\/professional\/"},{"@type":"ListItem","position":3,"name":"SICTED","item":"https:\/\/territoriosierraespuna.com\/en\/professional\/sicted\/"},{"@type":"ListItem","position":4,"name":"Certified companies"}]},{"@type":"WebSite","@id":"https:\/\/territoriosierraespuna.com\/#website","url":"https:\/\/territoriosierraespuna.com\/","name":"Territorio Sierra Espu\u00f1a","description":"","potentialAction":[{"@type":"SearchAction","target":{"@type":"EntryPoint","urlTemplate":"https:\/\/territoriosierraespuna.com\/?s={search_term_string}"},"query-input":{"@type":"PropertyValueSpecification","valueRequired":true,"valueName":"search_term_string"}}],"inLanguage":"en-US"}]}},"_links":{"self":[{"href":"https:\/\/territoriosierraespuna.com\/en\/wp-json\/wp\/v2\/pages\/7619","targetHints":{"allow":["GET"]}}],"collection":[{"href":"https:\/\/territoriosierraespuna.com\/en\/wp-json\/wp\/v2\/pages"}],"about":[{"href":"https:\/\/territoriosierraespuna.com\/en\/wp-json\/wp\/v2\/types\/page"}],"author":[{"embeddable":true,"href":"https:\/\/territoriosierraespuna.com\/en\/wp-json\/wp\/v2\/users\/4"}],"replies":[{"embeddable":true,"href":"https:\/\/territoriosierraespuna.com\/en\/wp-json\/wp\/v2\/comments?post=7619"}],"version-history":[{"count":1,"href":"https:\/\/territoriosierraespuna.com\/en\/wp-json\/wp\/v2\/pages\/7619\/revisions"}],"predecessor-version":[{"id":7620,"href":"https:\/\/territoriosierraespuna.com\/en\/wp-json\/wp\/v2\/pages\/7619\/revisions\/7620"}],"up":[{"embeddable":true,"href":"https:\/\/territoriosierraespuna.com\/en\/wp-json\/wp\/v2\/pages\/7601"}],"wp:featuredmedia":[{"embeddable":true,"href":"https:\/\/territoriosierraespuna.com\/en\/wp-json\/wp\/v2\/media\/5744"}],"wp:attachment":[{"href":"https:\/\/territoriosierraespuna.com\/en\/wp-json\/wp\/v2\/media?parent=7619"}],"curies":[{"name":"wp","href":"https:\/\/api.w.org\/{rel}","templated":true}]}}