{"id":7601,"date":"2020-02-24T10:07:11","date_gmt":"2020-02-24T09:07:11","guid":{"rendered":"https:\/\/territoriosierraespuna.com\/?page_id=7601"},"modified":"2023-04-04T14:16:45","modified_gmt":"2023-04-04T12:16:45","slug":"sicted","status":"publish","type":"page","link":"https:\/\/territoriosierraespuna.com\/en\/professional\/sicted\/","title":{"rendered":"SICTED"},"content":{"rendered":"\n<p> Sistema Integral de calidad Tur\u00edstica Espa\u00f1ola en Destinos (Integral Quality System in Spanish Destinations) is a project aiming at improving tourist destinations promoted by the Secretary of State for Tourism and supported by the Spanish Federation of Municipalities and Provinces (FEMP). It works along with companies within the tourist sector, up to 33 different subsectors, with a view to enhancing the tourist\u00b4s experience and satisfaction. <\/p>\n\n\n\n<p>In the Sierra Espu\u00f1a Territory we have the following companies distinguished with the Integral Quality System in Spanish Destinations, which we recommend:<\/p>\n\n\n\n<ul class=\"wp-block-list\">\n<li><a href=\"https:\/\/www.murciaturistica.es\/es\/tienda_especializada\/-atrio-s.coop-5710\/\"><strong>Atrio Sociedad Cooperativa<\/strong><\/a><\/li>\n\n\n\n<li><a href=\"https:\/\/campingsierraespuna.com\/)\"><strong>Camping Sierra Espu\u00f1a<\/strong><\/a><\/li>\n\n\n\n<li><a href=\"https:\/\/www.facebook.com\/people\/Carolina-GM-Guia-de-turismo\/100067329582016\/\"><strong>Carolina Guti\u00e9rrez Mart\u00ednez (gu\u00eda oficial)<\/strong><\/a><\/li>\n\n\n\n<li><a href=\"https:\/\/bajoelcejo.com\/\"><strong>Hospeder\u00eda Bajo El Cejo<\/strong><\/a><\/li>\n\n\n\n<li><a href=\"https:\/\/hospederiacasasnuevas.com\/\"><strong>Hospeder\u00eda Rural Casas Nuevas<\/strong><\/a><\/li>\n\n\n\n<li><a href=\"https:\/\/cafeterialasantabymartin.es\/\"><strong>La Santa Caf\u00e9 By Martin\u00b4s<\/strong><\/a><\/li>\n\n\n\n<li><a href=\"https:\/\/www.museoalhamademurcia.es\/\"><strong>Museo Arqueol\u00f3gico Los Ba\u00f1os de Alhama<\/strong><\/a><\/li>\n\n\n\n<li><a href=\"https:\/\/turismo.alhamademurcia.es\/oficina-turismo.asp\"><strong>Oficina de Turismo Alhama de Murcia<\/strong><\/a><\/li>\n\n\n\n<li><a href=\"https:\/\/turismodemula.es\/\"><strong>Oficina de Turismo de Mula<\/strong><\/a><\/li>\n\n\n\n<li><a href=\"http:\/\/turismo.totana.es\/\"><strong>Oficina de Turismo de Totana<\/strong><\/a><\/li>\n\n\n\n<li><a href=\"https:\/\/murcianatural.carm.es\/web\/guest\"><strong>Parque Regional de Sierra Espu\u00f1a<\/strong><\/a><\/li>\n\n\n\n<li><a href=\"https:\/\/es-es.facebook.com\/PasteleriaElSerenoTotana\/\"><strong>Pasteler\u00eda El Sereno<\/strong><\/a><\/li>\n\n\n\n<li><a href=\"https:\/\/www.apartamentoslabastida.es\/)\"><strong>Apartamentos Tur\u00edsticos La Bastida<\/strong><\/a><\/li>\n\n\n\n<li><a href=\"https:\/\/cafeteria-bogart.negocio.site\/)\"><strong>Cafeter\u00eda Bogart<\/strong><\/a><\/li>\n\n\n\n<li><a href=\"http:\/\/casadelser.es\/\"><strong>Casa del Ser<\/strong><\/a><\/li>\n\n\n\n<li><a href=\"https:\/\/lacasadeloscoy.com\/\"><strong>La Casa de Los Coy<\/strong><\/a><\/li>\n\n\n\n<li><a href=\"https:\/\/www.google.com\/maps\/place\/El+Sereno\/@37.7695856,-1.5017442,3a,75y,90t\/data=!3m8!1e2!3m6!1sAF1QipN3QnaNqsV_F0nma6PRzZ364NbILD7kYsUvyQnW!2e10!3e12!6shttps:%2F%2Flh5.googleusercontent.com%2Fp%2FAF1QipN3QnaNqsV_F0nma6PRzZ364NbILD7kYsUvyQnW%3Dw203-h114-k-no!7i1600!8i900!4m5!3m4!1s0xd6492e9dd1aebff:0xb8f9fa456e3a0ba3!8m2!3d37.769614!4d-1.5017146\"><strong>Cafeter\u00eda El Sereno<\/strong><\/a><\/li>\n\n\n\n<li><a href=\"https:\/\/balnearioelpozo.es\/\"><strong>Restaurante Thermae El Pozo<\/strong><\/a><\/li>\n\n\n\n<li><a href=\"https:\/\/www.turismowala.es\/es\/mi-cuenta.html\"><strong>Wala\/ Entretierras<\/strong><\/a><\/li>\n<\/ul>\n\n\n\n<p>At the moment there are 3 services attached to the system that are working to distinguish themselves with the Integral Quality System in Spanish Destinations:<\/p>\n\n\n\n<ul class=\"wp-block-list\">\n<li><a href=\"https:\/\/www.parajelaventa.com\/\"><strong>Casa Rural Paraje La Venta<\/strong><\/a><\/li>\n\n\n\n<li><a href=\"https:\/\/es-es.facebook.com\/pages\/category\/Bakery\/Panaderia-Valiente-292254554897907\/\"><strong>Panader\u00eda Valiente<\/strong><\/a><\/li>\n\n\n\n<li><a href=\"https:\/\/www.econoe.es\/\"><strong>EcoNoe<\/strong><\/a><\/li>\n<\/ul>\n","protected":false},"excerpt":{"rendered":"Sistema Integral de calidad Tur\u00edstica Espa\u00f1ola en Destinos (Integral Quality System in Spanish Destinations) is a project aiming at improving tourist destinations promoted by the Secretary of State for Tourism and supported by the Spanish Federation of Municipalities and Provinces (FEMP). It works along with companies within the tourist sector, up to 33 different subsectors,&#8230; <a class=\"view-article\" href=\"https:\/\/territoriosierraespuna.com\/en\/professional\/sicted\/\"><i class=\"fa fa-plus\" aria-hidden=\"true\"><\/i> info<\/a>","protected":false},"author":4,"featured_media":0,"parent":7568,"menu_order":2,"comment_status":"closed","ping_status":"closed","template":"templates\/page-tpl-n2.php","meta":{"_acf_changed":false,"footnotes":""},"class_list":["post-7601","page","type-page","status-publish","hentry"],"acf":[],"yoast_head":"<!-- This site is optimized with the Yoast SEO plugin v23.9 - https:\/\/yoast.com\/wordpress\/plugins\/seo\/ -->\n<title>SICTED - Territorio Sierra Espu\u00f1a<\/title>\n<meta name=\"robots\" content=\"index, follow, max-snippet:-1, max-image-preview:large, max-video-preview:-1\" \/>\n<link rel=\"canonical\" href=\"https:\/\/territoriosierraespuna.com\/en\/professional\/sicted\/\" \/>\n<meta property=\"og:locale\" content=\"en_US\" \/>\n<meta property=\"og:type\" content=\"article\" \/>\n<meta property=\"og:title\" content=\"SICTED - Territorio Sierra Espu\u00f1a\" \/>\n<meta property=\"og:description\" content=\"Sistema Integral de calidad Tur\u00edstica Espa\u00f1ola en Destinos (Integral Quality System in Spanish Destinations) is a project aiming at improving tourist destinations promoted by the Secretary of State for Tourism and supported by the Spanish Federation of Municipalities and Provinces (FEMP). It works along with companies within the tourist sector, up to 33 different subsectors,... info\" \/>\n<meta property=\"og:url\" content=\"https:\/\/territoriosierraespuna.com\/en\/professional\/sicted\/\" \/>\n<meta property=\"og:site_name\" content=\"Territorio Sierra Espu\u00f1a\" \/>\n<meta property=\"article:modified_time\" content=\"2023-04-04T12:16:45+00:00\" \/>\n<meta name=\"twitter:card\" content=\"summary_large_image\" \/>\n<meta name=\"twitter:label1\" content=\"Est. reading time\" \/>\n\t<meta name=\"twitter:data1\" content=\"1 minute\" \/>\n<script type=\"application\/ld+json\" class=\"yoast-schema-graph\">{\"@context\":\"https:\/\/schema.org\",\"@graph\":[{\"@type\":\"WebPage\",\"@id\":\"https:\/\/territoriosierraespuna.com\/en\/professional\/sicted\/\",\"url\":\"https:\/\/territoriosierraespuna.com\/en\/professional\/sicted\/\",\"name\":\"SICTED - Territorio Sierra Espu\u00f1a\",\"isPartOf\":{\"@id\":\"https:\/\/territoriosierraespuna.com\/#website\"},\"datePublished\":\"2020-02-24T09:07:11+00:00\",\"dateModified\":\"2023-04-04T12:16:45+00:00\",\"breadcrumb\":{\"@id\":\"https:\/\/territoriosierraespuna.com\/en\/professional\/sicted\/#breadcrumb\"},\"inLanguage\":\"en-US\",\"potentialAction\":[{\"@type\":\"ReadAction\",\"target\":[\"https:\/\/territoriosierraespuna.com\/en\/professional\/sicted\/\"]}]},{\"@type\":\"BreadcrumbList\",\"@id\":\"https:\/\/territoriosierraespuna.com\/en\/professional\/sicted\/#breadcrumb\",\"itemListElement\":[{\"@type\":\"ListItem\",\"position\":1,\"name\":\"Inicio\",\"item\":\"https:\/\/territoriosierraespuna.com\/en\/\"},{\"@type\":\"ListItem\",\"position\":2,\"name\":\"Profesional\",\"item\":\"https:\/\/territoriosierraespuna.com\/en\/professional\/\"},{\"@type\":\"ListItem\",\"position\":3,\"name\":\"SICTED\"}]},{\"@type\":\"WebSite\",\"@id\":\"https:\/\/territoriosierraespuna.com\/#website\",\"url\":\"https:\/\/territoriosierraespuna.com\/\",\"name\":\"Territorio Sierra Espu\u00f1a\",\"description\":\"\",\"potentialAction\":[{\"@type\":\"SearchAction\",\"target\":{\"@type\":\"EntryPoint\",\"urlTemplate\":\"https:\/\/territoriosierraespuna.com\/?s={search_term_string}\"},\"query-input\":{\"@type\":\"PropertyValueSpecification\",\"valueRequired\":true,\"valueName\":\"search_term_string\"}}],\"inLanguage\":\"en-US\"}]}<\/script>\n<!-- \/ Yoast SEO plugin. -->","yoast_head_json":{"title":"SICTED - Territorio Sierra Espu\u00f1a","robots":{"index":"index","follow":"follow","max-snippet":"max-snippet:-1","max-image-preview":"max-image-preview:large","max-video-preview":"max-video-preview:-1"},"canonical":"https:\/\/territoriosierraespuna.com\/en\/professional\/sicted\/","og_locale":"en_US","og_type":"article","og_title":"SICTED - Territorio Sierra Espu\u00f1a","og_description":"Sistema Integral de calidad Tur\u00edstica Espa\u00f1ola en Destinos (Integral Quality System in Spanish Destinations) is a project aiming at improving tourist destinations promoted by the Secretary of State for Tourism and supported by the Spanish Federation of Municipalities and Provinces (FEMP). It works along with companies within the tourist sector, up to 33 different subsectors,... info","og_url":"https:\/\/territoriosierraespuna.com\/en\/professional\/sicted\/","og_site_name":"Territorio Sierra Espu\u00f1a","article_modified_time":"2023-04-04T12:16:45+00:00","twitter_card":"summary_large_image","twitter_misc":{"Est. reading time":"1 minute"},"schema":{"@context":"https:\/\/schema.org","@graph":[{"@type":"WebPage","@id":"https:\/\/territoriosierraespuna.com\/en\/professional\/sicted\/","url":"https:\/\/territoriosierraespuna.com\/en\/professional\/sicted\/","name":"SICTED - Territorio Sierra Espu\u00f1a","isPartOf":{"@id":"https:\/\/territoriosierraespuna.com\/#website"},"datePublished":"2020-02-24T09:07:11+00:00","dateModified":"2023-04-04T12:16:45+00:00","breadcrumb":{"@id":"https:\/\/territoriosierraespuna.com\/en\/professional\/sicted\/#breadcrumb"},"inLanguage":"en-US","potentialAction":[{"@type":"ReadAction","target":["https:\/\/territoriosierraespuna.com\/en\/professional\/sicted\/"]}]},{"@type":"BreadcrumbList","@id":"https:\/\/territoriosierraespuna.com\/en\/professional\/sicted\/#breadcrumb","itemListElement":[{"@type":"ListItem","position":1,"name":"Inicio","item":"https:\/\/territoriosierraespuna.com\/en\/"},{"@type":"ListItem","position":2,"name":"Profesional","item":"https:\/\/territoriosierraespuna.com\/en\/professional\/"},{"@type":"ListItem","position":3,"name":"SICTED"}]},{"@type":"WebSite","@id":"https:\/\/territoriosierraespuna.com\/#website","url":"https:\/\/territoriosierraespuna.com\/","name":"Territorio Sierra Espu\u00f1a","description":"","potentialAction":[{"@type":"SearchAction","target":{"@type":"EntryPoint","urlTemplate":"https:\/\/territoriosierraespuna.com\/?s={search_term_string}"},"query-input":{"@type":"PropertyValueSpecification","valueRequired":true,"valueName":"search_term_string"}}],"inLanguage":"en-US"}]}},"_links":{"self":[{"href":"https:\/\/territoriosierraespuna.com\/en\/wp-json\/wp\/v2\/pages\/7601","targetHints":{"allow":["GET"]}}],"collection":[{"href":"https:\/\/territoriosierraespuna.com\/en\/wp-json\/wp\/v2\/pages"}],"about":[{"href":"https:\/\/territoriosierraespuna.com\/en\/wp-json\/wp\/v2\/types\/page"}],"author":[{"embeddable":true,"href":"https:\/\/territoriosierraespuna.com\/en\/wp-json\/wp\/v2\/users\/4"}],"replies":[{"embeddable":true,"href":"https:\/\/territoriosierraespuna.com\/en\/wp-json\/wp\/v2\/comments?post=7601"}],"version-history":[{"count":3,"href":"https:\/\/territoriosierraespuna.com\/en\/wp-json\/wp\/v2\/pages\/7601\/revisions"}],"predecessor-version":[{"id":11527,"href":"https:\/\/territoriosierraespuna.com\/en\/wp-json\/wp\/v2\/pages\/7601\/revisions\/11527"}],"up":[{"embeddable":true,"href":"https:\/\/territoriosierraespuna.com\/en\/wp-json\/wp\/v2\/pages\/7568"}],"wp:attachment":[{"href":"https:\/\/territoriosierraespuna.com\/en\/wp-json\/wp\/v2\/media?parent=7601"}],"curies":[{"name":"wp","href":"https:\/\/api.w.org\/{rel}","templated":true}]}}