{"id":7575,"date":"2020-02-19T13:26:15","date_gmt":"2020-02-19T12:26:15","guid":{"rendered":"https:\/\/territoriosierraespuna.com\/?page_id=7575"},"modified":"2020-02-19T13:26:17","modified_gmt":"2020-02-19T12:26:17","slug":"requirements","status":"publish","type":"page","link":"https:\/\/territoriosierraespuna.com\/en\/professional\/trademark\/requirements\/","title":{"rendered":"Requirements"},"content":{"rendered":"\n<p> Products and services within the territorial scope of Mancomunidad Tur\u00edstica de Sierra espu\u00f1a (Sierra Espu\u00f1a Tourist Commonwealth) which might be entitled to obtain and use `Territorio Sierra Espu\u00f1a\u00b4 Trademark are those listed in given registers or holding of any of the established quality systems. There is no doubt that any of the six municipalities comprising Mancomunidad Tur\u00edstica de Sierra Espu\u00f1a must be where such products are from, have been made or transformed. <\/p>\n","protected":false},"excerpt":{"rendered":"Products and services within the territorial scope of Mancomunidad Tur\u00edstica de Sierra espu\u00f1a (Sierra Espu\u00f1a Tourist Commonwealth) which might be entitled to obtain and use `Territorio Sierra Espu\u00f1a\u00b4 Trademark are those listed in given registers or holding of any of the established quality systems. There is no doubt that any of the six municipalities comprising&#8230; <a class=\"view-article\" href=\"https:\/\/territoriosierraespuna.com\/en\/professional\/trademark\/requirements\/\"><i class=\"fa fa-plus\" aria-hidden=\"true\"><\/i> info<\/a>","protected":false},"author":4,"featured_media":0,"parent":7571,"menu_order":2,"comment_status":"closed","ping_status":"closed","template":"templates\/page-tpl-n3.php","meta":{"_acf_changed":false,"footnotes":""},"class_list":["post-7575","page","type-page","status-publish","hentry"],"acf":[],"yoast_head":"<!-- This site is optimized with the Yoast SEO plugin v23.9 - https:\/\/yoast.com\/wordpress\/plugins\/seo\/ -->\n<title>Requirements - Territorio Sierra Espu\u00f1a<\/title>\n<meta name=\"robots\" content=\"index, follow, max-snippet:-1, max-image-preview:large, max-video-preview:-1\" \/>\n<link rel=\"canonical\" href=\"https:\/\/territoriosierraespuna.com\/profesional\/marca\/requisitos\/\" \/>\n<meta property=\"og:locale\" content=\"en_US\" \/>\n<meta property=\"og:type\" content=\"article\" \/>\n<meta property=\"og:title\" content=\"Requirements - Territorio Sierra Espu\u00f1a\" \/>\n<meta property=\"og:description\" content=\"Products and services within the territorial scope of Mancomunidad Tur\u00edstica de Sierra espu\u00f1a (Sierra Espu\u00f1a Tourist Commonwealth) which might be entitled to obtain and use `Territorio Sierra Espu\u00f1a\u00b4 Trademark are those listed in given registers or holding of any of the established quality systems. There is no doubt that any of the six municipalities comprising... info\" \/>\n<meta property=\"og:url\" content=\"https:\/\/territoriosierraespuna.com\/profesional\/marca\/requisitos\/\" \/>\n<meta property=\"og:site_name\" content=\"Territorio Sierra Espu\u00f1a\" \/>\n<meta property=\"article:modified_time\" content=\"2020-02-19T12:26:17+00:00\" \/>\n<meta name=\"twitter:card\" content=\"summary_large_image\" \/>\n<script type=\"application\/ld+json\" class=\"yoast-schema-graph\">{\"@context\":\"https:\/\/schema.org\",\"@graph\":[{\"@type\":\"WebPage\",\"@id\":\"https:\/\/territoriosierraespuna.com\/profesional\/marca\/requisitos\/\",\"url\":\"https:\/\/territoriosierraespuna.com\/profesional\/marca\/requisitos\/\",\"name\":\"Requirements - Territorio Sierra Espu\u00f1a\",\"isPartOf\":{\"@id\":\"https:\/\/territoriosierraespuna.com\/#website\"},\"datePublished\":\"2020-02-19T12:26:15+00:00\",\"dateModified\":\"2020-02-19T12:26:17+00:00\",\"breadcrumb\":{\"@id\":\"https:\/\/territoriosierraespuna.com\/profesional\/marca\/requisitos\/#breadcrumb\"},\"inLanguage\":\"en-US\",\"potentialAction\":[{\"@type\":\"ReadAction\",\"target\":[\"https:\/\/territoriosierraespuna.com\/profesional\/marca\/requisitos\/\"]}]},{\"@type\":\"BreadcrumbList\",\"@id\":\"https:\/\/territoriosierraespuna.com\/profesional\/marca\/requisitos\/#breadcrumb\",\"itemListElement\":[{\"@type\":\"ListItem\",\"position\":1,\"name\":\"Inicio\",\"item\":\"https:\/\/territoriosierraespuna.com\/en\/\"},{\"@type\":\"ListItem\",\"position\":2,\"name\":\"Profesional\",\"item\":\"https:\/\/territoriosierraespuna.com\/en\/professional\/\"},{\"@type\":\"ListItem\",\"position\":3,\"name\":\"Trademark\",\"item\":\"https:\/\/territoriosierraespuna.com\/en\/professional\/trademark\/\"},{\"@type\":\"ListItem\",\"position\":4,\"name\":\"Requirements\"}]},{\"@type\":\"WebSite\",\"@id\":\"https:\/\/territoriosierraespuna.com\/#website\",\"url\":\"https:\/\/territoriosierraespuna.com\/\",\"name\":\"Territorio Sierra Espu\u00f1a\",\"description\":\"\",\"potentialAction\":[{\"@type\":\"SearchAction\",\"target\":{\"@type\":\"EntryPoint\",\"urlTemplate\":\"https:\/\/territoriosierraespuna.com\/?s={search_term_string}\"},\"query-input\":{\"@type\":\"PropertyValueSpecification\",\"valueRequired\":true,\"valueName\":\"search_term_string\"}}],\"inLanguage\":\"en-US\"}]}<\/script>\n<!-- \/ Yoast SEO plugin. -->","yoast_head_json":{"title":"Requirements - Territorio Sierra Espu\u00f1a","robots":{"index":"index","follow":"follow","max-snippet":"max-snippet:-1","max-image-preview":"max-image-preview:large","max-video-preview":"max-video-preview:-1"},"canonical":"https:\/\/territoriosierraespuna.com\/profesional\/marca\/requisitos\/","og_locale":"en_US","og_type":"article","og_title":"Requirements - Territorio Sierra Espu\u00f1a","og_description":"Products and services within the territorial scope of Mancomunidad Tur\u00edstica de Sierra espu\u00f1a (Sierra Espu\u00f1a Tourist Commonwealth) which might be entitled to obtain and use `Territorio Sierra Espu\u00f1a\u00b4 Trademark are those listed in given registers or holding of any of the established quality systems. There is no doubt that any of the six municipalities comprising... info","og_url":"https:\/\/territoriosierraespuna.com\/profesional\/marca\/requisitos\/","og_site_name":"Territorio Sierra Espu\u00f1a","article_modified_time":"2020-02-19T12:26:17+00:00","twitter_card":"summary_large_image","schema":{"@context":"https:\/\/schema.org","@graph":[{"@type":"WebPage","@id":"https:\/\/territoriosierraespuna.com\/profesional\/marca\/requisitos\/","url":"https:\/\/territoriosierraespuna.com\/profesional\/marca\/requisitos\/","name":"Requirements - Territorio Sierra Espu\u00f1a","isPartOf":{"@id":"https:\/\/territoriosierraespuna.com\/#website"},"datePublished":"2020-02-19T12:26:15+00:00","dateModified":"2020-02-19T12:26:17+00:00","breadcrumb":{"@id":"https:\/\/territoriosierraespuna.com\/profesional\/marca\/requisitos\/#breadcrumb"},"inLanguage":"en-US","potentialAction":[{"@type":"ReadAction","target":["https:\/\/territoriosierraespuna.com\/profesional\/marca\/requisitos\/"]}]},{"@type":"BreadcrumbList","@id":"https:\/\/territoriosierraespuna.com\/profesional\/marca\/requisitos\/#breadcrumb","itemListElement":[{"@type":"ListItem","position":1,"name":"Inicio","item":"https:\/\/territoriosierraespuna.com\/en\/"},{"@type":"ListItem","position":2,"name":"Profesional","item":"https:\/\/territoriosierraespuna.com\/en\/professional\/"},{"@type":"ListItem","position":3,"name":"Trademark","item":"https:\/\/territoriosierraespuna.com\/en\/professional\/trademark\/"},{"@type":"ListItem","position":4,"name":"Requirements"}]},{"@type":"WebSite","@id":"https:\/\/territoriosierraespuna.com\/#website","url":"https:\/\/territoriosierraespuna.com\/","name":"Territorio Sierra Espu\u00f1a","description":"","potentialAction":[{"@type":"SearchAction","target":{"@type":"EntryPoint","urlTemplate":"https:\/\/territoriosierraespuna.com\/?s={search_term_string}"},"query-input":{"@type":"PropertyValueSpecification","valueRequired":true,"valueName":"search_term_string"}}],"inLanguage":"en-US"}]}},"_links":{"self":[{"href":"https:\/\/territoriosierraespuna.com\/en\/wp-json\/wp\/v2\/pages\/7575","targetHints":{"allow":["GET"]}}],"collection":[{"href":"https:\/\/territoriosierraespuna.com\/en\/wp-json\/wp\/v2\/pages"}],"about":[{"href":"https:\/\/territoriosierraespuna.com\/en\/wp-json\/wp\/v2\/types\/page"}],"author":[{"embeddable":true,"href":"https:\/\/territoriosierraespuna.com\/en\/wp-json\/wp\/v2\/users\/4"}],"replies":[{"embeddable":true,"href":"https:\/\/territoriosierraespuna.com\/en\/wp-json\/wp\/v2\/comments?post=7575"}],"version-history":[{"count":1,"href":"https:\/\/territoriosierraespuna.com\/en\/wp-json\/wp\/v2\/pages\/7575\/revisions"}],"predecessor-version":[{"id":7576,"href":"https:\/\/territoriosierraespuna.com\/en\/wp-json\/wp\/v2\/pages\/7575\/revisions\/7576"}],"up":[{"embeddable":true,"href":"https:\/\/territoriosierraespuna.com\/en\/wp-json\/wp\/v2\/pages\/7571"}],"wp:attachment":[{"href":"https:\/\/territoriosierraespuna.com\/en\/wp-json\/wp\/v2\/media?parent=7575"}],"curies":[{"name":"wp","href":"https:\/\/api.w.org\/{rel}","templated":true}]}}