{"id":7533,"date":"2020-02-19T09:24:12","date_gmt":"2020-02-19T08:24:12","guid":{"rendered":"https:\/\/territoriosierraespuna.com\/?page_id=7533"},"modified":"2020-03-27T22:15:44","modified_gmt":"2020-03-27T21:15:44","slug":"taxi","status":"publish","type":"page","link":"https:\/\/territoriosierraespuna.com\/en\/plan-your-trip-2\/how-to-arrive-2\/transport\/taxi\/","title":{"rendered":"Taxi"},"content":{"rendered":"\n<p> Alhama, Mula, Pliego, Totana and Librilla count on taxis. Please find bellow a list of the taxi drivers providing this service within the area. It is worth mentioning that Ricardo Torel is a holder of the prestigious SICTED certification (Integral Quality System in Spanish Destinations). <\/p>\n\n\n\n<p style=\"color:#5b7c09\" class=\"has-text-color has-medium-font-size\"><strong> Taxis<\/strong><\/p>\n\n\n\n<p> <strong>Alhama de Murcia <\/strong><\/p>\n\n\n\n<ul class=\"wp-block-list\"><li>Rafael Rodr\u00edguez: 0034 630 921 748&nbsp; &#8211; 0034 626 975 107&nbsp;<\/li><li>Bernab\u00e9 Castellanos: 0034 608 664 353<\/li><li>Alfonso Caja: 0034 637 868 632<\/li><li>Pedro Moreno P\u00e9rez: 0034 663 590 012<\/li><li>David Ingman: 0034 622 714 979<\/li><li>Ricardo Torel: 0034 609 782 925 www.taxisenalhamademurcia.es SICTED certificate<\/li><li>Domingo Cort\u00e9s: 0034 661 582 052 <a href=\"http:\/\/www.taxisenalhamademurcia.es\/\">www.taxisenalhamademurcia.es<\/a><br><\/li><\/ul>\n\n\n\n<p><strong> Librilla <\/strong><\/p>\n\n\n\n<ul class=\"wp-block-list\"><li>Diego Velasco Sanz: 0034 637 443 228<\/li><li>&nbsp;Paco Barqueros: 0034 697 485 090<br><\/li><\/ul>\n\n\n\n<p><strong> Mula <\/strong><\/p>\n\n\n\n<ul class=\"wp-block-list\"><li>Francisco Boluda Navarro: 0034 629779358 Email: <a href=\"mailto:boludataxi@hotmail.com\">boludataxi@hotmail.com<\/a><\/li><li>Juan: 0034 63900041<br><\/li><\/ul>\n\n\n\n<p><strong> Pliego <\/strong><\/p>\n\n\n\n<ul class=\"wp-block-list\"><li> Ambulancias y Taxis Mar Menor 24H, Crist\u00f3bal Sim\u00f3n Mart\u00ednez:  0034619225980 <\/li><\/ul>\n","protected":false},"excerpt":{"rendered":"Alhama, Mula, Pliego, Totana and Librilla count on taxis. Please find bellow a list of the taxi drivers providing this service within the area. It is worth mentioning that Ricardo Torel is a holder of the prestigious SICTED certification (Integral Quality System in Spanish Destinations). Taxis Alhama de Murcia Rafael Rodr\u00edguez: 0034 630 921 748&nbsp;&#8230; <a class=\"view-article\" href=\"https:\/\/territoriosierraespuna.com\/en\/plan-your-trip-2\/how-to-arrive-2\/transport\/taxi\/\"><i class=\"fa fa-plus\" aria-hidden=\"true\"><\/i> info<\/a>","protected":false},"author":4,"featured_media":5722,"parent":7516,"menu_order":5,"comment_status":"closed","ping_status":"closed","template":"templates\/page-tpl-n3.php","meta":{"_acf_changed":false,"footnotes":""},"class_list":["post-7533","page","type-page","status-publish","has-post-thumbnail","hentry"],"acf":[],"yoast_head":"<!-- This site is optimized with the Yoast SEO plugin v23.9 - https:\/\/yoast.com\/wordpress\/plugins\/seo\/ -->\n<title>Taxi - Territorio Sierra Espu\u00f1a<\/title>\n<meta name=\"robots\" content=\"index, follow, max-snippet:-1, max-image-preview:large, max-video-preview:-1\" \/>\n<link rel=\"canonical\" href=\"https:\/\/territoriosierraespuna.com\/planifica\/como-llegar\/transporte\/taxis\/\" \/>\n<meta property=\"og:locale\" content=\"en_US\" \/>\n<meta property=\"og:type\" content=\"article\" \/>\n<meta property=\"og:title\" content=\"Taxi - Territorio Sierra Espu\u00f1a\" \/>\n<meta property=\"og:description\" content=\"Alhama, Mula, Pliego, Totana and Librilla count on taxis. Please find bellow a list of the taxi drivers providing this service within the area. It is worth mentioning that Ricardo Torel is a holder of the prestigious SICTED certification (Integral Quality System in Spanish Destinations). Taxis Alhama de Murcia Rafael Rodr\u00edguez: 0034 630 921 748&nbsp;... info\" \/>\n<meta property=\"og:url\" content=\"https:\/\/territoriosierraespuna.com\/planifica\/como-llegar\/transporte\/taxis\/\" \/>\n<meta property=\"og:site_name\" content=\"Territorio Sierra Espu\u00f1a\" \/>\n<meta property=\"article:modified_time\" content=\"2020-03-27T21:15:44+00:00\" \/>\n<meta property=\"og:image\" content=\"https:\/\/territoriosierraespuna.com\/wp-content\/uploads\/2018\/02\/descubre-territorio-sierra-espuna.jpg\" \/>\n\t<meta property=\"og:image:width\" content=\"1139\" \/>\n\t<meta property=\"og:image:height\" content=\"320\" \/>\n\t<meta property=\"og:image:type\" content=\"image\/jpeg\" \/>\n<meta name=\"twitter:card\" content=\"summary_large_image\" \/>\n<meta name=\"twitter:label1\" content=\"Est. reading time\" \/>\n\t<meta name=\"twitter:data1\" content=\"1 minute\" \/>\n<script type=\"application\/ld+json\" class=\"yoast-schema-graph\">{\"@context\":\"https:\/\/schema.org\",\"@graph\":[{\"@type\":\"WebPage\",\"@id\":\"https:\/\/territoriosierraespuna.com\/planifica\/como-llegar\/transporte\/taxis\/\",\"url\":\"https:\/\/territoriosierraespuna.com\/planifica\/como-llegar\/transporte\/taxis\/\",\"name\":\"Taxi - Territorio Sierra Espu\u00f1a\",\"isPartOf\":{\"@id\":\"https:\/\/territoriosierraespuna.com\/#website\"},\"primaryImageOfPage\":{\"@id\":\"https:\/\/territoriosierraespuna.com\/planifica\/como-llegar\/transporte\/taxis\/#primaryimage\"},\"image\":{\"@id\":\"https:\/\/territoriosierraespuna.com\/planifica\/como-llegar\/transporte\/taxis\/#primaryimage\"},\"thumbnailUrl\":\"https:\/\/territoriosierraespuna.com\/wp-content\/uploads\/2018\/02\/descubre-territorio-sierra-espuna.jpg\",\"datePublished\":\"2020-02-19T08:24:12+00:00\",\"dateModified\":\"2020-03-27T21:15:44+00:00\",\"breadcrumb\":{\"@id\":\"https:\/\/territoriosierraespuna.com\/planifica\/como-llegar\/transporte\/taxis\/#breadcrumb\"},\"inLanguage\":\"en-US\",\"potentialAction\":[{\"@type\":\"ReadAction\",\"target\":[\"https:\/\/territoriosierraespuna.com\/planifica\/como-llegar\/transporte\/taxis\/\"]}]},{\"@type\":\"ImageObject\",\"inLanguage\":\"en-US\",\"@id\":\"https:\/\/territoriosierraespuna.com\/planifica\/como-llegar\/transporte\/taxis\/#primaryimage\",\"url\":\"https:\/\/territoriosierraespuna.com\/wp-content\/uploads\/2018\/02\/descubre-territorio-sierra-espuna.jpg\",\"contentUrl\":\"https:\/\/territoriosierraespuna.com\/wp-content\/uploads\/2018\/02\/descubre-territorio-sierra-espuna.jpg\",\"width\":1139,\"height\":320},{\"@type\":\"BreadcrumbList\",\"@id\":\"https:\/\/territoriosierraespuna.com\/planifica\/como-llegar\/transporte\/taxis\/#breadcrumb\",\"itemListElement\":[{\"@type\":\"ListItem\",\"position\":1,\"name\":\"Inicio\",\"item\":\"https:\/\/territoriosierraespuna.com\/en\/\"},{\"@type\":\"ListItem\",\"position\":2,\"name\":\"Plan your trip\",\"item\":\"https:\/\/territoriosierraespuna.com\/en\/plan-your-trip-2\/\"},{\"@type\":\"ListItem\",\"position\":3,\"name\":\"How to arrive\",\"item\":\"https:\/\/territoriosierraespuna.com\/en\/plan-your-trip-2\/how-to-arrive-2\/\"},{\"@type\":\"ListItem\",\"position\":4,\"name\":\"Transport\",\"item\":\"https:\/\/territoriosierraespuna.com\/en\/plan-your-trip-2\/how-to-arrive-2\/transport\/\"},{\"@type\":\"ListItem\",\"position\":5,\"name\":\"Taxi\"}]},{\"@type\":\"WebSite\",\"@id\":\"https:\/\/territoriosierraespuna.com\/#website\",\"url\":\"https:\/\/territoriosierraespuna.com\/\",\"name\":\"Territorio Sierra Espu\u00f1a\",\"description\":\"\",\"potentialAction\":[{\"@type\":\"SearchAction\",\"target\":{\"@type\":\"EntryPoint\",\"urlTemplate\":\"https:\/\/territoriosierraespuna.com\/?s={search_term_string}\"},\"query-input\":{\"@type\":\"PropertyValueSpecification\",\"valueRequired\":true,\"valueName\":\"search_term_string\"}}],\"inLanguage\":\"en-US\"}]}<\/script>\n<!-- \/ Yoast SEO plugin. -->","yoast_head_json":{"title":"Taxi - Territorio Sierra Espu\u00f1a","robots":{"index":"index","follow":"follow","max-snippet":"max-snippet:-1","max-image-preview":"max-image-preview:large","max-video-preview":"max-video-preview:-1"},"canonical":"https:\/\/territoriosierraespuna.com\/planifica\/como-llegar\/transporte\/taxis\/","og_locale":"en_US","og_type":"article","og_title":"Taxi - Territorio Sierra Espu\u00f1a","og_description":"Alhama, Mula, Pliego, Totana and Librilla count on taxis. Please find bellow a list of the taxi drivers providing this service within the area. It is worth mentioning that Ricardo Torel is a holder of the prestigious SICTED certification (Integral Quality System in Spanish Destinations). Taxis Alhama de Murcia Rafael Rodr\u00edguez: 0034 630 921 748&nbsp;... info","og_url":"https:\/\/territoriosierraespuna.com\/planifica\/como-llegar\/transporte\/taxis\/","og_site_name":"Territorio Sierra Espu\u00f1a","article_modified_time":"2020-03-27T21:15:44+00:00","og_image":[{"width":1139,"height":320,"url":"https:\/\/territoriosierraespuna.com\/wp-content\/uploads\/2018\/02\/descubre-territorio-sierra-espuna.jpg","type":"image\/jpeg"}],"twitter_card":"summary_large_image","twitter_misc":{"Est. reading time":"1 minute"},"schema":{"@context":"https:\/\/schema.org","@graph":[{"@type":"WebPage","@id":"https:\/\/territoriosierraespuna.com\/planifica\/como-llegar\/transporte\/taxis\/","url":"https:\/\/territoriosierraespuna.com\/planifica\/como-llegar\/transporte\/taxis\/","name":"Taxi - Territorio Sierra Espu\u00f1a","isPartOf":{"@id":"https:\/\/territoriosierraespuna.com\/#website"},"primaryImageOfPage":{"@id":"https:\/\/territoriosierraespuna.com\/planifica\/como-llegar\/transporte\/taxis\/#primaryimage"},"image":{"@id":"https:\/\/territoriosierraespuna.com\/planifica\/como-llegar\/transporte\/taxis\/#primaryimage"},"thumbnailUrl":"https:\/\/territoriosierraespuna.com\/wp-content\/uploads\/2018\/02\/descubre-territorio-sierra-espuna.jpg","datePublished":"2020-02-19T08:24:12+00:00","dateModified":"2020-03-27T21:15:44+00:00","breadcrumb":{"@id":"https:\/\/territoriosierraespuna.com\/planifica\/como-llegar\/transporte\/taxis\/#breadcrumb"},"inLanguage":"en-US","potentialAction":[{"@type":"ReadAction","target":["https:\/\/territoriosierraespuna.com\/planifica\/como-llegar\/transporte\/taxis\/"]}]},{"@type":"ImageObject","inLanguage":"en-US","@id":"https:\/\/territoriosierraespuna.com\/planifica\/como-llegar\/transporte\/taxis\/#primaryimage","url":"https:\/\/territoriosierraespuna.com\/wp-content\/uploads\/2018\/02\/descubre-territorio-sierra-espuna.jpg","contentUrl":"https:\/\/territoriosierraespuna.com\/wp-content\/uploads\/2018\/02\/descubre-territorio-sierra-espuna.jpg","width":1139,"height":320},{"@type":"BreadcrumbList","@id":"https:\/\/territoriosierraespuna.com\/planifica\/como-llegar\/transporte\/taxis\/#breadcrumb","itemListElement":[{"@type":"ListItem","position":1,"name":"Inicio","item":"https:\/\/territoriosierraespuna.com\/en\/"},{"@type":"ListItem","position":2,"name":"Plan your trip","item":"https:\/\/territoriosierraespuna.com\/en\/plan-your-trip-2\/"},{"@type":"ListItem","position":3,"name":"How to arrive","item":"https:\/\/territoriosierraespuna.com\/en\/plan-your-trip-2\/how-to-arrive-2\/"},{"@type":"ListItem","position":4,"name":"Transport","item":"https:\/\/territoriosierraespuna.com\/en\/plan-your-trip-2\/how-to-arrive-2\/transport\/"},{"@type":"ListItem","position":5,"name":"Taxi"}]},{"@type":"WebSite","@id":"https:\/\/territoriosierraespuna.com\/#website","url":"https:\/\/territoriosierraespuna.com\/","name":"Territorio Sierra Espu\u00f1a","description":"","potentialAction":[{"@type":"SearchAction","target":{"@type":"EntryPoint","urlTemplate":"https:\/\/territoriosierraespuna.com\/?s={search_term_string}"},"query-input":{"@type":"PropertyValueSpecification","valueRequired":true,"valueName":"search_term_string"}}],"inLanguage":"en-US"}]}},"_links":{"self":[{"href":"https:\/\/territoriosierraespuna.com\/en\/wp-json\/wp\/v2\/pages\/7533","targetHints":{"allow":["GET"]}}],"collection":[{"href":"https:\/\/territoriosierraespuna.com\/en\/wp-json\/wp\/v2\/pages"}],"about":[{"href":"https:\/\/territoriosierraespuna.com\/en\/wp-json\/wp\/v2\/types\/page"}],"author":[{"embeddable":true,"href":"https:\/\/territoriosierraespuna.com\/en\/wp-json\/wp\/v2\/users\/4"}],"replies":[{"embeddable":true,"href":"https:\/\/territoriosierraespuna.com\/en\/wp-json\/wp\/v2\/comments?post=7533"}],"version-history":[{"count":2,"href":"https:\/\/territoriosierraespuna.com\/en\/wp-json\/wp\/v2\/pages\/7533\/revisions"}],"predecessor-version":[{"id":7844,"href":"https:\/\/territoriosierraespuna.com\/en\/wp-json\/wp\/v2\/pages\/7533\/revisions\/7844"}],"up":[{"embeddable":true,"href":"https:\/\/territoriosierraespuna.com\/en\/wp-json\/wp\/v2\/pages\/7516"}],"wp:featuredmedia":[{"embeddable":true,"href":"https:\/\/territoriosierraespuna.com\/en\/wp-json\/wp\/v2\/media\/5722"}],"wp:attachment":[{"href":"https:\/\/territoriosierraespuna.com\/en\/wp-json\/wp\/v2\/media?parent=7533"}],"curies":[{"name":"wp","href":"https:\/\/api.w.org\/{rel}","templated":true}]}}