{"id":7522,"date":"2020-02-18T12:36:46","date_gmt":"2020-02-18T11:36:46","guid":{"rendered":"https:\/\/territoriosierraespuna.com\/?page_id=7522"},"modified":"2020-03-27T21:34:38","modified_gmt":"2020-03-27T20:34:38","slug":"plane","status":"publish","type":"page","link":"https:\/\/territoriosierraespuna.com\/en\/plan-your-trip-2\/how-to-arrive-2\/transport\/plane\/","title":{"rendered":"Plane"},"content":{"rendered":"\n<p>Regi\u00f3n de Murcia International Airport (Murcia-Corvera) opened early 2019 and located only 15 min. from the capital, 15 from the coast, and 30&nbsp; from Territorio Sierra Espu\u00f1a. Buses and taxis available from the airport. Connection with all highways (RM-2 to Territorio Sierra Espu\u00f1a).<\/p>\n\n\n\n<p>Alicante-Elche Airport (El Atlet) located in Alicante 45 min. from Murcia city and 1 hour from Territorio Sierra Espu\u00f1a along A-7 Highway (Autov\u00eda del Mediterr\u00e1neo).<br><\/p>\n","protected":false},"excerpt":{"rendered":"Regi\u00f3n de Murcia International Airport (Murcia-Corvera) opened early 2019 and located only 15 min. from the capital, 15 from the coast, and 30&nbsp; from Territorio Sierra Espu\u00f1a. Buses and taxis available from the airport. Connection with all highways (RM-2 to Territorio Sierra Espu\u00f1a). Alicante-Elche Airport (El Atlet) located in Alicante 45 min. from Murcia city&#8230; <a class=\"view-article\" href=\"https:\/\/territoriosierraespuna.com\/en\/plan-your-trip-2\/how-to-arrive-2\/transport\/plane\/\"><i class=\"fa fa-plus\" aria-hidden=\"true\"><\/i> info<\/a>","protected":false},"author":4,"featured_media":5962,"parent":7516,"menu_order":2,"comment_status":"closed","ping_status":"closed","template":"templates\/page-tpl-n3.php","meta":{"_acf_changed":false,"footnotes":""},"class_list":["post-7522","page","type-page","status-publish","has-post-thumbnail","hentry"],"acf":[],"yoast_head":"<!-- This site is optimized with the Yoast SEO plugin v23.9 - https:\/\/yoast.com\/wordpress\/plugins\/seo\/ -->\n<title>Plane - Territorio Sierra Espu\u00f1a<\/title>\n<meta name=\"robots\" content=\"index, follow, max-snippet:-1, max-image-preview:large, max-video-preview:-1\" \/>\n<link rel=\"canonical\" href=\"https:\/\/territoriosierraespuna.com\/en\/plan-your-trip-2\/how-to-arrive-2\/transport\/plane\/\" \/>\n<meta property=\"og:locale\" content=\"en_US\" \/>\n<meta property=\"og:type\" content=\"article\" \/>\n<meta property=\"og:title\" content=\"Plane - Territorio Sierra Espu\u00f1a\" \/>\n<meta property=\"og:description\" content=\"Regi\u00f3n de Murcia International Airport (Murcia-Corvera) opened early 2019 and located only 15 min. from the capital, 15 from the coast, and 30&nbsp; from Territorio Sierra Espu\u00f1a. Buses and taxis available from the airport. Connection with all highways (RM-2 to Territorio Sierra Espu\u00f1a). Alicante-Elche Airport (El Atlet) located in Alicante 45 min. from Murcia city... info\" \/>\n<meta property=\"og:url\" content=\"https:\/\/territoriosierraespuna.com\/en\/plan-your-trip-2\/how-to-arrive-2\/transport\/plane\/\" \/>\n<meta property=\"og:site_name\" content=\"Territorio Sierra Espu\u00f1a\" \/>\n<meta property=\"article:modified_time\" content=\"2020-03-27T20:34:38+00:00\" \/>\n<meta property=\"og:image\" content=\"https:\/\/territoriosierraespuna.com\/wp-content\/uploads\/2018\/10\/red-de-senderos-disfrutalo-sierra-espuna.jpg\" \/>\n\t<meta property=\"og:image:width\" content=\"1139\" \/>\n\t<meta property=\"og:image:height\" content=\"320\" \/>\n\t<meta property=\"og:image:type\" content=\"image\/jpeg\" \/>\n<meta name=\"twitter:card\" content=\"summary_large_image\" \/>\n<script type=\"application\/ld+json\" class=\"yoast-schema-graph\">{\"@context\":\"https:\/\/schema.org\",\"@graph\":[{\"@type\":\"WebPage\",\"@id\":\"https:\/\/territoriosierraespuna.com\/en\/plan-your-trip-2\/how-to-arrive-2\/transport\/plane\/\",\"url\":\"https:\/\/territoriosierraespuna.com\/en\/plan-your-trip-2\/how-to-arrive-2\/transport\/plane\/\",\"name\":\"Plane - Territorio Sierra Espu\u00f1a\",\"isPartOf\":{\"@id\":\"https:\/\/territoriosierraespuna.com\/#website\"},\"primaryImageOfPage\":{\"@id\":\"https:\/\/territoriosierraespuna.com\/en\/plan-your-trip-2\/how-to-arrive-2\/transport\/plane\/#primaryimage\"},\"image\":{\"@id\":\"https:\/\/territoriosierraespuna.com\/en\/plan-your-trip-2\/how-to-arrive-2\/transport\/plane\/#primaryimage\"},\"thumbnailUrl\":\"https:\/\/territoriosierraespuna.com\/wp-content\/uploads\/2018\/10\/red-de-senderos-disfrutalo-sierra-espuna.jpg\",\"datePublished\":\"2020-02-18T11:36:46+00:00\",\"dateModified\":\"2020-03-27T20:34:38+00:00\",\"breadcrumb\":{\"@id\":\"https:\/\/territoriosierraespuna.com\/en\/plan-your-trip-2\/how-to-arrive-2\/transport\/plane\/#breadcrumb\"},\"inLanguage\":\"en-US\",\"potentialAction\":[{\"@type\":\"ReadAction\",\"target\":[\"https:\/\/territoriosierraespuna.com\/en\/plan-your-trip-2\/how-to-arrive-2\/transport\/plane\/\"]}]},{\"@type\":\"ImageObject\",\"inLanguage\":\"en-US\",\"@id\":\"https:\/\/territoriosierraespuna.com\/en\/plan-your-trip-2\/how-to-arrive-2\/transport\/plane\/#primaryimage\",\"url\":\"https:\/\/territoriosierraespuna.com\/wp-content\/uploads\/2018\/10\/red-de-senderos-disfrutalo-sierra-espuna.jpg\",\"contentUrl\":\"https:\/\/territoriosierraespuna.com\/wp-content\/uploads\/2018\/10\/red-de-senderos-disfrutalo-sierra-espuna.jpg\",\"width\":1139,\"height\":320},{\"@type\":\"BreadcrumbList\",\"@id\":\"https:\/\/territoriosierraespuna.com\/en\/plan-your-trip-2\/how-to-arrive-2\/transport\/plane\/#breadcrumb\",\"itemListElement\":[{\"@type\":\"ListItem\",\"position\":1,\"name\":\"Inicio\",\"item\":\"https:\/\/territoriosierraespuna.com\/en\/\"},{\"@type\":\"ListItem\",\"position\":2,\"name\":\"Plan your trip\",\"item\":\"https:\/\/territoriosierraespuna.com\/en\/plan-your-trip-2\/\"},{\"@type\":\"ListItem\",\"position\":3,\"name\":\"How to arrive\",\"item\":\"https:\/\/territoriosierraespuna.com\/en\/plan-your-trip-2\/how-to-arrive-2\/\"},{\"@type\":\"ListItem\",\"position\":4,\"name\":\"Transport\",\"item\":\"https:\/\/territoriosierraespuna.com\/en\/plan-your-trip-2\/how-to-arrive-2\/transport\/\"},{\"@type\":\"ListItem\",\"position\":5,\"name\":\"Plane\"}]},{\"@type\":\"WebSite\",\"@id\":\"https:\/\/territoriosierraespuna.com\/#website\",\"url\":\"https:\/\/territoriosierraespuna.com\/\",\"name\":\"Territorio Sierra Espu\u00f1a\",\"description\":\"\",\"potentialAction\":[{\"@type\":\"SearchAction\",\"target\":{\"@type\":\"EntryPoint\",\"urlTemplate\":\"https:\/\/territoriosierraespuna.com\/?s={search_term_string}\"},\"query-input\":{\"@type\":\"PropertyValueSpecification\",\"valueRequired\":true,\"valueName\":\"search_term_string\"}}],\"inLanguage\":\"en-US\"}]}<\/script>\n<!-- \/ Yoast SEO plugin. -->","yoast_head_json":{"title":"Plane - Territorio Sierra Espu\u00f1a","robots":{"index":"index","follow":"follow","max-snippet":"max-snippet:-1","max-image-preview":"max-image-preview:large","max-video-preview":"max-video-preview:-1"},"canonical":"https:\/\/territoriosierraespuna.com\/en\/plan-your-trip-2\/how-to-arrive-2\/transport\/plane\/","og_locale":"en_US","og_type":"article","og_title":"Plane - Territorio Sierra Espu\u00f1a","og_description":"Regi\u00f3n de Murcia International Airport (Murcia-Corvera) opened early 2019 and located only 15 min. from the capital, 15 from the coast, and 30&nbsp; from Territorio Sierra Espu\u00f1a. Buses and taxis available from the airport. Connection with all highways (RM-2 to Territorio Sierra Espu\u00f1a). Alicante-Elche Airport (El Atlet) located in Alicante 45 min. from Murcia city... info","og_url":"https:\/\/territoriosierraespuna.com\/en\/plan-your-trip-2\/how-to-arrive-2\/transport\/plane\/","og_site_name":"Territorio Sierra Espu\u00f1a","article_modified_time":"2020-03-27T20:34:38+00:00","og_image":[{"width":1139,"height":320,"url":"https:\/\/territoriosierraespuna.com\/wp-content\/uploads\/2018\/10\/red-de-senderos-disfrutalo-sierra-espuna.jpg","type":"image\/jpeg"}],"twitter_card":"summary_large_image","schema":{"@context":"https:\/\/schema.org","@graph":[{"@type":"WebPage","@id":"https:\/\/territoriosierraespuna.com\/en\/plan-your-trip-2\/how-to-arrive-2\/transport\/plane\/","url":"https:\/\/territoriosierraespuna.com\/en\/plan-your-trip-2\/how-to-arrive-2\/transport\/plane\/","name":"Plane - Territorio Sierra Espu\u00f1a","isPartOf":{"@id":"https:\/\/territoriosierraespuna.com\/#website"},"primaryImageOfPage":{"@id":"https:\/\/territoriosierraespuna.com\/en\/plan-your-trip-2\/how-to-arrive-2\/transport\/plane\/#primaryimage"},"image":{"@id":"https:\/\/territoriosierraespuna.com\/en\/plan-your-trip-2\/how-to-arrive-2\/transport\/plane\/#primaryimage"},"thumbnailUrl":"https:\/\/territoriosierraespuna.com\/wp-content\/uploads\/2018\/10\/red-de-senderos-disfrutalo-sierra-espuna.jpg","datePublished":"2020-02-18T11:36:46+00:00","dateModified":"2020-03-27T20:34:38+00:00","breadcrumb":{"@id":"https:\/\/territoriosierraespuna.com\/en\/plan-your-trip-2\/how-to-arrive-2\/transport\/plane\/#breadcrumb"},"inLanguage":"en-US","potentialAction":[{"@type":"ReadAction","target":["https:\/\/territoriosierraespuna.com\/en\/plan-your-trip-2\/how-to-arrive-2\/transport\/plane\/"]}]},{"@type":"ImageObject","inLanguage":"en-US","@id":"https:\/\/territoriosierraespuna.com\/en\/plan-your-trip-2\/how-to-arrive-2\/transport\/plane\/#primaryimage","url":"https:\/\/territoriosierraespuna.com\/wp-content\/uploads\/2018\/10\/red-de-senderos-disfrutalo-sierra-espuna.jpg","contentUrl":"https:\/\/territoriosierraespuna.com\/wp-content\/uploads\/2018\/10\/red-de-senderos-disfrutalo-sierra-espuna.jpg","width":1139,"height":320},{"@type":"BreadcrumbList","@id":"https:\/\/territoriosierraespuna.com\/en\/plan-your-trip-2\/how-to-arrive-2\/transport\/plane\/#breadcrumb","itemListElement":[{"@type":"ListItem","position":1,"name":"Inicio","item":"https:\/\/territoriosierraespuna.com\/en\/"},{"@type":"ListItem","position":2,"name":"Plan your trip","item":"https:\/\/territoriosierraespuna.com\/en\/plan-your-trip-2\/"},{"@type":"ListItem","position":3,"name":"How to arrive","item":"https:\/\/territoriosierraespuna.com\/en\/plan-your-trip-2\/how-to-arrive-2\/"},{"@type":"ListItem","position":4,"name":"Transport","item":"https:\/\/territoriosierraespuna.com\/en\/plan-your-trip-2\/how-to-arrive-2\/transport\/"},{"@type":"ListItem","position":5,"name":"Plane"}]},{"@type":"WebSite","@id":"https:\/\/territoriosierraespuna.com\/#website","url":"https:\/\/territoriosierraespuna.com\/","name":"Territorio Sierra Espu\u00f1a","description":"","potentialAction":[{"@type":"SearchAction","target":{"@type":"EntryPoint","urlTemplate":"https:\/\/territoriosierraespuna.com\/?s={search_term_string}"},"query-input":{"@type":"PropertyValueSpecification","valueRequired":true,"valueName":"search_term_string"}}],"inLanguage":"en-US"}]}},"_links":{"self":[{"href":"https:\/\/territoriosierraespuna.com\/en\/wp-json\/wp\/v2\/pages\/7522","targetHints":{"allow":["GET"]}}],"collection":[{"href":"https:\/\/territoriosierraespuna.com\/en\/wp-json\/wp\/v2\/pages"}],"about":[{"href":"https:\/\/territoriosierraespuna.com\/en\/wp-json\/wp\/v2\/types\/page"}],"author":[{"embeddable":true,"href":"https:\/\/territoriosierraespuna.com\/en\/wp-json\/wp\/v2\/users\/4"}],"replies":[{"embeddable":true,"href":"https:\/\/territoriosierraespuna.com\/en\/wp-json\/wp\/v2\/comments?post=7522"}],"version-history":[{"count":1,"href":"https:\/\/territoriosierraespuna.com\/en\/wp-json\/wp\/v2\/pages\/7522\/revisions"}],"predecessor-version":[{"id":7523,"href":"https:\/\/territoriosierraespuna.com\/en\/wp-json\/wp\/v2\/pages\/7522\/revisions\/7523"}],"up":[{"embeddable":true,"href":"https:\/\/territoriosierraespuna.com\/en\/wp-json\/wp\/v2\/pages\/7516"}],"wp:featuredmedia":[{"embeddable":true,"href":"https:\/\/territoriosierraespuna.com\/en\/wp-json\/wp\/v2\/media\/5962"}],"wp:attachment":[{"href":"https:\/\/territoriosierraespuna.com\/en\/wp-json\/wp\/v2\/media?parent=7522"}],"curies":[{"name":"wp","href":"https:\/\/api.w.org\/{rel}","templated":true}]}}