{"id":7496,"date":"2020-02-18T09:53:08","date_gmt":"2020-02-18T08:53:08","guid":{"rendered":"https:\/\/territoriosierraespuna.com\/?page_id=7496"},"modified":"2020-03-25T20:31:40","modified_gmt":"2020-03-25T19:31:40","slug":"phone-numbers-and-addresses","status":"publish","type":"page","link":"https:\/\/territoriosierraespuna.com\/en\/plan-your-trip-2\/useful-information\/phone-numbers-and-addresses\/","title":{"rendered":"Phone numbers and addresses"},"content":{"rendered":"\n<p> In order not to feel lost, please find here some phone numbers and addresses which might be useful during your stay in our area. <\/p>\n\n\n\n<p style=\"color:#5b7c09\" class=\"has-text-color has-medium-font-size\"><strong>Ricardo Codorni\u00fa Visitor Centre<\/strong><\/p>\n\n\n\n<p>Phone: 968431430<\/p>\n\n\n\n<p style=\"color:#5b7c09\" class=\"has-text-color has-medium-font-size\"><strong>Alhama Tourist Office<\/strong><\/p>\n\n\n\n<p>Phone: 968 633 512<br>Address: Plaza Constituci\u00f3n. Frente Auditorio 10.<\/p>\n\n\n\n<p style=\"color:#5b7c09\" class=\"has-text-color has-medium-font-size\"><strong>Mula Tourist Office<\/strong><\/p>\n\n\n\n<p>Phone: 968 661 501<br>Address: Calle Do\u00f1a Elvira. Convento de San Francisco.&nbsp; <\/p>\n\n\n\n<p style=\"color:#5b7c09\" class=\"has-text-color has-medium-font-size\"><strong>Totana Tourist Office<\/strong><\/p>\n\n\n\n<p>Phone: 968 418 153 \/ 968 424 058<br>Address: Plaza de la balsa vieja.<\/p>\n","protected":false},"excerpt":{"rendered":"In order not to feel lost, please find here some phone numbers and addresses which might be useful during your stay in our area. Ricardo Codorni\u00fa Visitor Centre Phone: 968431430 Alhama Tourist Office Phone: 968 633 512Address: Plaza Constituci\u00f3n. Frente Auditorio 10. Mula Tourist Office Phone: 968 661 501Address: Calle Do\u00f1a Elvira. Convento de San&#8230; <a class=\"view-article\" href=\"https:\/\/territoriosierraespuna.com\/en\/plan-your-trip-2\/useful-information\/phone-numbers-and-addresses\/\"><i class=\"fa fa-plus\" aria-hidden=\"true\"><\/i> info<\/a>","protected":false},"author":4,"featured_media":5760,"parent":7470,"menu_order":4,"comment_status":"closed","ping_status":"closed","template":"templates\/page-tpl-n3.php","meta":{"_acf_changed":false,"footnotes":""},"class_list":["post-7496","page","type-page","status-publish","has-post-thumbnail","hentry"],"acf":[],"yoast_head":"<!-- This site is optimized with the Yoast SEO plugin v23.9 - https:\/\/yoast.com\/wordpress\/plugins\/seo\/ -->\n<title>Phone numbers and addresses - Territorio Sierra Espu\u00f1a<\/title>\n<meta name=\"robots\" content=\"index, follow, max-snippet:-1, max-image-preview:large, max-video-preview:-1\" \/>\n<link rel=\"canonical\" href=\"https:\/\/territoriosierraespuna.com\/en\/plan-your-trip-2\/useful-information\/phone-numbers-and-addresses\/\" \/>\n<meta property=\"og:locale\" content=\"en_US\" \/>\n<meta property=\"og:type\" content=\"article\" \/>\n<meta property=\"og:title\" content=\"Phone numbers and addresses - Territorio Sierra Espu\u00f1a\" \/>\n<meta property=\"og:description\" content=\"In order not to feel lost, please find here some phone numbers and addresses which might be useful during your stay in our area. Ricardo Codorni\u00fa Visitor Centre Phone: 968431430 Alhama Tourist Office Phone: 968 633 512Address: Plaza Constituci\u00f3n. Frente Auditorio 10. Mula Tourist Office Phone: 968 661 501Address: Calle Do\u00f1a Elvira. Convento de San... info\" \/>\n<meta property=\"og:url\" content=\"https:\/\/territoriosierraespuna.com\/en\/plan-your-trip-2\/useful-information\/phone-numbers-and-addresses\/\" \/>\n<meta property=\"og:site_name\" content=\"Territorio Sierra Espu\u00f1a\" \/>\n<meta property=\"article:modified_time\" content=\"2020-03-25T19:31:40+00:00\" \/>\n<meta property=\"og:image\" content=\"https:\/\/territoriosierraespuna.com\/wp-content\/uploads\/2018\/02\/ver-y-hacer-centro-visitantes.jpg\" \/>\n\t<meta property=\"og:image:width\" content=\"1139\" \/>\n\t<meta property=\"og:image:height\" content=\"320\" \/>\n\t<meta property=\"og:image:type\" content=\"image\/jpeg\" \/>\n<meta name=\"twitter:card\" content=\"summary_large_image\" \/>\n<script type=\"application\/ld+json\" class=\"yoast-schema-graph\">{\"@context\":\"https:\/\/schema.org\",\"@graph\":[{\"@type\":\"WebPage\",\"@id\":\"https:\/\/territoriosierraespuna.com\/en\/plan-your-trip-2\/useful-information\/phone-numbers-and-addresses\/\",\"url\":\"https:\/\/territoriosierraespuna.com\/en\/plan-your-trip-2\/useful-information\/phone-numbers-and-addresses\/\",\"name\":\"Phone numbers and addresses - Territorio Sierra Espu\u00f1a\",\"isPartOf\":{\"@id\":\"https:\/\/territoriosierraespuna.com\/#website\"},\"primaryImageOfPage\":{\"@id\":\"https:\/\/territoriosierraespuna.com\/en\/plan-your-trip-2\/useful-information\/phone-numbers-and-addresses\/#primaryimage\"},\"image\":{\"@id\":\"https:\/\/territoriosierraespuna.com\/en\/plan-your-trip-2\/useful-information\/phone-numbers-and-addresses\/#primaryimage\"},\"thumbnailUrl\":\"https:\/\/territoriosierraespuna.com\/wp-content\/uploads\/2018\/02\/ver-y-hacer-centro-visitantes.jpg\",\"datePublished\":\"2020-02-18T08:53:08+00:00\",\"dateModified\":\"2020-03-25T19:31:40+00:00\",\"breadcrumb\":{\"@id\":\"https:\/\/territoriosierraespuna.com\/en\/plan-your-trip-2\/useful-information\/phone-numbers-and-addresses\/#breadcrumb\"},\"inLanguage\":\"en-US\",\"potentialAction\":[{\"@type\":\"ReadAction\",\"target\":[\"https:\/\/territoriosierraespuna.com\/en\/plan-your-trip-2\/useful-information\/phone-numbers-and-addresses\/\"]}]},{\"@type\":\"ImageObject\",\"inLanguage\":\"en-US\",\"@id\":\"https:\/\/territoriosierraespuna.com\/en\/plan-your-trip-2\/useful-information\/phone-numbers-and-addresses\/#primaryimage\",\"url\":\"https:\/\/territoriosierraespuna.com\/wp-content\/uploads\/2018\/02\/ver-y-hacer-centro-visitantes.jpg\",\"contentUrl\":\"https:\/\/territoriosierraespuna.com\/wp-content\/uploads\/2018\/02\/ver-y-hacer-centro-visitantes.jpg\",\"width\":1139,\"height\":320},{\"@type\":\"BreadcrumbList\",\"@id\":\"https:\/\/territoriosierraespuna.com\/en\/plan-your-trip-2\/useful-information\/phone-numbers-and-addresses\/#breadcrumb\",\"itemListElement\":[{\"@type\":\"ListItem\",\"position\":1,\"name\":\"Inicio\",\"item\":\"https:\/\/territoriosierraespuna.com\/en\/\"},{\"@type\":\"ListItem\",\"position\":2,\"name\":\"Plan your trip\",\"item\":\"https:\/\/territoriosierraespuna.com\/en\/plan-your-trip-2\/\"},{\"@type\":\"ListItem\",\"position\":3,\"name\":\"Useful information\",\"item\":\"https:\/\/territoriosierraespuna.com\/en\/plan-your-trip-2\/useful-information\/\"},{\"@type\":\"ListItem\",\"position\":4,\"name\":\"Phone numbers and addresses\"}]},{\"@type\":\"WebSite\",\"@id\":\"https:\/\/territoriosierraespuna.com\/#website\",\"url\":\"https:\/\/territoriosierraespuna.com\/\",\"name\":\"Territorio Sierra Espu\u00f1a\",\"description\":\"\",\"potentialAction\":[{\"@type\":\"SearchAction\",\"target\":{\"@type\":\"EntryPoint\",\"urlTemplate\":\"https:\/\/territoriosierraespuna.com\/?s={search_term_string}\"},\"query-input\":{\"@type\":\"PropertyValueSpecification\",\"valueRequired\":true,\"valueName\":\"search_term_string\"}}],\"inLanguage\":\"en-US\"}]}<\/script>\n<!-- \/ Yoast SEO plugin. -->","yoast_head_json":{"title":"Phone numbers and addresses - Territorio Sierra Espu\u00f1a","robots":{"index":"index","follow":"follow","max-snippet":"max-snippet:-1","max-image-preview":"max-image-preview:large","max-video-preview":"max-video-preview:-1"},"canonical":"https:\/\/territoriosierraespuna.com\/en\/plan-your-trip-2\/useful-information\/phone-numbers-and-addresses\/","og_locale":"en_US","og_type":"article","og_title":"Phone numbers and addresses - Territorio Sierra Espu\u00f1a","og_description":"In order not to feel lost, please find here some phone numbers and addresses which might be useful during your stay in our area. Ricardo Codorni\u00fa Visitor Centre Phone: 968431430 Alhama Tourist Office Phone: 968 633 512Address: Plaza Constituci\u00f3n. Frente Auditorio 10. Mula Tourist Office Phone: 968 661 501Address: Calle Do\u00f1a Elvira. Convento de San... info","og_url":"https:\/\/territoriosierraespuna.com\/en\/plan-your-trip-2\/useful-information\/phone-numbers-and-addresses\/","og_site_name":"Territorio Sierra Espu\u00f1a","article_modified_time":"2020-03-25T19:31:40+00:00","og_image":[{"width":1139,"height":320,"url":"https:\/\/territoriosierraespuna.com\/wp-content\/uploads\/2018\/02\/ver-y-hacer-centro-visitantes.jpg","type":"image\/jpeg"}],"twitter_card":"summary_large_image","schema":{"@context":"https:\/\/schema.org","@graph":[{"@type":"WebPage","@id":"https:\/\/territoriosierraespuna.com\/en\/plan-your-trip-2\/useful-information\/phone-numbers-and-addresses\/","url":"https:\/\/territoriosierraespuna.com\/en\/plan-your-trip-2\/useful-information\/phone-numbers-and-addresses\/","name":"Phone numbers and addresses - Territorio Sierra Espu\u00f1a","isPartOf":{"@id":"https:\/\/territoriosierraespuna.com\/#website"},"primaryImageOfPage":{"@id":"https:\/\/territoriosierraespuna.com\/en\/plan-your-trip-2\/useful-information\/phone-numbers-and-addresses\/#primaryimage"},"image":{"@id":"https:\/\/territoriosierraespuna.com\/en\/plan-your-trip-2\/useful-information\/phone-numbers-and-addresses\/#primaryimage"},"thumbnailUrl":"https:\/\/territoriosierraespuna.com\/wp-content\/uploads\/2018\/02\/ver-y-hacer-centro-visitantes.jpg","datePublished":"2020-02-18T08:53:08+00:00","dateModified":"2020-03-25T19:31:40+00:00","breadcrumb":{"@id":"https:\/\/territoriosierraespuna.com\/en\/plan-your-trip-2\/useful-information\/phone-numbers-and-addresses\/#breadcrumb"},"inLanguage":"en-US","potentialAction":[{"@type":"ReadAction","target":["https:\/\/territoriosierraespuna.com\/en\/plan-your-trip-2\/useful-information\/phone-numbers-and-addresses\/"]}]},{"@type":"ImageObject","inLanguage":"en-US","@id":"https:\/\/territoriosierraespuna.com\/en\/plan-your-trip-2\/useful-information\/phone-numbers-and-addresses\/#primaryimage","url":"https:\/\/territoriosierraespuna.com\/wp-content\/uploads\/2018\/02\/ver-y-hacer-centro-visitantes.jpg","contentUrl":"https:\/\/territoriosierraespuna.com\/wp-content\/uploads\/2018\/02\/ver-y-hacer-centro-visitantes.jpg","width":1139,"height":320},{"@type":"BreadcrumbList","@id":"https:\/\/territoriosierraespuna.com\/en\/plan-your-trip-2\/useful-information\/phone-numbers-and-addresses\/#breadcrumb","itemListElement":[{"@type":"ListItem","position":1,"name":"Inicio","item":"https:\/\/territoriosierraespuna.com\/en\/"},{"@type":"ListItem","position":2,"name":"Plan your trip","item":"https:\/\/territoriosierraespuna.com\/en\/plan-your-trip-2\/"},{"@type":"ListItem","position":3,"name":"Useful information","item":"https:\/\/territoriosierraespuna.com\/en\/plan-your-trip-2\/useful-information\/"},{"@type":"ListItem","position":4,"name":"Phone numbers and addresses"}]},{"@type":"WebSite","@id":"https:\/\/territoriosierraespuna.com\/#website","url":"https:\/\/territoriosierraespuna.com\/","name":"Territorio Sierra Espu\u00f1a","description":"","potentialAction":[{"@type":"SearchAction","target":{"@type":"EntryPoint","urlTemplate":"https:\/\/territoriosierraespuna.com\/?s={search_term_string}"},"query-input":{"@type":"PropertyValueSpecification","valueRequired":true,"valueName":"search_term_string"}}],"inLanguage":"en-US"}]}},"_links":{"self":[{"href":"https:\/\/territoriosierraespuna.com\/en\/wp-json\/wp\/v2\/pages\/7496","targetHints":{"allow":["GET"]}}],"collection":[{"href":"https:\/\/territoriosierraespuna.com\/en\/wp-json\/wp\/v2\/pages"}],"about":[{"href":"https:\/\/territoriosierraespuna.com\/en\/wp-json\/wp\/v2\/types\/page"}],"author":[{"embeddable":true,"href":"https:\/\/territoriosierraespuna.com\/en\/wp-json\/wp\/v2\/users\/4"}],"replies":[{"embeddable":true,"href":"https:\/\/territoriosierraespuna.com\/en\/wp-json\/wp\/v2\/comments?post=7496"}],"version-history":[{"count":2,"href":"https:\/\/territoriosierraespuna.com\/en\/wp-json\/wp\/v2\/pages\/7496\/revisions"}],"predecessor-version":[{"id":7820,"href":"https:\/\/territoriosierraespuna.com\/en\/wp-json\/wp\/v2\/pages\/7496\/revisions\/7820"}],"up":[{"embeddable":true,"href":"https:\/\/territoriosierraespuna.com\/en\/wp-json\/wp\/v2\/pages\/7470"}],"wp:featuredmedia":[{"embeddable":true,"href":"https:\/\/territoriosierraespuna.com\/en\/wp-json\/wp\/v2\/media\/5760"}],"wp:attachment":[{"href":"https:\/\/territoriosierraespuna.com\/en\/wp-json\/wp\/v2\/media?parent=7496"}],"curies":[{"name":"wp","href":"https:\/\/api.w.org\/{rel}","templated":true}]}}