{"id":7475,"date":"2020-02-17T14:22:34","date_gmt":"2020-02-17T13:22:34","guid":{"rendered":"https:\/\/territoriosierraespuna.com\/?page_id=7475"},"modified":"2020-03-24T13:49:13","modified_gmt":"2020-03-24T12:49:13","slug":"tourist-information","status":"publish","type":"page","link":"https:\/\/territoriosierraespuna.com\/en\/plan-your-trip-2\/useful-information\/tourist-information\/","title":{"rendered":"Tourist Information"},"content":{"rendered":"\n<p> Visitors in the Sierra Espu\u00f1a Regional Park can&nbsp; get to the Ricardo Codorni\u00fa Visitor Centre where they will be provided with all the information related to the natural values of the park, especially its fauna and flora. Furthermore, 3 of the municipalities comprising the Commonwealth: Alhama, Mula and Totana count on a tourist office for you to get a better overview of the area and its most relevant landmarks. <\/p>\n","protected":false},"excerpt":{"rendered":"Visitors in the Sierra Espu\u00f1a Regional Park can&nbsp; get to the Ricardo Codorni\u00fa Visitor Centre where they will be provided with all the information related to the natural values of the park, especially its fauna and flora. Furthermore, 3 of the municipalities comprising the Commonwealth: Alhama, Mula and Totana count on a tourist office for&#8230; <a class=\"view-article\" href=\"https:\/\/territoriosierraespuna.com\/en\/plan-your-trip-2\/useful-information\/tourist-information\/\"><i class=\"fa fa-plus\" aria-hidden=\"true\"><\/i> info<\/a>","protected":false},"author":4,"featured_media":5796,"parent":7470,"menu_order":1,"comment_status":"closed","ping_status":"closed","template":"templates\/page-tpl-n3.php","meta":{"_acf_changed":false,"footnotes":""},"class_list":["post-7475","page","type-page","status-publish","has-post-thumbnail","hentry"],"acf":[],"yoast_head":"<!-- This site is optimized with the Yoast SEO plugin v23.9 - https:\/\/yoast.com\/wordpress\/plugins\/seo\/ -->\n<title>Tourist Information - Territorio Sierra Espu\u00f1a<\/title>\n<meta name=\"robots\" content=\"index, follow, max-snippet:-1, max-image-preview:large, max-video-preview:-1\" \/>\n<link rel=\"canonical\" href=\"https:\/\/territoriosierraespuna.com\/en\/plan-your-trip-2\/useful-information\/tourist-information\/\" \/>\n<meta property=\"og:locale\" content=\"en_US\" \/>\n<meta property=\"og:type\" content=\"article\" \/>\n<meta property=\"og:title\" content=\"Tourist Information - Territorio Sierra Espu\u00f1a\" \/>\n<meta property=\"og:description\" content=\"Visitors in the Sierra Espu\u00f1a Regional Park can&nbsp; get to the Ricardo Codorni\u00fa Visitor Centre where they will be provided with all the information related to the natural values of the park, especially its fauna and flora. Furthermore, 3 of the municipalities comprising the Commonwealth: Alhama, Mula and Totana count on a tourist office for... info\" \/>\n<meta property=\"og:url\" content=\"https:\/\/territoriosierraespuna.com\/en\/plan-your-trip-2\/useful-information\/tourist-information\/\" \/>\n<meta property=\"og:site_name\" content=\"Territorio Sierra Espu\u00f1a\" \/>\n<meta property=\"article:modified_time\" content=\"2020-03-24T12:49:13+00:00\" \/>\n<meta property=\"og:image\" content=\"https:\/\/territoriosierraespuna.com\/wp-content\/uploads\/2018\/02\/informacion-turistica-territorio-sierra-espuna.jpg\" \/>\n\t<meta property=\"og:image:width\" content=\"1139\" \/>\n\t<meta property=\"og:image:height\" content=\"320\" \/>\n\t<meta property=\"og:image:type\" content=\"image\/jpeg\" \/>\n<meta name=\"twitter:card\" content=\"summary_large_image\" \/>\n<script type=\"application\/ld+json\" class=\"yoast-schema-graph\">{\"@context\":\"https:\/\/schema.org\",\"@graph\":[{\"@type\":\"WebPage\",\"@id\":\"https:\/\/territoriosierraespuna.com\/en\/plan-your-trip-2\/useful-information\/tourist-information\/\",\"url\":\"https:\/\/territoriosierraespuna.com\/en\/plan-your-trip-2\/useful-information\/tourist-information\/\",\"name\":\"Tourist Information - Territorio Sierra Espu\u00f1a\",\"isPartOf\":{\"@id\":\"https:\/\/territoriosierraespuna.com\/#website\"},\"primaryImageOfPage\":{\"@id\":\"https:\/\/territoriosierraespuna.com\/en\/plan-your-trip-2\/useful-information\/tourist-information\/#primaryimage\"},\"image\":{\"@id\":\"https:\/\/territoriosierraespuna.com\/en\/plan-your-trip-2\/useful-information\/tourist-information\/#primaryimage\"},\"thumbnailUrl\":\"https:\/\/territoriosierraespuna.com\/wp-content\/uploads\/2018\/02\/informacion-turistica-territorio-sierra-espuna.jpg\",\"datePublished\":\"2020-02-17T13:22:34+00:00\",\"dateModified\":\"2020-03-24T12:49:13+00:00\",\"breadcrumb\":{\"@id\":\"https:\/\/territoriosierraespuna.com\/en\/plan-your-trip-2\/useful-information\/tourist-information\/#breadcrumb\"},\"inLanguage\":\"en-US\",\"potentialAction\":[{\"@type\":\"ReadAction\",\"target\":[\"https:\/\/territoriosierraespuna.com\/en\/plan-your-trip-2\/useful-information\/tourist-information\/\"]}]},{\"@type\":\"ImageObject\",\"inLanguage\":\"en-US\",\"@id\":\"https:\/\/territoriosierraespuna.com\/en\/plan-your-trip-2\/useful-information\/tourist-information\/#primaryimage\",\"url\":\"https:\/\/territoriosierraespuna.com\/wp-content\/uploads\/2018\/02\/informacion-turistica-territorio-sierra-espuna.jpg\",\"contentUrl\":\"https:\/\/territoriosierraespuna.com\/wp-content\/uploads\/2018\/02\/informacion-turistica-territorio-sierra-espuna.jpg\",\"width\":1139,\"height\":320},{\"@type\":\"BreadcrumbList\",\"@id\":\"https:\/\/territoriosierraespuna.com\/en\/plan-your-trip-2\/useful-information\/tourist-information\/#breadcrumb\",\"itemListElement\":[{\"@type\":\"ListItem\",\"position\":1,\"name\":\"Inicio\",\"item\":\"https:\/\/territoriosierraespuna.com\/en\/\"},{\"@type\":\"ListItem\",\"position\":2,\"name\":\"Plan your trip\",\"item\":\"https:\/\/territoriosierraespuna.com\/en\/plan-your-trip-2\/\"},{\"@type\":\"ListItem\",\"position\":3,\"name\":\"Useful information\",\"item\":\"https:\/\/territoriosierraespuna.com\/en\/plan-your-trip-2\/useful-information\/\"},{\"@type\":\"ListItem\",\"position\":4,\"name\":\"Tourist Information\"}]},{\"@type\":\"WebSite\",\"@id\":\"https:\/\/territoriosierraespuna.com\/#website\",\"url\":\"https:\/\/territoriosierraespuna.com\/\",\"name\":\"Territorio Sierra Espu\u00f1a\",\"description\":\"\",\"potentialAction\":[{\"@type\":\"SearchAction\",\"target\":{\"@type\":\"EntryPoint\",\"urlTemplate\":\"https:\/\/territoriosierraespuna.com\/?s={search_term_string}\"},\"query-input\":{\"@type\":\"PropertyValueSpecification\",\"valueRequired\":true,\"valueName\":\"search_term_string\"}}],\"inLanguage\":\"en-US\"}]}<\/script>\n<!-- \/ Yoast SEO plugin. -->","yoast_head_json":{"title":"Tourist Information - Territorio Sierra Espu\u00f1a","robots":{"index":"index","follow":"follow","max-snippet":"max-snippet:-1","max-image-preview":"max-image-preview:large","max-video-preview":"max-video-preview:-1"},"canonical":"https:\/\/territoriosierraespuna.com\/en\/plan-your-trip-2\/useful-information\/tourist-information\/","og_locale":"en_US","og_type":"article","og_title":"Tourist Information - Territorio Sierra Espu\u00f1a","og_description":"Visitors in the Sierra Espu\u00f1a Regional Park can&nbsp; get to the Ricardo Codorni\u00fa Visitor Centre where they will be provided with all the information related to the natural values of the park, especially its fauna and flora. Furthermore, 3 of the municipalities comprising the Commonwealth: Alhama, Mula and Totana count on a tourist office for... info","og_url":"https:\/\/territoriosierraespuna.com\/en\/plan-your-trip-2\/useful-information\/tourist-information\/","og_site_name":"Territorio Sierra Espu\u00f1a","article_modified_time":"2020-03-24T12:49:13+00:00","og_image":[{"width":1139,"height":320,"url":"https:\/\/territoriosierraespuna.com\/wp-content\/uploads\/2018\/02\/informacion-turistica-territorio-sierra-espuna.jpg","type":"image\/jpeg"}],"twitter_card":"summary_large_image","schema":{"@context":"https:\/\/schema.org","@graph":[{"@type":"WebPage","@id":"https:\/\/territoriosierraespuna.com\/en\/plan-your-trip-2\/useful-information\/tourist-information\/","url":"https:\/\/territoriosierraespuna.com\/en\/plan-your-trip-2\/useful-information\/tourist-information\/","name":"Tourist Information - Territorio Sierra Espu\u00f1a","isPartOf":{"@id":"https:\/\/territoriosierraespuna.com\/#website"},"primaryImageOfPage":{"@id":"https:\/\/territoriosierraespuna.com\/en\/plan-your-trip-2\/useful-information\/tourist-information\/#primaryimage"},"image":{"@id":"https:\/\/territoriosierraespuna.com\/en\/plan-your-trip-2\/useful-information\/tourist-information\/#primaryimage"},"thumbnailUrl":"https:\/\/territoriosierraespuna.com\/wp-content\/uploads\/2018\/02\/informacion-turistica-territorio-sierra-espuna.jpg","datePublished":"2020-02-17T13:22:34+00:00","dateModified":"2020-03-24T12:49:13+00:00","breadcrumb":{"@id":"https:\/\/territoriosierraespuna.com\/en\/plan-your-trip-2\/useful-information\/tourist-information\/#breadcrumb"},"inLanguage":"en-US","potentialAction":[{"@type":"ReadAction","target":["https:\/\/territoriosierraespuna.com\/en\/plan-your-trip-2\/useful-information\/tourist-information\/"]}]},{"@type":"ImageObject","inLanguage":"en-US","@id":"https:\/\/territoriosierraespuna.com\/en\/plan-your-trip-2\/useful-information\/tourist-information\/#primaryimage","url":"https:\/\/territoriosierraespuna.com\/wp-content\/uploads\/2018\/02\/informacion-turistica-territorio-sierra-espuna.jpg","contentUrl":"https:\/\/territoriosierraespuna.com\/wp-content\/uploads\/2018\/02\/informacion-turistica-territorio-sierra-espuna.jpg","width":1139,"height":320},{"@type":"BreadcrumbList","@id":"https:\/\/territoriosierraespuna.com\/en\/plan-your-trip-2\/useful-information\/tourist-information\/#breadcrumb","itemListElement":[{"@type":"ListItem","position":1,"name":"Inicio","item":"https:\/\/territoriosierraespuna.com\/en\/"},{"@type":"ListItem","position":2,"name":"Plan your trip","item":"https:\/\/territoriosierraespuna.com\/en\/plan-your-trip-2\/"},{"@type":"ListItem","position":3,"name":"Useful information","item":"https:\/\/territoriosierraespuna.com\/en\/plan-your-trip-2\/useful-information\/"},{"@type":"ListItem","position":4,"name":"Tourist Information"}]},{"@type":"WebSite","@id":"https:\/\/territoriosierraespuna.com\/#website","url":"https:\/\/territoriosierraespuna.com\/","name":"Territorio Sierra Espu\u00f1a","description":"","potentialAction":[{"@type":"SearchAction","target":{"@type":"EntryPoint","urlTemplate":"https:\/\/territoriosierraespuna.com\/?s={search_term_string}"},"query-input":{"@type":"PropertyValueSpecification","valueRequired":true,"valueName":"search_term_string"}}],"inLanguage":"en-US"}]}},"_links":{"self":[{"href":"https:\/\/territoriosierraespuna.com\/en\/wp-json\/wp\/v2\/pages\/7475","targetHints":{"allow":["GET"]}}],"collection":[{"href":"https:\/\/territoriosierraespuna.com\/en\/wp-json\/wp\/v2\/pages"}],"about":[{"href":"https:\/\/territoriosierraespuna.com\/en\/wp-json\/wp\/v2\/types\/page"}],"author":[{"embeddable":true,"href":"https:\/\/territoriosierraespuna.com\/en\/wp-json\/wp\/v2\/users\/4"}],"replies":[{"embeddable":true,"href":"https:\/\/territoriosierraespuna.com\/en\/wp-json\/wp\/v2\/comments?post=7475"}],"version-history":[{"count":2,"href":"https:\/\/territoriosierraespuna.com\/en\/wp-json\/wp\/v2\/pages\/7475\/revisions"}],"predecessor-version":[{"id":7813,"href":"https:\/\/territoriosierraespuna.com\/en\/wp-json\/wp\/v2\/pages\/7475\/revisions\/7813"}],"up":[{"embeddable":true,"href":"https:\/\/territoriosierraespuna.com\/en\/wp-json\/wp\/v2\/pages\/7470"}],"wp:featuredmedia":[{"embeddable":true,"href":"https:\/\/territoriosierraespuna.com\/en\/wp-json\/wp\/v2\/media\/5796"}],"wp:attachment":[{"href":"https:\/\/territoriosierraespuna.com\/en\/wp-json\/wp\/v2\/media?parent=7475"}],"curies":[{"name":"wp","href":"https:\/\/api.w.org\/{rel}","templated":true}]}}