{"id":7281,"date":"2020-02-10T14:55:12","date_gmt":"2020-02-10T13:55:12","guid":{"rendered":"https:\/\/territoriosierraespuna.com\/?page_id=7281"},"modified":"2020-03-03T15:04:30","modified_gmt":"2020-03-03T14:04:30","slug":"artisan-workshops","status":"publish","type":"page","link":"https:\/\/territoriosierraespuna.com\/en\/see-and-do-2\/craftwork\/artisan-workshops\/","title":{"rendered":"Artisan Workshops"},"content":{"rendered":"\n<p>In order to get a closer look at our traditional craftwork, visiting our production centres is, no doubt, the best option. In this section you will find different places where learning more about pottery in this area, as well as its traditional footwear.<\/p>\n\n\n\n<p style=\"color:#5b7c09\" class=\"has-text-color\"><strong>Alfarer\u00eda Bell\u00f3n<\/strong><\/p>\n\n\n\n<p style=\"color:#5b7c09\" class=\"has-text-color\"><strong>Alfarer\u00eda Romero y Hern\u00e1ndez<\/strong><\/p>\n\n\n\n<p style=\"color:#5b7c09\" class=\"has-text-color\"><strong>Alfarer\u00eda Boluda<\/strong><\/p>\n\n\n\n<p style=\"color:#5b7c09\" class=\"has-text-color\"><strong>Calzados Toballe<\/strong><br><\/p>\n","protected":false},"excerpt":{"rendered":"In order to get a closer look at our traditional craftwork, visiting our production centres is, no doubt, the best option. In this section you will find different places where learning more about pottery in this area, as well as its traditional footwear. Alfarer\u00eda Bell\u00f3n Alfarer\u00eda Romero y Hern\u00e1ndez Alfarer\u00eda Boluda Calzados Toballe","protected":false},"author":4,"featured_media":5733,"parent":7247,"menu_order":2,"comment_status":"closed","ping_status":"closed","template":"templates\/page-tpl-experience.php","meta":{"_acf_changed":false,"footnotes":""},"class_list":["post-7281","page","type-page","status-publish","has-post-thumbnail","hentry"],"acf":[],"yoast_head":"<!-- This site is optimized with the Yoast SEO plugin v23.9 - https:\/\/yoast.com\/wordpress\/plugins\/seo\/ -->\n<title>Artisan Workshops - Territorio Sierra Espu\u00f1a<\/title>\n<meta name=\"robots\" content=\"index, follow, max-snippet:-1, max-image-preview:large, max-video-preview:-1\" \/>\n<link rel=\"canonical\" href=\"https:\/\/territoriosierraespuna.com\/en\/see-and-do-2\/craftwork\/artisan-workshops\/\" \/>\n<meta property=\"og:locale\" content=\"en_US\" \/>\n<meta property=\"og:type\" content=\"article\" \/>\n<meta property=\"og:title\" content=\"Artisan Workshops - Territorio Sierra Espu\u00f1a\" \/>\n<meta property=\"og:description\" content=\"In order to get a closer look at our traditional craftwork, visiting our production centres is, no doubt, the best option. In this section you will find different places where learning more about pottery in this area, as well as its traditional footwear. Alfarer\u00eda Bell\u00f3n Alfarer\u00eda Romero y Hern\u00e1ndez Alfarer\u00eda Boluda Calzados Toballe\" \/>\n<meta property=\"og:url\" content=\"https:\/\/territoriosierraespuna.com\/en\/see-and-do-2\/craftwork\/artisan-workshops\/\" \/>\n<meta property=\"og:site_name\" content=\"Territorio Sierra Espu\u00f1a\" \/>\n<meta property=\"article:modified_time\" content=\"2020-03-03T14:04:30+00:00\" \/>\n<meta property=\"og:image\" content=\"https:\/\/territoriosierraespuna.com\/wp-content\/uploads\/2018\/02\/productos-territorio-sierra-espuna.jpg\" \/>\n\t<meta property=\"og:image:width\" content=\"1139\" \/>\n\t<meta property=\"og:image:height\" content=\"320\" \/>\n\t<meta property=\"og:image:type\" content=\"image\/jpeg\" \/>\n<meta name=\"twitter:card\" content=\"summary_large_image\" \/>\n<script type=\"application\/ld+json\" class=\"yoast-schema-graph\">{\"@context\":\"https:\/\/schema.org\",\"@graph\":[{\"@type\":\"WebPage\",\"@id\":\"https:\/\/territoriosierraespuna.com\/en\/see-and-do-2\/craftwork\/artisan-workshops\/\",\"url\":\"https:\/\/territoriosierraespuna.com\/en\/see-and-do-2\/craftwork\/artisan-workshops\/\",\"name\":\"Artisan Workshops - Territorio Sierra Espu\u00f1a\",\"isPartOf\":{\"@id\":\"https:\/\/territoriosierraespuna.com\/#website\"},\"primaryImageOfPage\":{\"@id\":\"https:\/\/territoriosierraespuna.com\/en\/see-and-do-2\/craftwork\/artisan-workshops\/#primaryimage\"},\"image\":{\"@id\":\"https:\/\/territoriosierraespuna.com\/en\/see-and-do-2\/craftwork\/artisan-workshops\/#primaryimage\"},\"thumbnailUrl\":\"https:\/\/territoriosierraespuna.com\/wp-content\/uploads\/2018\/02\/productos-territorio-sierra-espuna.jpg\",\"datePublished\":\"2020-02-10T13:55:12+00:00\",\"dateModified\":\"2020-03-03T14:04:30+00:00\",\"breadcrumb\":{\"@id\":\"https:\/\/territoriosierraespuna.com\/en\/see-and-do-2\/craftwork\/artisan-workshops\/#breadcrumb\"},\"inLanguage\":\"en-US\",\"potentialAction\":[{\"@type\":\"ReadAction\",\"target\":[\"https:\/\/territoriosierraespuna.com\/en\/see-and-do-2\/craftwork\/artisan-workshops\/\"]}]},{\"@type\":\"ImageObject\",\"inLanguage\":\"en-US\",\"@id\":\"https:\/\/territoriosierraespuna.com\/en\/see-and-do-2\/craftwork\/artisan-workshops\/#primaryimage\",\"url\":\"https:\/\/territoriosierraespuna.com\/wp-content\/uploads\/2018\/02\/productos-territorio-sierra-espuna.jpg\",\"contentUrl\":\"https:\/\/territoriosierraespuna.com\/wp-content\/uploads\/2018\/02\/productos-territorio-sierra-espuna.jpg\",\"width\":1139,\"height\":320},{\"@type\":\"BreadcrumbList\",\"@id\":\"https:\/\/territoriosierraespuna.com\/en\/see-and-do-2\/craftwork\/artisan-workshops\/#breadcrumb\",\"itemListElement\":[{\"@type\":\"ListItem\",\"position\":1,\"name\":\"Inicio\",\"item\":\"https:\/\/territoriosierraespuna.com\/en\/\"},{\"@type\":\"ListItem\",\"position\":2,\"name\":\"See and do\",\"item\":\"https:\/\/territoriosierraespuna.com\/en\/see-and-do-2\/\"},{\"@type\":\"ListItem\",\"position\":3,\"name\":\"Craftwork\",\"item\":\"https:\/\/territoriosierraespuna.com\/en\/see-and-do-2\/craftwork\/\"},{\"@type\":\"ListItem\",\"position\":4,\"name\":\"Artisan Workshops\"}]},{\"@type\":\"WebSite\",\"@id\":\"https:\/\/territoriosierraespuna.com\/#website\",\"url\":\"https:\/\/territoriosierraespuna.com\/\",\"name\":\"Territorio Sierra Espu\u00f1a\",\"description\":\"\",\"potentialAction\":[{\"@type\":\"SearchAction\",\"target\":{\"@type\":\"EntryPoint\",\"urlTemplate\":\"https:\/\/territoriosierraespuna.com\/?s={search_term_string}\"},\"query-input\":{\"@type\":\"PropertyValueSpecification\",\"valueRequired\":true,\"valueName\":\"search_term_string\"}}],\"inLanguage\":\"en-US\"}]}<\/script>\n<!-- \/ Yoast SEO plugin. -->","yoast_head_json":{"title":"Artisan Workshops - Territorio Sierra Espu\u00f1a","robots":{"index":"index","follow":"follow","max-snippet":"max-snippet:-1","max-image-preview":"max-image-preview:large","max-video-preview":"max-video-preview:-1"},"canonical":"https:\/\/territoriosierraespuna.com\/en\/see-and-do-2\/craftwork\/artisan-workshops\/","og_locale":"en_US","og_type":"article","og_title":"Artisan Workshops - Territorio Sierra Espu\u00f1a","og_description":"In order to get a closer look at our traditional craftwork, visiting our production centres is, no doubt, the best option. In this section you will find different places where learning more about pottery in this area, as well as its traditional footwear. Alfarer\u00eda Bell\u00f3n Alfarer\u00eda Romero y Hern\u00e1ndez Alfarer\u00eda Boluda Calzados Toballe","og_url":"https:\/\/territoriosierraespuna.com\/en\/see-and-do-2\/craftwork\/artisan-workshops\/","og_site_name":"Territorio Sierra Espu\u00f1a","article_modified_time":"2020-03-03T14:04:30+00:00","og_image":[{"width":1139,"height":320,"url":"https:\/\/territoriosierraespuna.com\/wp-content\/uploads\/2018\/02\/productos-territorio-sierra-espuna.jpg","type":"image\/jpeg"}],"twitter_card":"summary_large_image","schema":{"@context":"https:\/\/schema.org","@graph":[{"@type":"WebPage","@id":"https:\/\/territoriosierraespuna.com\/en\/see-and-do-2\/craftwork\/artisan-workshops\/","url":"https:\/\/territoriosierraespuna.com\/en\/see-and-do-2\/craftwork\/artisan-workshops\/","name":"Artisan Workshops - Territorio Sierra Espu\u00f1a","isPartOf":{"@id":"https:\/\/territoriosierraespuna.com\/#website"},"primaryImageOfPage":{"@id":"https:\/\/territoriosierraespuna.com\/en\/see-and-do-2\/craftwork\/artisan-workshops\/#primaryimage"},"image":{"@id":"https:\/\/territoriosierraespuna.com\/en\/see-and-do-2\/craftwork\/artisan-workshops\/#primaryimage"},"thumbnailUrl":"https:\/\/territoriosierraespuna.com\/wp-content\/uploads\/2018\/02\/productos-territorio-sierra-espuna.jpg","datePublished":"2020-02-10T13:55:12+00:00","dateModified":"2020-03-03T14:04:30+00:00","breadcrumb":{"@id":"https:\/\/territoriosierraespuna.com\/en\/see-and-do-2\/craftwork\/artisan-workshops\/#breadcrumb"},"inLanguage":"en-US","potentialAction":[{"@type":"ReadAction","target":["https:\/\/territoriosierraespuna.com\/en\/see-and-do-2\/craftwork\/artisan-workshops\/"]}]},{"@type":"ImageObject","inLanguage":"en-US","@id":"https:\/\/territoriosierraespuna.com\/en\/see-and-do-2\/craftwork\/artisan-workshops\/#primaryimage","url":"https:\/\/territoriosierraespuna.com\/wp-content\/uploads\/2018\/02\/productos-territorio-sierra-espuna.jpg","contentUrl":"https:\/\/territoriosierraespuna.com\/wp-content\/uploads\/2018\/02\/productos-territorio-sierra-espuna.jpg","width":1139,"height":320},{"@type":"BreadcrumbList","@id":"https:\/\/territoriosierraespuna.com\/en\/see-and-do-2\/craftwork\/artisan-workshops\/#breadcrumb","itemListElement":[{"@type":"ListItem","position":1,"name":"Inicio","item":"https:\/\/territoriosierraespuna.com\/en\/"},{"@type":"ListItem","position":2,"name":"See and do","item":"https:\/\/territoriosierraespuna.com\/en\/see-and-do-2\/"},{"@type":"ListItem","position":3,"name":"Craftwork","item":"https:\/\/territoriosierraespuna.com\/en\/see-and-do-2\/craftwork\/"},{"@type":"ListItem","position":4,"name":"Artisan Workshops"}]},{"@type":"WebSite","@id":"https:\/\/territoriosierraespuna.com\/#website","url":"https:\/\/territoriosierraespuna.com\/","name":"Territorio Sierra Espu\u00f1a","description":"","potentialAction":[{"@type":"SearchAction","target":{"@type":"EntryPoint","urlTemplate":"https:\/\/territoriosierraespuna.com\/?s={search_term_string}"},"query-input":{"@type":"PropertyValueSpecification","valueRequired":true,"valueName":"search_term_string"}}],"inLanguage":"en-US"}]}},"_links":{"self":[{"href":"https:\/\/territoriosierraespuna.com\/en\/wp-json\/wp\/v2\/pages\/7281","targetHints":{"allow":["GET"]}}],"collection":[{"href":"https:\/\/territoriosierraespuna.com\/en\/wp-json\/wp\/v2\/pages"}],"about":[{"href":"https:\/\/territoriosierraespuna.com\/en\/wp-json\/wp\/v2\/types\/page"}],"author":[{"embeddable":true,"href":"https:\/\/territoriosierraespuna.com\/en\/wp-json\/wp\/v2\/users\/4"}],"replies":[{"embeddable":true,"href":"https:\/\/territoriosierraespuna.com\/en\/wp-json\/wp\/v2\/comments?post=7281"}],"version-history":[{"count":1,"href":"https:\/\/territoriosierraespuna.com\/en\/wp-json\/wp\/v2\/pages\/7281\/revisions"}],"predecessor-version":[{"id":7282,"href":"https:\/\/territoriosierraespuna.com\/en\/wp-json\/wp\/v2\/pages\/7281\/revisions\/7282"}],"up":[{"embeddable":true,"href":"https:\/\/territoriosierraespuna.com\/en\/wp-json\/wp\/v2\/pages\/7247"}],"wp:featuredmedia":[{"embeddable":true,"href":"https:\/\/territoriosierraespuna.com\/en\/wp-json\/wp\/v2\/media\/5733"}],"wp:attachment":[{"href":"https:\/\/territoriosierraespuna.com\/en\/wp-json\/wp\/v2\/media?parent=7281"}],"curies":[{"name":"wp","href":"https:\/\/api.w.org\/{rel}","templated":true}]}}