{"id":7269,"date":"2020-02-10T09:42:17","date_gmt":"2020-02-10T08:42:17","guid":{"rendered":"https:\/\/territoriosierraespuna.com\/?page_id=7269"},"modified":"2020-03-10T09:54:10","modified_gmt":"2020-03-10T08:54:10","slug":"museo-de-la-policia-local","status":"publish","type":"page","link":"https:\/\/territoriosierraespuna.com\/en\/see-and-do-2\/museums-2\/museo-de-la-policia-local\/","title":{"rendered":"Museo de la Polic\u00eda Local"},"content":{"rendered":"\n\n    <div class=\"rss-item\">\n                                                                                                                    <div class=\"item-content\">\n                                                <div class=\"item-content-extra\">\n                            <div class=\"item-image-main\">\n                                <img decoding=\"async\" src=\"https:\/\/www.turismoregiondemurcia.es\/webs\/murciaturistica\/fotos\/1\/museos\/policialocal1_g.jpg\" alt=\"MUSEO DE LA POLICIA LOCAL\" \/>                            <\/div>\n                            <div class=\"item-image\">\n                                <img decoding=\"async\" src=\"https:\/\/www.murciaturistica.es\/webs\/murciaturistica\/estatico\/img\/servicios\/discapacitados.png\" alt=\"Establecimiento adaptado a discapacitados\" title=\"Establecimiento adaptado a discapacitados\" \/>\n                                <img decoding=\"async\" src=\"https:\/\/www.murciaturistica.es\/webs\/murciaturistica\/estatico\/img\/servicios\/icowifi.png\" alt=\"Wifi disponible\" title=\"Wifi disponible\" \/>\n                                <img decoding=\"async\" src=\"https:\/\/www.murciaturistica.es\/webs\/murciaturistica\/estatico\/img\/servicios\/icoparking.png\" alt=\"Con aparcamiento privado\" title=\"Con aparcamiento privado\" \/>\n                                <img decoding=\"async\" src=\"https:\/\/www.murciaturistica.es\/webs\/murciaturistica\/estatico\/img\/servicios\/icoresta.png\" alt=\"Con restaurante, bar o cafeter\u00eda\" title=\"Con restaurante, bar o cafeter\u00eda\" \/>\n                            <\/div>\n                        <\/div>\n                        <div class=\"item-content-main\">\n                            <h2>MUSEO DE LA POLICIA LOCAL<\/h2><meta name=\"resource-id\" content=\"94\"><div class=\"item-contact\">Pza. de la Constituci\u00f3n<br>TOTANA<br>TOTANA<br>30850<br>968 418 181<br><a href=\"http:\/\/www.totana.com\/museo-policia\" target=\"_blank\">http:\/\/www.totana.com\/museo-policia<\/a><br><\/div><p class=\"item-description\">Alberga una colecci\u00f3n de emblemas de brazo de polic\u00edas nacionales e internacionales superior a las 1.600 unidades, distribuidas en su mayor parte en cuadros por toda las dependencias policiales, adem\u00e1s de Placas Met\u00e1licas originales, muy buenas colecciones de pins policiales, m\u00e1s de 100 prendas<span class=\"item-read-more\">... <a href=\"javascript:void(0)\">leer m\u00e1s<\/a><\/span><span class=\"second-part\"> de cabeza de distintas polic\u00edas nacionales e internacionales, armas inutilizadas, sobre los 10 uniformes completos de polic\u00edas de distintos cuerpos, la primera moto de polic\u00eda municipal que funcion\u00f3 en el municipio, placas de matriculas de ciclomotores, bicicletas, carros, fotos antiguas de los guindillas, etc. adem\u00e1s de un libro muy emblem\u00e1tico como es el reglamento org\u00e1nico de los serenos municipales de Totana, del a\u00f1o 1904, etc. Algo realmente curioso de ver. <a class=\"item-read-less\" href=\"javascript:void(0)\">leer menos<\/a><\/span><\/p><a href=\"https:\/\/www.google.es\/maps\/@37.770011,-1.502203,17z\" target=\"_blank\"><img decoding=\"async\" src=\"https:\/\/maps.googleapis.com\/maps\/api\/staticmap?center=37.770011,-1.502203&zoom=14&size=600x450&key=AIzaSyBv45YGAnjX7MfPyOXUVc1uIfRJR4NXD34\" alt=\"Mapa de MUSEO DE LA POLICIA LOCAL\"\/><\/a><div class=\"item-url\"><a href=\"https:\/\/www.turismoregiondemurcia.es\/es\/museo\/museo-de-la-policia-local-94\/\" target=\"_blank\">Ver ficha<\/a><\/div>                        <\/div>\n                    <\/div>\n                                        <\/div>\n\n    \n","protected":false},"excerpt":{"rendered":"","protected":false},"author":4,"featured_media":5775,"parent":7243,"menu_order":7,"comment_status":"closed","ping_status":"closed","template":"templates\/page-tpl-n3.php","meta":{"_acf_changed":false,"footnotes":""},"class_list":["post-7269","page","type-page","status-publish","has-post-thumbnail","hentry"],"acf":[],"yoast_head":"<!-- This site is optimized with the Yoast SEO plugin v23.9 - https:\/\/yoast.com\/wordpress\/plugins\/seo\/ -->\n<title>Museo de la Polic\u00eda Local - Territorio Sierra Espu\u00f1a<\/title>\n<meta name=\"robots\" content=\"index, follow, max-snippet:-1, max-image-preview:large, max-video-preview:-1\" \/>\n<link rel=\"canonical\" href=\"https:\/\/territoriosierraespuna.com\/en\/see-and-do-2\/museums-2\/museo-de-la-policia-local\/\" \/>\n<meta property=\"og:locale\" content=\"en_US\" \/>\n<meta property=\"og:type\" content=\"article\" \/>\n<meta property=\"og:title\" content=\"Museo de la Polic\u00eda Local - Territorio Sierra Espu\u00f1a\" \/>\n<meta property=\"og:url\" content=\"https:\/\/territoriosierraespuna.com\/en\/see-and-do-2\/museums-2\/museo-de-la-policia-local\/\" \/>\n<meta property=\"og:site_name\" content=\"Territorio Sierra Espu\u00f1a\" \/>\n<meta property=\"article:modified_time\" content=\"2020-03-10T08:54:10+00:00\" \/>\n<meta property=\"og:image\" content=\"https:\/\/territoriosierraespuna.com\/wp-content\/uploads\/2018\/02\/museos-ver-y-hacer-sierra-espuna.jpg\" \/>\n\t<meta property=\"og:image:width\" content=\"1139\" \/>\n\t<meta property=\"og:image:height\" content=\"320\" \/>\n\t<meta property=\"og:image:type\" content=\"image\/jpeg\" \/>\n<meta name=\"twitter:card\" content=\"summary_large_image\" \/>\n<script type=\"application\/ld+json\" class=\"yoast-schema-graph\">{\"@context\":\"https:\/\/schema.org\",\"@graph\":[{\"@type\":\"WebPage\",\"@id\":\"https:\/\/territoriosierraespuna.com\/en\/see-and-do-2\/museums-2\/museo-de-la-policia-local\/\",\"url\":\"https:\/\/territoriosierraespuna.com\/en\/see-and-do-2\/museums-2\/museo-de-la-policia-local\/\",\"name\":\"Museo de la Polic\u00eda Local - Territorio Sierra Espu\u00f1a\",\"isPartOf\":{\"@id\":\"https:\/\/territoriosierraespuna.com\/#website\"},\"primaryImageOfPage\":{\"@id\":\"https:\/\/territoriosierraespuna.com\/en\/see-and-do-2\/museums-2\/museo-de-la-policia-local\/#primaryimage\"},\"image\":{\"@id\":\"https:\/\/territoriosierraespuna.com\/en\/see-and-do-2\/museums-2\/museo-de-la-policia-local\/#primaryimage\"},\"thumbnailUrl\":\"https:\/\/territoriosierraespuna.com\/wp-content\/uploads\/2018\/02\/museos-ver-y-hacer-sierra-espuna.jpg\",\"datePublished\":\"2020-02-10T08:42:17+00:00\",\"dateModified\":\"2020-03-10T08:54:10+00:00\",\"breadcrumb\":{\"@id\":\"https:\/\/territoriosierraespuna.com\/en\/see-and-do-2\/museums-2\/museo-de-la-policia-local\/#breadcrumb\"},\"inLanguage\":\"en-US\",\"potentialAction\":[{\"@type\":\"ReadAction\",\"target\":[\"https:\/\/territoriosierraespuna.com\/en\/see-and-do-2\/museums-2\/museo-de-la-policia-local\/\"]}]},{\"@type\":\"ImageObject\",\"inLanguage\":\"en-US\",\"@id\":\"https:\/\/territoriosierraespuna.com\/en\/see-and-do-2\/museums-2\/museo-de-la-policia-local\/#primaryimage\",\"url\":\"https:\/\/territoriosierraespuna.com\/wp-content\/uploads\/2018\/02\/museos-ver-y-hacer-sierra-espuna.jpg\",\"contentUrl\":\"https:\/\/territoriosierraespuna.com\/wp-content\/uploads\/2018\/02\/museos-ver-y-hacer-sierra-espuna.jpg\",\"width\":1139,\"height\":320},{\"@type\":\"BreadcrumbList\",\"@id\":\"https:\/\/territoriosierraespuna.com\/en\/see-and-do-2\/museums-2\/museo-de-la-policia-local\/#breadcrumb\",\"itemListElement\":[{\"@type\":\"ListItem\",\"position\":1,\"name\":\"Inicio\",\"item\":\"https:\/\/territoriosierraespuna.com\/en\/\"},{\"@type\":\"ListItem\",\"position\":2,\"name\":\"See and do\",\"item\":\"https:\/\/territoriosierraespuna.com\/en\/see-and-do-2\/\"},{\"@type\":\"ListItem\",\"position\":3,\"name\":\"Museums\",\"item\":\"https:\/\/territoriosierraespuna.com\/en\/see-and-do-2\/museums-2\/\"},{\"@type\":\"ListItem\",\"position\":4,\"name\":\"Museo de la Polic\u00eda Local\"}]},{\"@type\":\"WebSite\",\"@id\":\"https:\/\/territoriosierraespuna.com\/#website\",\"url\":\"https:\/\/territoriosierraespuna.com\/\",\"name\":\"Territorio Sierra Espu\u00f1a\",\"description\":\"\",\"potentialAction\":[{\"@type\":\"SearchAction\",\"target\":{\"@type\":\"EntryPoint\",\"urlTemplate\":\"https:\/\/territoriosierraespuna.com\/?s={search_term_string}\"},\"query-input\":{\"@type\":\"PropertyValueSpecification\",\"valueRequired\":true,\"valueName\":\"search_term_string\"}}],\"inLanguage\":\"en-US\"}]}<\/script>\n<!-- \/ Yoast SEO plugin. -->","yoast_head_json":{"title":"Museo de la Polic\u00eda Local - Territorio Sierra Espu\u00f1a","robots":{"index":"index","follow":"follow","max-snippet":"max-snippet:-1","max-image-preview":"max-image-preview:large","max-video-preview":"max-video-preview:-1"},"canonical":"https:\/\/territoriosierraespuna.com\/en\/see-and-do-2\/museums-2\/museo-de-la-policia-local\/","og_locale":"en_US","og_type":"article","og_title":"Museo de la Polic\u00eda Local - Territorio Sierra Espu\u00f1a","og_url":"https:\/\/territoriosierraespuna.com\/en\/see-and-do-2\/museums-2\/museo-de-la-policia-local\/","og_site_name":"Territorio Sierra Espu\u00f1a","article_modified_time":"2020-03-10T08:54:10+00:00","og_image":[{"width":1139,"height":320,"url":"https:\/\/territoriosierraespuna.com\/wp-content\/uploads\/2018\/02\/museos-ver-y-hacer-sierra-espuna.jpg","type":"image\/jpeg"}],"twitter_card":"summary_large_image","schema":{"@context":"https:\/\/schema.org","@graph":[{"@type":"WebPage","@id":"https:\/\/territoriosierraespuna.com\/en\/see-and-do-2\/museums-2\/museo-de-la-policia-local\/","url":"https:\/\/territoriosierraespuna.com\/en\/see-and-do-2\/museums-2\/museo-de-la-policia-local\/","name":"Museo de la Polic\u00eda Local - Territorio Sierra Espu\u00f1a","isPartOf":{"@id":"https:\/\/territoriosierraespuna.com\/#website"},"primaryImageOfPage":{"@id":"https:\/\/territoriosierraespuna.com\/en\/see-and-do-2\/museums-2\/museo-de-la-policia-local\/#primaryimage"},"image":{"@id":"https:\/\/territoriosierraespuna.com\/en\/see-and-do-2\/museums-2\/museo-de-la-policia-local\/#primaryimage"},"thumbnailUrl":"https:\/\/territoriosierraespuna.com\/wp-content\/uploads\/2018\/02\/museos-ver-y-hacer-sierra-espuna.jpg","datePublished":"2020-02-10T08:42:17+00:00","dateModified":"2020-03-10T08:54:10+00:00","breadcrumb":{"@id":"https:\/\/territoriosierraespuna.com\/en\/see-and-do-2\/museums-2\/museo-de-la-policia-local\/#breadcrumb"},"inLanguage":"en-US","potentialAction":[{"@type":"ReadAction","target":["https:\/\/territoriosierraespuna.com\/en\/see-and-do-2\/museums-2\/museo-de-la-policia-local\/"]}]},{"@type":"ImageObject","inLanguage":"en-US","@id":"https:\/\/territoriosierraespuna.com\/en\/see-and-do-2\/museums-2\/museo-de-la-policia-local\/#primaryimage","url":"https:\/\/territoriosierraespuna.com\/wp-content\/uploads\/2018\/02\/museos-ver-y-hacer-sierra-espuna.jpg","contentUrl":"https:\/\/territoriosierraespuna.com\/wp-content\/uploads\/2018\/02\/museos-ver-y-hacer-sierra-espuna.jpg","width":1139,"height":320},{"@type":"BreadcrumbList","@id":"https:\/\/territoriosierraespuna.com\/en\/see-and-do-2\/museums-2\/museo-de-la-policia-local\/#breadcrumb","itemListElement":[{"@type":"ListItem","position":1,"name":"Inicio","item":"https:\/\/territoriosierraespuna.com\/en\/"},{"@type":"ListItem","position":2,"name":"See and do","item":"https:\/\/territoriosierraespuna.com\/en\/see-and-do-2\/"},{"@type":"ListItem","position":3,"name":"Museums","item":"https:\/\/territoriosierraespuna.com\/en\/see-and-do-2\/museums-2\/"},{"@type":"ListItem","position":4,"name":"Museo de la Polic\u00eda Local"}]},{"@type":"WebSite","@id":"https:\/\/territoriosierraespuna.com\/#website","url":"https:\/\/territoriosierraespuna.com\/","name":"Territorio Sierra Espu\u00f1a","description":"","potentialAction":[{"@type":"SearchAction","target":{"@type":"EntryPoint","urlTemplate":"https:\/\/territoriosierraespuna.com\/?s={search_term_string}"},"query-input":{"@type":"PropertyValueSpecification","valueRequired":true,"valueName":"search_term_string"}}],"inLanguage":"en-US"}]}},"_links":{"self":[{"href":"https:\/\/territoriosierraespuna.com\/en\/wp-json\/wp\/v2\/pages\/7269","targetHints":{"allow":["GET"]}}],"collection":[{"href":"https:\/\/territoriosierraespuna.com\/en\/wp-json\/wp\/v2\/pages"}],"about":[{"href":"https:\/\/territoriosierraespuna.com\/en\/wp-json\/wp\/v2\/types\/page"}],"author":[{"embeddable":true,"href":"https:\/\/territoriosierraespuna.com\/en\/wp-json\/wp\/v2\/users\/4"}],"replies":[{"embeddable":true,"href":"https:\/\/territoriosierraespuna.com\/en\/wp-json\/wp\/v2\/comments?post=7269"}],"version-history":[{"count":1,"href":"https:\/\/territoriosierraespuna.com\/en\/wp-json\/wp\/v2\/pages\/7269\/revisions"}],"predecessor-version":[{"id":7270,"href":"https:\/\/territoriosierraespuna.com\/en\/wp-json\/wp\/v2\/pages\/7269\/revisions\/7270"}],"up":[{"embeddable":true,"href":"https:\/\/territoriosierraespuna.com\/en\/wp-json\/wp\/v2\/pages\/7243"}],"wp:featuredmedia":[{"embeddable":true,"href":"https:\/\/territoriosierraespuna.com\/en\/wp-json\/wp\/v2\/media\/5775"}],"wp:attachment":[{"href":"https:\/\/territoriosierraespuna.com\/en\/wp-json\/wp\/v2\/media?parent=7269"}],"curies":[{"name":"wp","href":"https:\/\/api.w.org\/{rel}","templated":true}]}}