{"id":7255,"date":"2020-02-10T09:31:25","date_gmt":"2020-02-10T08:31:25","guid":{"rendered":"https:\/\/territoriosierraespuna.com\/?page_id=7255"},"modified":"2020-03-10T08:52:54","modified_gmt":"2020-03-10T07:52:54","slug":"museo-arqueologico-los-banos","status":"publish","type":"page","link":"https:\/\/territoriosierraespuna.com\/en\/see-and-do-2\/museums-2\/museo-arqueologico-los-banos\/","title":{"rendered":"Museo Arqueol\u00f3gico Los Ba\u00f1os"},"content":{"rendered":"\n\n    <div class=\"rss-item\">\n                                                                        <div class=\"item-content\">\n                                                <div class=\"item-content-extra\">\n                            <div class=\"item-image-main\">\n                                <img decoding=\"async\" src=\"https:\/\/www.turismoregiondemurcia.es\/webs\/murciaturistica\/fotos\/1\/museos\/recurso-1-104-1p_g.jpg\" alt=\"MUSEO ARQUEOL\u00d3GICO LOS BA\u00d1OS\" \/>                            <\/div>\n                            <div class=\"item-image\">\n                                <img decoding=\"async\" src=\"https:\/\/www.murciaturistica.es\/webs\/murciaturistica\/estatico\/img\/servicios\/discapacitados.png\" alt=\"Establecimiento adaptado a discapacitados\" title=\"Establecimiento adaptado a discapacitados\" \/>\n                                <img decoding=\"async\" src=\"https:\/\/www.murciaturistica.es\/webs\/murciaturistica\/estatico\/img\/servicios\/icowifi.png\" alt=\"Wifi disponible\" title=\"Wifi disponible\" \/>\n                                <img decoding=\"async\" src=\"https:\/\/www.murciaturistica.es\/webs\/murciaturistica\/estatico\/img\/servicios\/icoparking.png\" alt=\"Con aparcamiento privado\" title=\"Con aparcamiento privado\" \/>\n                                <img decoding=\"async\" src=\"https:\/\/www.murciaturistica.es\/webs\/murciaturistica\/estatico\/img\/servicios\/icoresta.png\" alt=\"Con restaurante, bar o cafeter\u00eda\" title=\"Con restaurante, bar o cafeter\u00eda\" \/>\n                            <\/div>\n                        <\/div>\n                        <div class=\"item-content-main\">\n                            <h2>MUSEO ARQUEOL\u00d3GICO LOS BA\u00d1OS<\/h2><meta name=\"resource-id\" content=\"104\"><div class=\"item-contact\">C\/ S\u00e1nchez Vidal, 5<br>ALHAMA DE MURCIA<br>ALHAMA DE MURCIA<br>30840<br>968 630 776<br><a href=\"http:\/\/www.museoalhamademurcia.es\/\" target=\"_blank\">http:\/\/www.museoalhamademurcia.es\/<\/a><br><\/div><p class=\"item-description\">Cerrado temporalmente por los trabajos de&nbsp;adecuaci&oacute;n, mejora de la eficiencia y digitalizaci&oacute;n museogr&aacute;fica, .\r\n\r\nEl Museo Arqueol&oacute;gico Los Ba&ntilde;os es un museo de sitio, creado para conservar y proteger los restos arqueol&oacute;gicos de los Ba&ntilde;os romanos<span class=\"item-read-more\">... <a href=\"javascript:void(0)\">leer m\u00e1s<\/a><\/span><span class=\"second-part\"> de Alhama de Murcia, del siglo I d.C., mostrando espacios tem&aacute;ticos de las distintas culturas que los han reutilizado.\r\n\r\nSu arquitectura constituye un ejemplo de conservaci&oacute;n del patrimonio, en un mismo complejo, de salas romanas, la reutilizaci&oacute;n de las mismas en el per&iacute;odo isl&aacute;mico y cristiano, hasta la construcci&oacute;n del nuevo balneario en el siglo XIX.\r\n\r\nSus restos arqueol&oacute;gicos fueron declarados en el a&ntilde;o 1983 Monumento Hist&oacute;rico-Art&iacute;stico de car&aacute;cter nacional (B.I.C) y en mayo de 2008 fue incluido en la Red de Museos de la Regi&oacute;n de Murcia.\r\n\r\nA principios del siglo XX el balneario alcanza su mayor esplendor, recibiendo visitas tan ilustres como la de D. Santiago Ram&oacute;n y Cajal.\r\n\r\nEn el Museo se celebran actividades culturales durante todo el a&ntilde;o (representaciones, encuentros de corales, conciertos de m&uacute;sica cl&aacute;sica, exposiciones, conferencias,&hellip;).\r\n <a class=\"item-read-less\" href=\"javascript:void(0)\">leer menos<\/a><\/span><\/p><a href=\"https:\/\/www.google.es\/maps\/@37.8526234,-1.4249634,17z\" target=\"_blank\"><img decoding=\"async\" src=\"https:\/\/maps.googleapis.com\/maps\/api\/staticmap?center=37.8526234,-1.4249634&zoom=14&size=600x450&key=AIzaSyBv45YGAnjX7MfPyOXUVc1uIfRJR4NXD34\" alt=\"Mapa de MUSEO ARQUEOL\u00d3GICO LOS BA\u00d1OS\"\/><\/a><div class=\"item-url\"><a href=\"https:\/\/www.turismoregiondemurcia.es\/es\/museo\/museo-arqueologico-los-ba\u00f1os-104\/\" target=\"_blank\">Ver ficha<\/a><\/div>                        <\/div>\n                    <\/div>\n                                                                                <div class=\"item-content\">\n                                                <div class=\"item-content-extra\">\n                            <div class=\"item-image-main\">\n                                <img decoding=\"async\" src=\"https:\/\/www.turismoregiondemurcia.es\/webs\/murciaturistica\/fotos\/1\/museos\/MUSEOS_1_4805_1_g.jpg\" alt=\"MUSEO PASOS E IM\u00c1GENES\" \/>                            <\/div>\n                            <div class=\"item-image\">\n                                <img decoding=\"async\" src=\"https:\/\/www.murciaturistica.es\/webs\/murciaturistica\/estatico\/img\/servicios\/discapacitados.png\" alt=\"Establecimiento adaptado a discapacitados\" title=\"Establecimiento adaptado a discapacitados\" \/>\n                                <img decoding=\"async\" src=\"https:\/\/www.murciaturistica.es\/webs\/murciaturistica\/estatico\/img\/servicios\/icowifi.png\" alt=\"Wifi disponible\" title=\"Wifi disponible\" \/>\n                                <img decoding=\"async\" src=\"https:\/\/www.murciaturistica.es\/webs\/murciaturistica\/estatico\/img\/servicios\/icoparking.png\" alt=\"Con aparcamiento privado\" title=\"Con aparcamiento privado\" \/>\n                                <img decoding=\"async\" src=\"https:\/\/www.murciaturistica.es\/webs\/murciaturistica\/estatico\/img\/servicios\/icoresta.png\" alt=\"Con restaurante, bar o cafeter\u00eda\" title=\"Con restaurante, bar o cafeter\u00eda\" \/>\n                            <\/div>\n                        <\/div>\n                        <div class=\"item-content-main\">\n                            <h2>MUSEO PASOS E IM\u00c1GENES<\/h2><meta name=\"resource-id\" content=\"4805\"><div class=\"item-contact\">C\/ Fuente Blanca, 18<br>ALHAMA DE MURCIA<br>ALHAMA DE MURCIA<br>30840<br>676175162<br><a href=\"http:\/\/\" target=\"_blank\"><\/a><br><\/div><p class=\"item-description\">En esta exposici&oacute;n permanente se puede contemplar gran parte del patrimonio de la Archicofrad&iacute;a de Ntro. Padre Jes&uacute;s Nazareno, como las im&aacute;genes que forman los pasos que representan las 7 &uacute;ltimas palabras de Jes&uacute;s en la Cruz. Tambi&eacute;n se expone el nega<span class=\"item-read-more\">... <a href=\"javascript:void(0)\">leer m\u00e1s<\/a><\/span><span class=\"second-part\">tivo fotogr&aacute;fico, tama&ntilde;o natural, de la S&aacute;bana Santa de Tur&iacute;n y las r&eacute;plicas del Santo Sudario de Oviedo y del Santo C&aacute;liz.\r\n <a class=\"item-read-less\" href=\"javascript:void(0)\">leer menos<\/a><\/span><\/p><a href=\"https:\/\/www.google.es\/maps\/@37.8493361,-1.4306583,17z\" target=\"_blank\"><img decoding=\"async\" src=\"https:\/\/maps.googleapis.com\/maps\/api\/staticmap?center=37.8493361,-1.4306583&zoom=14&size=600x450&key=AIzaSyBv45YGAnjX7MfPyOXUVc1uIfRJR4NXD34\" alt=\"Mapa de MUSEO PASOS E IM\u00c1GENES\"\/><\/a><div class=\"item-url\"><a href=\"https:\/\/www.turismoregiondemurcia.es\/es\/museo\/museo-pasos-e-imagenes-4805\/\" target=\"_blank\">Ver ficha<\/a><\/div>                        <\/div>\n                    <\/div>\n                                        <\/div>\n\n    \n","protected":false},"excerpt":{"rendered":"","protected":false},"author":4,"featured_media":5940,"parent":7243,"menu_order":1,"comment_status":"closed","ping_status":"closed","template":"templates\/page-tpl-n3.php","meta":{"_acf_changed":false,"footnotes":""},"class_list":["post-7255","page","type-page","status-publish","has-post-thumbnail","hentry"],"acf":[],"yoast_head":"<!-- This site is optimized with the Yoast SEO plugin v23.9 - https:\/\/yoast.com\/wordpress\/plugins\/seo\/ -->\n<title>Museo Arqueol\u00f3gico Los Ba\u00f1os - Territorio Sierra Espu\u00f1a<\/title>\n<meta name=\"robots\" content=\"index, follow, max-snippet:-1, max-image-preview:large, max-video-preview:-1\" \/>\n<link rel=\"canonical\" href=\"https:\/\/territoriosierraespuna.com\/en\/see-and-do-2\/museums-2\/museo-arqueologico-los-banos\/\" \/>\n<meta property=\"og:locale\" content=\"en_US\" \/>\n<meta property=\"og:type\" content=\"article\" \/>\n<meta property=\"og:title\" content=\"Museo Arqueol\u00f3gico Los Ba\u00f1os - Territorio Sierra Espu\u00f1a\" \/>\n<meta property=\"og:url\" content=\"https:\/\/territoriosierraespuna.com\/en\/see-and-do-2\/museums-2\/museo-arqueologico-los-banos\/\" \/>\n<meta property=\"og:site_name\" content=\"Territorio Sierra Espu\u00f1a\" \/>\n<meta property=\"article:modified_time\" content=\"2020-03-10T07:52:54+00:00\" \/>\n<meta property=\"og:image\" content=\"https:\/\/territoriosierraespuna.com\/wp-content\/uploads\/2018\/10\/32005i4_g.jpg\" \/>\n\t<meta property=\"og:image:width\" content=\"1056\" \/>\n\t<meta property=\"og:image:height\" content=\"704\" \/>\n\t<meta property=\"og:image:type\" content=\"image\/jpeg\" \/>\n<meta name=\"twitter:card\" content=\"summary_large_image\" \/>\n<script type=\"application\/ld+json\" class=\"yoast-schema-graph\">{\"@context\":\"https:\/\/schema.org\",\"@graph\":[{\"@type\":\"WebPage\",\"@id\":\"https:\/\/territoriosierraespuna.com\/en\/see-and-do-2\/museums-2\/museo-arqueologico-los-banos\/\",\"url\":\"https:\/\/territoriosierraespuna.com\/en\/see-and-do-2\/museums-2\/museo-arqueologico-los-banos\/\",\"name\":\"Museo Arqueol\u00f3gico Los Ba\u00f1os - Territorio Sierra Espu\u00f1a\",\"isPartOf\":{\"@id\":\"https:\/\/territoriosierraespuna.com\/#website\"},\"primaryImageOfPage\":{\"@id\":\"https:\/\/territoriosierraespuna.com\/en\/see-and-do-2\/museums-2\/museo-arqueologico-los-banos\/#primaryimage\"},\"image\":{\"@id\":\"https:\/\/territoriosierraespuna.com\/en\/see-and-do-2\/museums-2\/museo-arqueologico-los-banos\/#primaryimage\"},\"thumbnailUrl\":\"https:\/\/territoriosierraespuna.com\/wp-content\/uploads\/2018\/10\/32005i4_g.jpg\",\"datePublished\":\"2020-02-10T08:31:25+00:00\",\"dateModified\":\"2020-03-10T07:52:54+00:00\",\"breadcrumb\":{\"@id\":\"https:\/\/territoriosierraespuna.com\/en\/see-and-do-2\/museums-2\/museo-arqueologico-los-banos\/#breadcrumb\"},\"inLanguage\":\"en-US\",\"potentialAction\":[{\"@type\":\"ReadAction\",\"target\":[\"https:\/\/territoriosierraespuna.com\/en\/see-and-do-2\/museums-2\/museo-arqueologico-los-banos\/\"]}]},{\"@type\":\"ImageObject\",\"inLanguage\":\"en-US\",\"@id\":\"https:\/\/territoriosierraespuna.com\/en\/see-and-do-2\/museums-2\/museo-arqueologico-los-banos\/#primaryimage\",\"url\":\"https:\/\/territoriosierraespuna.com\/wp-content\/uploads\/2018\/10\/32005i4_g.jpg\",\"contentUrl\":\"https:\/\/territoriosierraespuna.com\/wp-content\/uploads\/2018\/10\/32005i4_g.jpg\",\"width\":1056,\"height\":704},{\"@type\":\"BreadcrumbList\",\"@id\":\"https:\/\/territoriosierraespuna.com\/en\/see-and-do-2\/museums-2\/museo-arqueologico-los-banos\/#breadcrumb\",\"itemListElement\":[{\"@type\":\"ListItem\",\"position\":1,\"name\":\"Inicio\",\"item\":\"https:\/\/territoriosierraespuna.com\/en\/\"},{\"@type\":\"ListItem\",\"position\":2,\"name\":\"See and do\",\"item\":\"https:\/\/territoriosierraespuna.com\/en\/see-and-do-2\/\"},{\"@type\":\"ListItem\",\"position\":3,\"name\":\"Museums\",\"item\":\"https:\/\/territoriosierraespuna.com\/en\/see-and-do-2\/museums-2\/\"},{\"@type\":\"ListItem\",\"position\":4,\"name\":\"Museo Arqueol\u00f3gico Los Ba\u00f1os\"}]},{\"@type\":\"WebSite\",\"@id\":\"https:\/\/territoriosierraespuna.com\/#website\",\"url\":\"https:\/\/territoriosierraespuna.com\/\",\"name\":\"Territorio Sierra Espu\u00f1a\",\"description\":\"\",\"potentialAction\":[{\"@type\":\"SearchAction\",\"target\":{\"@type\":\"EntryPoint\",\"urlTemplate\":\"https:\/\/territoriosierraespuna.com\/?s={search_term_string}\"},\"query-input\":{\"@type\":\"PropertyValueSpecification\",\"valueRequired\":true,\"valueName\":\"search_term_string\"}}],\"inLanguage\":\"en-US\"}]}<\/script>\n<!-- \/ Yoast SEO plugin. -->","yoast_head_json":{"title":"Museo Arqueol\u00f3gico Los Ba\u00f1os - Territorio Sierra Espu\u00f1a","robots":{"index":"index","follow":"follow","max-snippet":"max-snippet:-1","max-image-preview":"max-image-preview:large","max-video-preview":"max-video-preview:-1"},"canonical":"https:\/\/territoriosierraespuna.com\/en\/see-and-do-2\/museums-2\/museo-arqueologico-los-banos\/","og_locale":"en_US","og_type":"article","og_title":"Museo Arqueol\u00f3gico Los Ba\u00f1os - Territorio Sierra Espu\u00f1a","og_url":"https:\/\/territoriosierraespuna.com\/en\/see-and-do-2\/museums-2\/museo-arqueologico-los-banos\/","og_site_name":"Territorio Sierra Espu\u00f1a","article_modified_time":"2020-03-10T07:52:54+00:00","og_image":[{"width":1056,"height":704,"url":"https:\/\/territoriosierraespuna.com\/wp-content\/uploads\/2018\/10\/32005i4_g.jpg","type":"image\/jpeg"}],"twitter_card":"summary_large_image","schema":{"@context":"https:\/\/schema.org","@graph":[{"@type":"WebPage","@id":"https:\/\/territoriosierraespuna.com\/en\/see-and-do-2\/museums-2\/museo-arqueologico-los-banos\/","url":"https:\/\/territoriosierraespuna.com\/en\/see-and-do-2\/museums-2\/museo-arqueologico-los-banos\/","name":"Museo Arqueol\u00f3gico Los Ba\u00f1os - Territorio Sierra Espu\u00f1a","isPartOf":{"@id":"https:\/\/territoriosierraespuna.com\/#website"},"primaryImageOfPage":{"@id":"https:\/\/territoriosierraespuna.com\/en\/see-and-do-2\/museums-2\/museo-arqueologico-los-banos\/#primaryimage"},"image":{"@id":"https:\/\/territoriosierraespuna.com\/en\/see-and-do-2\/museums-2\/museo-arqueologico-los-banos\/#primaryimage"},"thumbnailUrl":"https:\/\/territoriosierraespuna.com\/wp-content\/uploads\/2018\/10\/32005i4_g.jpg","datePublished":"2020-02-10T08:31:25+00:00","dateModified":"2020-03-10T07:52:54+00:00","breadcrumb":{"@id":"https:\/\/territoriosierraespuna.com\/en\/see-and-do-2\/museums-2\/museo-arqueologico-los-banos\/#breadcrumb"},"inLanguage":"en-US","potentialAction":[{"@type":"ReadAction","target":["https:\/\/territoriosierraespuna.com\/en\/see-and-do-2\/museums-2\/museo-arqueologico-los-banos\/"]}]},{"@type":"ImageObject","inLanguage":"en-US","@id":"https:\/\/territoriosierraespuna.com\/en\/see-and-do-2\/museums-2\/museo-arqueologico-los-banos\/#primaryimage","url":"https:\/\/territoriosierraespuna.com\/wp-content\/uploads\/2018\/10\/32005i4_g.jpg","contentUrl":"https:\/\/territoriosierraespuna.com\/wp-content\/uploads\/2018\/10\/32005i4_g.jpg","width":1056,"height":704},{"@type":"BreadcrumbList","@id":"https:\/\/territoriosierraespuna.com\/en\/see-and-do-2\/museums-2\/museo-arqueologico-los-banos\/#breadcrumb","itemListElement":[{"@type":"ListItem","position":1,"name":"Inicio","item":"https:\/\/territoriosierraespuna.com\/en\/"},{"@type":"ListItem","position":2,"name":"See and do","item":"https:\/\/territoriosierraespuna.com\/en\/see-and-do-2\/"},{"@type":"ListItem","position":3,"name":"Museums","item":"https:\/\/territoriosierraespuna.com\/en\/see-and-do-2\/museums-2\/"},{"@type":"ListItem","position":4,"name":"Museo Arqueol\u00f3gico Los Ba\u00f1os"}]},{"@type":"WebSite","@id":"https:\/\/territoriosierraespuna.com\/#website","url":"https:\/\/territoriosierraespuna.com\/","name":"Territorio Sierra Espu\u00f1a","description":"","potentialAction":[{"@type":"SearchAction","target":{"@type":"EntryPoint","urlTemplate":"https:\/\/territoriosierraespuna.com\/?s={search_term_string}"},"query-input":{"@type":"PropertyValueSpecification","valueRequired":true,"valueName":"search_term_string"}}],"inLanguage":"en-US"}]}},"_links":{"self":[{"href":"https:\/\/territoriosierraespuna.com\/en\/wp-json\/wp\/v2\/pages\/7255","targetHints":{"allow":["GET"]}}],"collection":[{"href":"https:\/\/territoriosierraespuna.com\/en\/wp-json\/wp\/v2\/pages"}],"about":[{"href":"https:\/\/territoriosierraespuna.com\/en\/wp-json\/wp\/v2\/types\/page"}],"author":[{"embeddable":true,"href":"https:\/\/territoriosierraespuna.com\/en\/wp-json\/wp\/v2\/users\/4"}],"replies":[{"embeddable":true,"href":"https:\/\/territoriosierraespuna.com\/en\/wp-json\/wp\/v2\/comments?post=7255"}],"version-history":[{"count":2,"href":"https:\/\/territoriosierraespuna.com\/en\/wp-json\/wp\/v2\/pages\/7255\/revisions"}],"predecessor-version":[{"id":7749,"href":"https:\/\/territoriosierraespuna.com\/en\/wp-json\/wp\/v2\/pages\/7255\/revisions\/7749"}],"up":[{"embeddable":true,"href":"https:\/\/territoriosierraespuna.com\/en\/wp-json\/wp\/v2\/pages\/7243"}],"wp:featuredmedia":[{"embeddable":true,"href":"https:\/\/territoriosierraespuna.com\/en\/wp-json\/wp\/v2\/media\/5940"}],"wp:attachment":[{"href":"https:\/\/territoriosierraespuna.com\/en\/wp-json\/wp\/v2\/media?parent=7255"}],"curies":[{"name":"wp","href":"https:\/\/api.w.org\/{rel}","templated":true}]}}