{"id":7181,"date":"2020-02-05T12:52:48","date_gmt":"2020-02-05T11:52:48","guid":{"rendered":"https:\/\/territoriosierraespuna.com\/?page_id=7181"},"modified":"2020-03-09T12:22:06","modified_gmt":"2020-03-09T11:22:06","slug":"btt-in-the-park","status":"publish","type":"page","link":"https:\/\/territoriosierraespuna.com\/en\/btt-in-the-park\/","title":{"rendered":"BTT in the Park"},"content":{"rendered":"\n<p> If you are keen to get to know Sierra Espu\u00f1a and its surroundings by bike, you can do it thanks to the different routes available with a range of levels depending on difficulty, terrain gradient and so on. Here you can choose the route which suits you better. <\/p>\n\n\n\n<p class=\"has-medium-font-size\"><strong>Espubike<\/strong><\/p>\n\n\n\n<p><strong>W<em>hat is Espubike?<\/em><\/strong><\/p>\n\n\n\n<p>An enormous tourist resource which allows you to enjoy the most emblematic nature space in the Region of Murcia by bicycle. It is especially designed for you to get delighted by the breathtaking nature in Sierra Espu\u00f1a, its culture, its towns and villages, as well as its services and the recreation areas within the Park. The route runs surrunding the Park mainly and when getting into the heart of the Park, it is along paths which are perfectly adapted to bikes. You can choose between doing it on freely or registering in Espubike Challenge on our website.<\/p>\n\n\n\n<p><em><strong>Espubike Challenge<\/strong><\/em><\/p>\n\n\n\n<p>There are two ways to do the route: freely or officially (Espubike Challenge).<\/p>\n\n\n\n<p>As for the latter, Espu\u00f1atur\u00edstica, the entity in charge of its management, will give a Espubike cycling jersey to those who finish the route.<\/p>\n\n\n\n<p>In order to do the route officially, It is necessary to get registered in the website and get your passport stamped as you pass the checking points along the route. Such passports are given at the beginning of the route at&nbsp; Sierra Espu\u00f1a Campsite in El Berro. Moreover, the cyclists who have registered will be given a Espubike T-shirt and a routeplanner.<\/p>\n\n\n\n<p>Both the free cyclists and the official ones are provided with all the information needed on this website, so that to plann the route appropriately: detailed sketch and maps of the routes, gradients, tracks and routeplanner to get downloaded, and registration form.<\/p>\n\n\n\n<p>On the registration form, there are different services that are available for you to apply for: a guide, luggage transportation, GPS, bike rental, technical assistance during the route, and accommodation.<br><\/p>\n\n\n\n<p><strong><em>Registration<\/em><\/strong><\/p>\n\n\n\n<p> &nbsp;By registering, you can book a wide variety of resouces at your disposal, as well as requesting information on accommodation and other services available varying depending on the number of cyclists and companions, the route sections selected&nbsp; and the dates. <\/p>\n\n\n\n<p><strong>Bike rental<\/strong><\/p>\n\n\n\n<p> Espubike offers you the possibility of renting professional bikes in perfect condition. Make the request on your registration form and we will inform you about availability. <\/p>\n\n\n\n<p><strong>GPS rental<\/strong><\/p>\n\n\n\n<p> You can easily download your selected tracks on your mobile or GPS, however if you prefer a Garmin GPS with the tracks already integrated, make the request on your registration form. <\/p>\n\n\n\n<p><strong>Go-Pro camera rental<\/strong><\/p>\n\n\n\n<p> If you are not just a cyclist and nature lover, but also an artist, a Go-Pro camera is at your disposal, or a similar one, to record your experience and develop your creativity. <\/p>\n\n\n\n<p><strong>Technical assistance during your route<\/strong><\/p>\n\n\n\n<p> in case of having any technical issue during your route, you can apply for our technical assistance service or substitution\/rental bikes in case of a non-repairable malfunction. <\/p>\n\n\n\n<p><strong>Guide service<\/strong><\/p>\n\n\n\n<p> Ideal when getting started in this sport. A guide will cycle along with you during the route who will even let you know about other adapted alternatives. <\/p>\n\n\n\n<p><strong>Baggage transportation<\/strong><\/p>\n\n\n\n<p> Don\u00b4t worry about transferring your baggage to the next accommodation. Leave it on us. We will make sure that your stuff is treated with every possible care and kindness.  <\/p>\n\n\n\n<p><strong>Espubike accommodation<\/strong><\/p>\n\n\n\n<p> Espubike counts on an accommodation net which are associated with the route: rural hostelries, houses and campsite. Make the request on your registration form we will try to offer the best option depending on your needs and availability. <\/p>\n\n\n\n<p><strong>Espubike Menu<\/strong><\/p>\n\n\n\n<p> Reserve your Espubike Menu offered by Espu\u00f1atur\u00edstica restaurants in El Berro, Gebas and Casas Nuevas. Restore your energy and get delighted by tradiitional food at a special price for you. <\/p>\n\n\n\n<p><strong>Insurance<\/strong><\/p>\n\n\n\n<p> We don\u00b4t recommend doing the route without insurance. Cyclists who are members of the Federation alrady count on insurance which covers in case of accident during the route. If you hire it, the price per person will depend on the number of days of coverage. <\/p>\n\n\n\n<p><strong>Free or official modalities<\/strong><\/p>\n\n\n\n<p> If you are willing to subscribe to Espubike Challenge for the entire route, you will be given a passport to get stamped along the route, a routeplanner, the Espubike T-shirt and, in case you finish it, the Espubike Challenge jersey. The price is 40\u20ac. <\/p>\n\n\n\n<p class=\"has-medium-font-size\"><strong>Co<em>ntact<\/em><\/strong><\/p>\n\n\n\n<p>Reception and phone numbers<\/p>\n\n\n\n<p>Hospeder\u00eda Bajo el Cejo.<\/p>\n\n\n\n<p>El Berro. Alhama de Murcia. Espa\u00f1a<\/p>\n\n\n\n<p>Tel.: +34 968 668 032<\/p>\n\n\n\n<p>Mob.: +34 649 448 690<\/p>\n\n\n\n<p>E-mail: ruta@espubike.com<\/p>\n\n\n\n<p>Espubike is managed by Espu\u00f1atur\u00edstica, Asociaci\u00f3n de turismo rural de Sierra Espu\u00f1a.E-mail: <a href=\"mailto:esputur@gmail.com\">esputur@gmail.com<\/a><\/p>\n","protected":false},"excerpt":{"rendered":"If you are keen to get to know Sierra Espu\u00f1a and its surroundings by bike, you can do it thanks to the different routes available with a range of levels depending on difficulty, terrain gradient and so on. Here you can choose the route which suits you better. Espubike What is Espubike? An enormous tourist&#8230; <a class=\"view-article\" href=\"https:\/\/territoriosierraespuna.com\/en\/btt-in-the-park\/\"><i class=\"fa fa-plus\" aria-hidden=\"true\"><\/i> info<\/a>","protected":false},"author":4,"featured_media":5768,"parent":0,"menu_order":0,"comment_status":"closed","ping_status":"closed","template":"templates\/page-tpl-n3.php","meta":{"_acf_changed":false,"footnotes":""},"class_list":["post-7181","page","type-page","status-publish","has-post-thumbnail","hentry"],"acf":[],"yoast_head":"<!-- This site is optimized with the Yoast SEO plugin v23.9 - https:\/\/yoast.com\/wordpress\/plugins\/seo\/ -->\n<title>BTT in the Park - Territorio Sierra Espu\u00f1a<\/title>\n<meta name=\"robots\" content=\"index, follow, max-snippet:-1, max-image-preview:large, max-video-preview:-1\" \/>\n<link rel=\"canonical\" href=\"https:\/\/territoriosierraespuna.com\/en\/btt-in-the-park\/\" \/>\n<meta property=\"og:locale\" content=\"en_US\" \/>\n<meta property=\"og:type\" content=\"article\" \/>\n<meta property=\"og:title\" content=\"BTT in the Park - Territorio Sierra Espu\u00f1a\" \/>\n<meta property=\"og:description\" content=\"If you are keen to get to know Sierra Espu\u00f1a and its surroundings by bike, you can do it thanks to the different routes available with a range of levels depending on difficulty, terrain gradient and so on. Here you can choose the route which suits you better. Espubike What is Espubike? An enormous tourist... info\" \/>\n<meta property=\"og:url\" content=\"https:\/\/territoriosierraespuna.com\/en\/btt-in-the-park\/\" \/>\n<meta property=\"og:site_name\" content=\"Territorio Sierra Espu\u00f1a\" \/>\n<meta property=\"article:modified_time\" content=\"2020-03-09T11:22:06+00:00\" \/>\n<meta property=\"og:image\" content=\"https:\/\/territoriosierraespuna.com\/wp-content\/uploads\/2018\/02\/ver-y-hacer-disfrutalo-btt-sierra-espuna.jpg\" \/>\n\t<meta property=\"og:image:width\" content=\"1139\" \/>\n\t<meta property=\"og:image:height\" content=\"320\" \/>\n\t<meta property=\"og:image:type\" content=\"image\/jpeg\" \/>\n<meta name=\"twitter:card\" content=\"summary_large_image\" \/>\n<meta name=\"twitter:label1\" content=\"Est. reading time\" \/>\n\t<meta name=\"twitter:data1\" content=\"4 minutes\" \/>\n<script type=\"application\/ld+json\" class=\"yoast-schema-graph\">{\"@context\":\"https:\/\/schema.org\",\"@graph\":[{\"@type\":\"WebPage\",\"@id\":\"https:\/\/territoriosierraespuna.com\/en\/btt-in-the-park\/\",\"url\":\"https:\/\/territoriosierraespuna.com\/en\/btt-in-the-park\/\",\"name\":\"BTT in the Park - Territorio Sierra Espu\u00f1a\",\"isPartOf\":{\"@id\":\"https:\/\/territoriosierraespuna.com\/#website\"},\"primaryImageOfPage\":{\"@id\":\"https:\/\/territoriosierraespuna.com\/en\/btt-in-the-park\/#primaryimage\"},\"image\":{\"@id\":\"https:\/\/territoriosierraespuna.com\/en\/btt-in-the-park\/#primaryimage\"},\"thumbnailUrl\":\"https:\/\/territoriosierraespuna.com\/wp-content\/uploads\/2018\/02\/ver-y-hacer-disfrutalo-btt-sierra-espuna.jpg\",\"datePublished\":\"2020-02-05T11:52:48+00:00\",\"dateModified\":\"2020-03-09T11:22:06+00:00\",\"breadcrumb\":{\"@id\":\"https:\/\/territoriosierraespuna.com\/en\/btt-in-the-park\/#breadcrumb\"},\"inLanguage\":\"en-US\",\"potentialAction\":[{\"@type\":\"ReadAction\",\"target\":[\"https:\/\/territoriosierraespuna.com\/en\/btt-in-the-park\/\"]}]},{\"@type\":\"ImageObject\",\"inLanguage\":\"en-US\",\"@id\":\"https:\/\/territoriosierraespuna.com\/en\/btt-in-the-park\/#primaryimage\",\"url\":\"https:\/\/territoriosierraespuna.com\/wp-content\/uploads\/2018\/02\/ver-y-hacer-disfrutalo-btt-sierra-espuna.jpg\",\"contentUrl\":\"https:\/\/territoriosierraespuna.com\/wp-content\/uploads\/2018\/02\/ver-y-hacer-disfrutalo-btt-sierra-espuna.jpg\",\"width\":1139,\"height\":320},{\"@type\":\"BreadcrumbList\",\"@id\":\"https:\/\/territoriosierraespuna.com\/en\/btt-in-the-park\/#breadcrumb\",\"itemListElement\":[{\"@type\":\"ListItem\",\"position\":1,\"name\":\"Inicio\",\"item\":\"https:\/\/territoriosierraespuna.com\/en\/\"},{\"@type\":\"ListItem\",\"position\":2,\"name\":\"BTT in the Park\"}]},{\"@type\":\"WebSite\",\"@id\":\"https:\/\/territoriosierraespuna.com\/#website\",\"url\":\"https:\/\/territoriosierraespuna.com\/\",\"name\":\"Territorio Sierra Espu\u00f1a\",\"description\":\"\",\"potentialAction\":[{\"@type\":\"SearchAction\",\"target\":{\"@type\":\"EntryPoint\",\"urlTemplate\":\"https:\/\/territoriosierraespuna.com\/?s={search_term_string}\"},\"query-input\":{\"@type\":\"PropertyValueSpecification\",\"valueRequired\":true,\"valueName\":\"search_term_string\"}}],\"inLanguage\":\"en-US\"}]}<\/script>\n<!-- \/ Yoast SEO plugin. -->","yoast_head_json":{"title":"BTT in the Park - Territorio Sierra Espu\u00f1a","robots":{"index":"index","follow":"follow","max-snippet":"max-snippet:-1","max-image-preview":"max-image-preview:large","max-video-preview":"max-video-preview:-1"},"canonical":"https:\/\/territoriosierraespuna.com\/en\/btt-in-the-park\/","og_locale":"en_US","og_type":"article","og_title":"BTT in the Park - Territorio Sierra Espu\u00f1a","og_description":"If you are keen to get to know Sierra Espu\u00f1a and its surroundings by bike, you can do it thanks to the different routes available with a range of levels depending on difficulty, terrain gradient and so on. Here you can choose the route which suits you better. Espubike What is Espubike? An enormous tourist... info","og_url":"https:\/\/territoriosierraespuna.com\/en\/btt-in-the-park\/","og_site_name":"Territorio Sierra Espu\u00f1a","article_modified_time":"2020-03-09T11:22:06+00:00","og_image":[{"width":1139,"height":320,"url":"https:\/\/territoriosierraespuna.com\/wp-content\/uploads\/2018\/02\/ver-y-hacer-disfrutalo-btt-sierra-espuna.jpg","type":"image\/jpeg"}],"twitter_card":"summary_large_image","twitter_misc":{"Est. reading time":"4 minutes"},"schema":{"@context":"https:\/\/schema.org","@graph":[{"@type":"WebPage","@id":"https:\/\/territoriosierraespuna.com\/en\/btt-in-the-park\/","url":"https:\/\/territoriosierraespuna.com\/en\/btt-in-the-park\/","name":"BTT in the Park - Territorio Sierra Espu\u00f1a","isPartOf":{"@id":"https:\/\/territoriosierraespuna.com\/#website"},"primaryImageOfPage":{"@id":"https:\/\/territoriosierraespuna.com\/en\/btt-in-the-park\/#primaryimage"},"image":{"@id":"https:\/\/territoriosierraespuna.com\/en\/btt-in-the-park\/#primaryimage"},"thumbnailUrl":"https:\/\/territoriosierraespuna.com\/wp-content\/uploads\/2018\/02\/ver-y-hacer-disfrutalo-btt-sierra-espuna.jpg","datePublished":"2020-02-05T11:52:48+00:00","dateModified":"2020-03-09T11:22:06+00:00","breadcrumb":{"@id":"https:\/\/territoriosierraespuna.com\/en\/btt-in-the-park\/#breadcrumb"},"inLanguage":"en-US","potentialAction":[{"@type":"ReadAction","target":["https:\/\/territoriosierraespuna.com\/en\/btt-in-the-park\/"]}]},{"@type":"ImageObject","inLanguage":"en-US","@id":"https:\/\/territoriosierraespuna.com\/en\/btt-in-the-park\/#primaryimage","url":"https:\/\/territoriosierraespuna.com\/wp-content\/uploads\/2018\/02\/ver-y-hacer-disfrutalo-btt-sierra-espuna.jpg","contentUrl":"https:\/\/territoriosierraespuna.com\/wp-content\/uploads\/2018\/02\/ver-y-hacer-disfrutalo-btt-sierra-espuna.jpg","width":1139,"height":320},{"@type":"BreadcrumbList","@id":"https:\/\/territoriosierraespuna.com\/en\/btt-in-the-park\/#breadcrumb","itemListElement":[{"@type":"ListItem","position":1,"name":"Inicio","item":"https:\/\/territoriosierraespuna.com\/en\/"},{"@type":"ListItem","position":2,"name":"BTT in the Park"}]},{"@type":"WebSite","@id":"https:\/\/territoriosierraespuna.com\/#website","url":"https:\/\/territoriosierraespuna.com\/","name":"Territorio Sierra Espu\u00f1a","description":"","potentialAction":[{"@type":"SearchAction","target":{"@type":"EntryPoint","urlTemplate":"https:\/\/territoriosierraespuna.com\/?s={search_term_string}"},"query-input":{"@type":"PropertyValueSpecification","valueRequired":true,"valueName":"search_term_string"}}],"inLanguage":"en-US"}]}},"_links":{"self":[{"href":"https:\/\/territoriosierraespuna.com\/en\/wp-json\/wp\/v2\/pages\/7181","targetHints":{"allow":["GET"]}}],"collection":[{"href":"https:\/\/territoriosierraespuna.com\/en\/wp-json\/wp\/v2\/pages"}],"about":[{"href":"https:\/\/territoriosierraespuna.com\/en\/wp-json\/wp\/v2\/types\/page"}],"author":[{"embeddable":true,"href":"https:\/\/territoriosierraespuna.com\/en\/wp-json\/wp\/v2\/users\/4"}],"replies":[{"embeddable":true,"href":"https:\/\/territoriosierraespuna.com\/en\/wp-json\/wp\/v2\/comments?post=7181"}],"version-history":[{"count":3,"href":"https:\/\/territoriosierraespuna.com\/en\/wp-json\/wp\/v2\/pages\/7181\/revisions"}],"predecessor-version":[{"id":7185,"href":"https:\/\/territoriosierraespuna.com\/en\/wp-json\/wp\/v2\/pages\/7181\/revisions\/7185"}],"wp:featuredmedia":[{"embeddable":true,"href":"https:\/\/territoriosierraespuna.com\/en\/wp-json\/wp\/v2\/media\/5768"}],"wp:attachment":[{"href":"https:\/\/territoriosierraespuna.com\/en\/wp-json\/wp\/v2\/media?parent=7181"}],"curies":[{"name":"wp","href":"https:\/\/api.w.org\/{rel}","templated":true}]}}