{"id":7170,"date":"2020-02-05T10:24:09","date_gmt":"2020-02-05T09:24:09","guid":{"rendered":"https:\/\/territoriosierraespuna.com\/?page_id=7170"},"modified":"2020-03-06T10:14:56","modified_gmt":"2020-03-06T09:14:56","slug":"viewpoints","status":"publish","type":"page","link":"https:\/\/territoriosierraespuna.com\/en\/viewpoints\/","title":{"rendered":"Viewpoints"},"content":{"rendered":"\n<p>The Park offers several signed viewpoints so as to discover the peaks, the landscapes, and the flora and fauna to be watched in the area.<\/p>\n\n\n\n<p>From the viewpoints&nbsp; <em>el Mirador de Alhama, La Caba\u00f1a, Huerta Espu\u00f1a, La Perdiz, Barranco de Leyva, Collado Bermejo, Collado Mangueta, Collado El Pil\u00f3n, Coraz\u00f3n de Jes\u00fas y la Virgen Blanca, <\/em>you will enjoy the wind blowing&nbsp; on top of the mountains, or the birds singing in the orchards; a breathtaking image of the Park you will take with you. <\/p>\n\n\n\n<div class=\"wp-block-image\"><figure class=\"aligncenter size-large\"><a href=\"http:\/\/www.murcianatural.carm.es\/image\/image_gallery?uuid=4d04f11b-5519-4527-9a59-4b0af2dcf6e8&amp;groupId=14&amp;t=1434710468059\"><img loading=\"lazy\" decoding=\"async\" width=\"220\" height=\"83\" src=\"https:\/\/territoriosierraespuna.com\/wp-content\/uploads\/2018\/10\/BOTO\u0301N-DESCARGA-e1539081484156.png\" alt=\"http:\/\/www.murcianatural.carm.es\/c\/document_library\/get_file?uuid=b287e524-3d47-45e7-b66f-d486818ae2c8&amp;groupId=14\" class=\"wp-image-5913\" \/><\/a><\/figure><\/div>\n\n\n\n<p><strong>Alhama Viewpoint<\/strong><\/p>\n\n\n\n<p> Beautiful views of the farming areas of Alhama with mountain ranges on both side: Sierra de la Muela to the left and Sierra de Carrascoy to the right.<\/p>\n\n\n\n<p><strong>Collado Bermejo Viewpoint<\/strong><\/p>\n\n\n\n<p> This viewpoint located in Totana offers one of the best panoramic views of the whole Sierra Espu\u00f1a given that it is 1,201 metres high. It is an obligatory stopover when going up to Morr\u00f3n de Espu\u00f1a and Los Pozos de la Nieve; an opportunity to see beautiful places such as Cerro de la Garita, both sides to Pe\u00f1a Apartada, and of course the deep and green Valley of the River Espu\u00f1a. Los Barrancos de Gebas can also be seen in the background, Morr\u00f3n de Espu\u00f1a to the north and Barranco de Enmedio, El Purgatorio and Pedro L\u00f3pez Hill to the west. <\/p>\n\n\n\n<p><strong>Collado Magueta Viewpoint<\/strong><\/p>\n\n\n\n<p> From this viewpoint in Totana you will find fabulous views of Pozos de la Nieve, Murcia to the right and Cartagena to the left, as well as magnificent places such as Pinos Blancos&nbsp; and Barrancos de Malvariche and La Hoz, two of the main cliffs leading to River Pliego. Moreover we can appreciate the houses in Prado Mayor. It is worth mentioning that on Pedro L\u00f3pez pathway there are two wells which have been restored and one of them can be visited. On clear days, we can see Sierra de Cambr\u00f3n to the north <\/p>\n\n\n\n<p><strong>Collado Pil\u00f3n Viewpoint<\/strong><\/p>\n\n\n\n<p> This viewpoint located in Totana offers views of the south-west part of Sierra Espu\u00f1a. It is half way up from Las Alquer\u00edas to Collado Bermejo, at 1,065 metres. From here, you can observe Barranco de Ballesteros, Las Alquer\u00edas and Aledo with its majestic castle tower and Sierra de la Tercia in the background. We can see Pedro L\u00f3pez peak to the North and Cerro de los Albaricoqueros to the West. <\/p>\n\n\n\n<p><strong>Barrancos de Gebas Viewpoint<\/strong><\/p>\n\n\n\n<p> To see this breathtaking scenery, we will go down along the east part of Sierra Espu\u00f1a to the locality of Gebas where there is a viewpoint from which this beautiful place can be seen. It is a desert-like space, a lunar landscape or badlands, composed by gullies, canyons and cliffs creating a spectacular spot. With 2,271 hectares, the most interesting feature is its geomorphological structure, originally formed by the main influence of water flows and the loamy nature of the terrain. Its fauna is steppe-like, with rodants and small mammals. As for the flora, it is what can typically be found in chalk steppe areas. <\/p>\n\n\n\n<p><strong>Coraz\u00f3n de Jes\u00fas Viewpoint<\/strong><\/p>\n\n\n\n<p> This viewpoint located in Totana can be accessed using either the pathway or the road. Villanueva and Ulea can be seen from this spot. The whole Guadalent\u00edn Valley can be observed and on clear days, even the beaches of Mazarr\u00f3n can be reached. At nights, the Christ which is illuminated, can be seen from any point of the locality of Totana. <\/p>\n","protected":false},"excerpt":{"rendered":"The Park offers several signed viewpoints so as to discover the peaks, the landscapes, and the flora and fauna to be watched in the area. From the viewpoints&nbsp; el Mirador de Alhama, La Caba\u00f1a, Huerta Espu\u00f1a, La Perdiz, Barranco de Leyva, Collado Bermejo, Collado Mangueta, Collado El Pil\u00f3n, Coraz\u00f3n de Jes\u00fas y la Virgen Blanca,&#8230; <a class=\"view-article\" href=\"https:\/\/territoriosierraespuna.com\/en\/viewpoints\/\"><i class=\"fa fa-plus\" aria-hidden=\"true\"><\/i> info<\/a>","protected":false},"author":4,"featured_media":5765,"parent":0,"menu_order":4,"comment_status":"closed","ping_status":"closed","template":"templates\/page-tpl-n3.php","meta":{"_acf_changed":false,"footnotes":""},"class_list":["post-7170","page","type-page","status-publish","has-post-thumbnail","hentry"],"acf":[],"yoast_head":"<!-- This site is optimized with the Yoast SEO plugin v23.9 - https:\/\/yoast.com\/wordpress\/plugins\/seo\/ -->\n<title>Viewpoints - Territorio Sierra Espu\u00f1a<\/title>\n<meta name=\"robots\" content=\"index, follow, max-snippet:-1, max-image-preview:large, max-video-preview:-1\" \/>\n<link rel=\"canonical\" href=\"https:\/\/territoriosierraespuna.com\/en\/viewpoints\/\" \/>\n<meta property=\"og:locale\" content=\"en_US\" \/>\n<meta property=\"og:type\" content=\"article\" \/>\n<meta property=\"og:title\" content=\"Viewpoints - Territorio Sierra Espu\u00f1a\" \/>\n<meta property=\"og:description\" content=\"The Park offers several signed viewpoints so as to discover the peaks, the landscapes, and the flora and fauna to be watched in the area. From the viewpoints&nbsp; el Mirador de Alhama, La Caba\u00f1a, Huerta Espu\u00f1a, La Perdiz, Barranco de Leyva, Collado Bermejo, Collado Mangueta, Collado El Pil\u00f3n, Coraz\u00f3n de Jes\u00fas y la Virgen Blanca,... info\" \/>\n<meta property=\"og:url\" content=\"https:\/\/territoriosierraespuna.com\/en\/viewpoints\/\" \/>\n<meta property=\"og:site_name\" content=\"Territorio Sierra Espu\u00f1a\" \/>\n<meta property=\"article:modified_time\" content=\"2020-03-06T09:14:56+00:00\" \/>\n<meta property=\"og:image\" content=\"https:\/\/territoriosierraespuna.com\/wp-content\/uploads\/2018\/02\/ver-y-hacer-visitalo-miradores.jpg\" \/>\n\t<meta property=\"og:image:width\" content=\"1139\" \/>\n\t<meta property=\"og:image:height\" content=\"320\" \/>\n\t<meta property=\"og:image:type\" content=\"image\/jpeg\" \/>\n<meta name=\"twitter:card\" content=\"summary_large_image\" \/>\n<meta name=\"twitter:label1\" content=\"Est. reading time\" \/>\n\t<meta name=\"twitter:data1\" content=\"3 minutes\" \/>\n<script type=\"application\/ld+json\" class=\"yoast-schema-graph\">{\"@context\":\"https:\/\/schema.org\",\"@graph\":[{\"@type\":\"WebPage\",\"@id\":\"https:\/\/territoriosierraespuna.com\/en\/viewpoints\/\",\"url\":\"https:\/\/territoriosierraespuna.com\/en\/viewpoints\/\",\"name\":\"Viewpoints - Territorio Sierra Espu\u00f1a\",\"isPartOf\":{\"@id\":\"https:\/\/territoriosierraespuna.com\/#website\"},\"primaryImageOfPage\":{\"@id\":\"https:\/\/territoriosierraespuna.com\/en\/viewpoints\/#primaryimage\"},\"image\":{\"@id\":\"https:\/\/territoriosierraespuna.com\/en\/viewpoints\/#primaryimage\"},\"thumbnailUrl\":\"https:\/\/territoriosierraespuna.com\/wp-content\/uploads\/2018\/02\/ver-y-hacer-visitalo-miradores.jpg\",\"datePublished\":\"2020-02-05T09:24:09+00:00\",\"dateModified\":\"2020-03-06T09:14:56+00:00\",\"breadcrumb\":{\"@id\":\"https:\/\/territoriosierraespuna.com\/en\/viewpoints\/#breadcrumb\"},\"inLanguage\":\"en-US\",\"potentialAction\":[{\"@type\":\"ReadAction\",\"target\":[\"https:\/\/territoriosierraespuna.com\/en\/viewpoints\/\"]}]},{\"@type\":\"ImageObject\",\"inLanguage\":\"en-US\",\"@id\":\"https:\/\/territoriosierraespuna.com\/en\/viewpoints\/#primaryimage\",\"url\":\"https:\/\/territoriosierraespuna.com\/wp-content\/uploads\/2018\/02\/ver-y-hacer-visitalo-miradores.jpg\",\"contentUrl\":\"https:\/\/territoriosierraespuna.com\/wp-content\/uploads\/2018\/02\/ver-y-hacer-visitalo-miradores.jpg\",\"width\":1139,\"height\":320},{\"@type\":\"BreadcrumbList\",\"@id\":\"https:\/\/territoriosierraespuna.com\/en\/viewpoints\/#breadcrumb\",\"itemListElement\":[{\"@type\":\"ListItem\",\"position\":1,\"name\":\"Inicio\",\"item\":\"https:\/\/territoriosierraespuna.com\/en\/\"},{\"@type\":\"ListItem\",\"position\":2,\"name\":\"Viewpoints\"}]},{\"@type\":\"WebSite\",\"@id\":\"https:\/\/territoriosierraespuna.com\/#website\",\"url\":\"https:\/\/territoriosierraespuna.com\/\",\"name\":\"Territorio Sierra Espu\u00f1a\",\"description\":\"\",\"potentialAction\":[{\"@type\":\"SearchAction\",\"target\":{\"@type\":\"EntryPoint\",\"urlTemplate\":\"https:\/\/territoriosierraespuna.com\/?s={search_term_string}\"},\"query-input\":{\"@type\":\"PropertyValueSpecification\",\"valueRequired\":true,\"valueName\":\"search_term_string\"}}],\"inLanguage\":\"en-US\"}]}<\/script>\n<!-- \/ Yoast SEO plugin. -->","yoast_head_json":{"title":"Viewpoints - Territorio Sierra Espu\u00f1a","robots":{"index":"index","follow":"follow","max-snippet":"max-snippet:-1","max-image-preview":"max-image-preview:large","max-video-preview":"max-video-preview:-1"},"canonical":"https:\/\/territoriosierraespuna.com\/en\/viewpoints\/","og_locale":"en_US","og_type":"article","og_title":"Viewpoints - Territorio Sierra Espu\u00f1a","og_description":"The Park offers several signed viewpoints so as to discover the peaks, the landscapes, and the flora and fauna to be watched in the area. From the viewpoints&nbsp; el Mirador de Alhama, La Caba\u00f1a, Huerta Espu\u00f1a, La Perdiz, Barranco de Leyva, Collado Bermejo, Collado Mangueta, Collado El Pil\u00f3n, Coraz\u00f3n de Jes\u00fas y la Virgen Blanca,... info","og_url":"https:\/\/territoriosierraespuna.com\/en\/viewpoints\/","og_site_name":"Territorio Sierra Espu\u00f1a","article_modified_time":"2020-03-06T09:14:56+00:00","og_image":[{"width":1139,"height":320,"url":"https:\/\/territoriosierraespuna.com\/wp-content\/uploads\/2018\/02\/ver-y-hacer-visitalo-miradores.jpg","type":"image\/jpeg"}],"twitter_card":"summary_large_image","twitter_misc":{"Est. reading time":"3 minutes"},"schema":{"@context":"https:\/\/schema.org","@graph":[{"@type":"WebPage","@id":"https:\/\/territoriosierraespuna.com\/en\/viewpoints\/","url":"https:\/\/territoriosierraespuna.com\/en\/viewpoints\/","name":"Viewpoints - Territorio Sierra Espu\u00f1a","isPartOf":{"@id":"https:\/\/territoriosierraespuna.com\/#website"},"primaryImageOfPage":{"@id":"https:\/\/territoriosierraespuna.com\/en\/viewpoints\/#primaryimage"},"image":{"@id":"https:\/\/territoriosierraespuna.com\/en\/viewpoints\/#primaryimage"},"thumbnailUrl":"https:\/\/territoriosierraespuna.com\/wp-content\/uploads\/2018\/02\/ver-y-hacer-visitalo-miradores.jpg","datePublished":"2020-02-05T09:24:09+00:00","dateModified":"2020-03-06T09:14:56+00:00","breadcrumb":{"@id":"https:\/\/territoriosierraespuna.com\/en\/viewpoints\/#breadcrumb"},"inLanguage":"en-US","potentialAction":[{"@type":"ReadAction","target":["https:\/\/territoriosierraespuna.com\/en\/viewpoints\/"]}]},{"@type":"ImageObject","inLanguage":"en-US","@id":"https:\/\/territoriosierraespuna.com\/en\/viewpoints\/#primaryimage","url":"https:\/\/territoriosierraespuna.com\/wp-content\/uploads\/2018\/02\/ver-y-hacer-visitalo-miradores.jpg","contentUrl":"https:\/\/territoriosierraespuna.com\/wp-content\/uploads\/2018\/02\/ver-y-hacer-visitalo-miradores.jpg","width":1139,"height":320},{"@type":"BreadcrumbList","@id":"https:\/\/territoriosierraespuna.com\/en\/viewpoints\/#breadcrumb","itemListElement":[{"@type":"ListItem","position":1,"name":"Inicio","item":"https:\/\/territoriosierraespuna.com\/en\/"},{"@type":"ListItem","position":2,"name":"Viewpoints"}]},{"@type":"WebSite","@id":"https:\/\/territoriosierraespuna.com\/#website","url":"https:\/\/territoriosierraespuna.com\/","name":"Territorio Sierra Espu\u00f1a","description":"","potentialAction":[{"@type":"SearchAction","target":{"@type":"EntryPoint","urlTemplate":"https:\/\/territoriosierraespuna.com\/?s={search_term_string}"},"query-input":{"@type":"PropertyValueSpecification","valueRequired":true,"valueName":"search_term_string"}}],"inLanguage":"en-US"}]}},"_links":{"self":[{"href":"https:\/\/territoriosierraespuna.com\/en\/wp-json\/wp\/v2\/pages\/7170","targetHints":{"allow":["GET"]}}],"collection":[{"href":"https:\/\/territoriosierraespuna.com\/en\/wp-json\/wp\/v2\/pages"}],"about":[{"href":"https:\/\/territoriosierraespuna.com\/en\/wp-json\/wp\/v2\/types\/page"}],"author":[{"embeddable":true,"href":"https:\/\/territoriosierraespuna.com\/en\/wp-json\/wp\/v2\/users\/4"}],"replies":[{"embeddable":true,"href":"https:\/\/territoriosierraespuna.com\/en\/wp-json\/wp\/v2\/comments?post=7170"}],"version-history":[{"count":3,"href":"https:\/\/territoriosierraespuna.com\/en\/wp-json\/wp\/v2\/pages\/7170\/revisions"}],"predecessor-version":[{"id":7718,"href":"https:\/\/territoriosierraespuna.com\/en\/wp-json\/wp\/v2\/pages\/7170\/revisions\/7718"}],"wp:featuredmedia":[{"embeddable":true,"href":"https:\/\/territoriosierraespuna.com\/en\/wp-json\/wp\/v2\/media\/5765"}],"wp:attachment":[{"href":"https:\/\/territoriosierraespuna.com\/en\/wp-json\/wp\/v2\/media?parent=7170"}],"curies":[{"name":"wp","href":"https:\/\/api.w.org\/{rel}","templated":true}]}}