{"id":7109,"date":"2020-02-03T14:04:33","date_gmt":"2020-02-03T13:04:33","guid":{"rendered":"https:\/\/territoriosierraespuna.com\/?page_id=7109"},"modified":"2020-03-04T09:33:00","modified_gmt":"2020-03-04T08:33:00","slug":"hamlets-in-sierra-espuna","status":"publish","type":"page","link":"https:\/\/territoriosierraespuna.com\/en\/see-and-do-2\/the-park-2\/get-to-know-it\/hamlets-in-sierra-espuna\/","title":{"rendered":"Hamlets in Sierra Espu\u00f1a"},"content":{"rendered":"\n<p> Apart from the municipalities, we can find some of their hamlets throughout Sierra Espu\u00f1a Regional Park and Los Barrancos de Gebas Protected Landscape. Little and delightful localities which stand out for their sceneries, traditions and a priviledge location in the middle of the nature. In the north-east foothills we find El Berro and Gebas, hamlets belonging to Alhama de Murcia which are perfect for rural tourism. On the other hand, in the south, we find La Sierra, hamlet belonging to Totana where Santa Leocadia hermitage can be visited. In the north foothills of Sierra Espu\u00f1a we find Casas Nuevas, hamlet belonging to Mula which is ideal for hillwalikg and rural tourism. <\/p>\n","protected":false},"excerpt":{"rendered":"Apart from the municipalities, we can find some of their hamlets throughout Sierra Espu\u00f1a Regional Park and Los Barrancos de Gebas Protected Landscape. Little and delightful localities which stand out for their sceneries, traditions and a priviledge location in the middle of the nature. In the north-east foothills we find El Berro and Gebas, hamlets&#8230; <a class=\"view-article\" href=\"https:\/\/territoriosierraespuna.com\/en\/see-and-do-2\/the-park-2\/get-to-know-it\/hamlets-in-sierra-espuna\/\"><i class=\"fa fa-plus\" aria-hidden=\"true\"><\/i> info<\/a>","protected":false},"author":4,"featured_media":5759,"parent":7099,"menu_order":4,"comment_status":"closed","ping_status":"closed","template":"templates\/page-tpl-n3.php","meta":{"_acf_changed":false,"footnotes":""},"class_list":["post-7109","page","type-page","status-publish","has-post-thumbnail","hentry"],"acf":[],"yoast_head":"<!-- This site is optimized with the Yoast SEO plugin v23.9 - https:\/\/yoast.com\/wordpress\/plugins\/seo\/ -->\n<title>Hamlets in Sierra Espu\u00f1a - Territorio Sierra Espu\u00f1a<\/title>\n<meta name=\"robots\" content=\"index, follow, max-snippet:-1, max-image-preview:large, max-video-preview:-1\" \/>\n<link rel=\"canonical\" href=\"https:\/\/territoriosierraespuna.com\/en\/see-and-do-2\/the-park-2\/get-to-know-it\/hamlets-in-sierra-espuna\/\" \/>\n<meta property=\"og:locale\" content=\"en_US\" \/>\n<meta property=\"og:type\" content=\"article\" \/>\n<meta property=\"og:title\" content=\"Hamlets in Sierra Espu\u00f1a - Territorio Sierra Espu\u00f1a\" \/>\n<meta property=\"og:description\" content=\"Apart from the municipalities, we can find some of their hamlets throughout Sierra Espu\u00f1a Regional Park and Los Barrancos de Gebas Protected Landscape. Little and delightful localities which stand out for their sceneries, traditions and a priviledge location in the middle of the nature. In the north-east foothills we find El Berro and Gebas, hamlets... info\" \/>\n<meta property=\"og:url\" content=\"https:\/\/territoriosierraespuna.com\/en\/see-and-do-2\/the-park-2\/get-to-know-it\/hamlets-in-sierra-espuna\/\" \/>\n<meta property=\"og:site_name\" content=\"Territorio Sierra Espu\u00f1a\" \/>\n<meta property=\"article:modified_time\" content=\"2020-03-04T08:33:00+00:00\" \/>\n<meta property=\"og:image\" content=\"https:\/\/territoriosierraespuna.com\/wp-content\/uploads\/2018\/02\/ver-y-hacer-pedanias.jpg\" \/>\n\t<meta property=\"og:image:width\" content=\"1139\" \/>\n\t<meta property=\"og:image:height\" content=\"320\" \/>\n\t<meta property=\"og:image:type\" content=\"image\/jpeg\" \/>\n<meta name=\"twitter:card\" content=\"summary_large_image\" \/>\n<meta name=\"twitter:label1\" content=\"Est. reading time\" \/>\n\t<meta name=\"twitter:data1\" content=\"1 minute\" \/>\n<script type=\"application\/ld+json\" class=\"yoast-schema-graph\">{\"@context\":\"https:\/\/schema.org\",\"@graph\":[{\"@type\":\"WebPage\",\"@id\":\"https:\/\/territoriosierraespuna.com\/en\/see-and-do-2\/the-park-2\/get-to-know-it\/hamlets-in-sierra-espuna\/\",\"url\":\"https:\/\/territoriosierraespuna.com\/en\/see-and-do-2\/the-park-2\/get-to-know-it\/hamlets-in-sierra-espuna\/\",\"name\":\"Hamlets in Sierra Espu\u00f1a - Territorio Sierra Espu\u00f1a\",\"isPartOf\":{\"@id\":\"https:\/\/territoriosierraespuna.com\/#website\"},\"primaryImageOfPage\":{\"@id\":\"https:\/\/territoriosierraespuna.com\/en\/see-and-do-2\/the-park-2\/get-to-know-it\/hamlets-in-sierra-espuna\/#primaryimage\"},\"image\":{\"@id\":\"https:\/\/territoriosierraespuna.com\/en\/see-and-do-2\/the-park-2\/get-to-know-it\/hamlets-in-sierra-espuna\/#primaryimage\"},\"thumbnailUrl\":\"https:\/\/territoriosierraespuna.com\/wp-content\/uploads\/2018\/02\/ver-y-hacer-pedanias.jpg\",\"datePublished\":\"2020-02-03T13:04:33+00:00\",\"dateModified\":\"2020-03-04T08:33:00+00:00\",\"breadcrumb\":{\"@id\":\"https:\/\/territoriosierraespuna.com\/en\/see-and-do-2\/the-park-2\/get-to-know-it\/hamlets-in-sierra-espuna\/#breadcrumb\"},\"inLanguage\":\"en-US\",\"potentialAction\":[{\"@type\":\"ReadAction\",\"target\":[\"https:\/\/territoriosierraespuna.com\/en\/see-and-do-2\/the-park-2\/get-to-know-it\/hamlets-in-sierra-espuna\/\"]}]},{\"@type\":\"ImageObject\",\"inLanguage\":\"en-US\",\"@id\":\"https:\/\/territoriosierraespuna.com\/en\/see-and-do-2\/the-park-2\/get-to-know-it\/hamlets-in-sierra-espuna\/#primaryimage\",\"url\":\"https:\/\/territoriosierraespuna.com\/wp-content\/uploads\/2018\/02\/ver-y-hacer-pedanias.jpg\",\"contentUrl\":\"https:\/\/territoriosierraespuna.com\/wp-content\/uploads\/2018\/02\/ver-y-hacer-pedanias.jpg\",\"width\":1139,\"height\":320},{\"@type\":\"BreadcrumbList\",\"@id\":\"https:\/\/territoriosierraespuna.com\/en\/see-and-do-2\/the-park-2\/get-to-know-it\/hamlets-in-sierra-espuna\/#breadcrumb\",\"itemListElement\":[{\"@type\":\"ListItem\",\"position\":1,\"name\":\"Inicio\",\"item\":\"https:\/\/territoriosierraespuna.com\/en\/\"},{\"@type\":\"ListItem\",\"position\":2,\"name\":\"See and do\",\"item\":\"https:\/\/territoriosierraespuna.com\/en\/see-and-do-2\/\"},{\"@type\":\"ListItem\",\"position\":3,\"name\":\"The Park\",\"item\":\"https:\/\/territoriosierraespuna.com\/en\/see-and-do-2\/the-park-2\/\"},{\"@type\":\"ListItem\",\"position\":4,\"name\":\"Get to know it\",\"item\":\"https:\/\/territoriosierraespuna.com\/en\/see-and-do-2\/the-park-2\/get-to-know-it\/\"},{\"@type\":\"ListItem\",\"position\":5,\"name\":\"Hamlets in Sierra Espu\u00f1a\"}]},{\"@type\":\"WebSite\",\"@id\":\"https:\/\/territoriosierraespuna.com\/#website\",\"url\":\"https:\/\/territoriosierraespuna.com\/\",\"name\":\"Territorio Sierra Espu\u00f1a\",\"description\":\"\",\"potentialAction\":[{\"@type\":\"SearchAction\",\"target\":{\"@type\":\"EntryPoint\",\"urlTemplate\":\"https:\/\/territoriosierraespuna.com\/?s={search_term_string}\"},\"query-input\":{\"@type\":\"PropertyValueSpecification\",\"valueRequired\":true,\"valueName\":\"search_term_string\"}}],\"inLanguage\":\"en-US\"}]}<\/script>\n<!-- \/ Yoast SEO plugin. -->","yoast_head_json":{"title":"Hamlets in Sierra Espu\u00f1a - Territorio Sierra Espu\u00f1a","robots":{"index":"index","follow":"follow","max-snippet":"max-snippet:-1","max-image-preview":"max-image-preview:large","max-video-preview":"max-video-preview:-1"},"canonical":"https:\/\/territoriosierraespuna.com\/en\/see-and-do-2\/the-park-2\/get-to-know-it\/hamlets-in-sierra-espuna\/","og_locale":"en_US","og_type":"article","og_title":"Hamlets in Sierra Espu\u00f1a - Territorio Sierra Espu\u00f1a","og_description":"Apart from the municipalities, we can find some of their hamlets throughout Sierra Espu\u00f1a Regional Park and Los Barrancos de Gebas Protected Landscape. Little and delightful localities which stand out for their sceneries, traditions and a priviledge location in the middle of the nature. In the north-east foothills we find El Berro and Gebas, hamlets... info","og_url":"https:\/\/territoriosierraespuna.com\/en\/see-and-do-2\/the-park-2\/get-to-know-it\/hamlets-in-sierra-espuna\/","og_site_name":"Territorio Sierra Espu\u00f1a","article_modified_time":"2020-03-04T08:33:00+00:00","og_image":[{"width":1139,"height":320,"url":"https:\/\/territoriosierraespuna.com\/wp-content\/uploads\/2018\/02\/ver-y-hacer-pedanias.jpg","type":"image\/jpeg"}],"twitter_card":"summary_large_image","twitter_misc":{"Est. reading time":"1 minute"},"schema":{"@context":"https:\/\/schema.org","@graph":[{"@type":"WebPage","@id":"https:\/\/territoriosierraespuna.com\/en\/see-and-do-2\/the-park-2\/get-to-know-it\/hamlets-in-sierra-espuna\/","url":"https:\/\/territoriosierraespuna.com\/en\/see-and-do-2\/the-park-2\/get-to-know-it\/hamlets-in-sierra-espuna\/","name":"Hamlets in Sierra Espu\u00f1a - Territorio Sierra Espu\u00f1a","isPartOf":{"@id":"https:\/\/territoriosierraespuna.com\/#website"},"primaryImageOfPage":{"@id":"https:\/\/territoriosierraespuna.com\/en\/see-and-do-2\/the-park-2\/get-to-know-it\/hamlets-in-sierra-espuna\/#primaryimage"},"image":{"@id":"https:\/\/territoriosierraespuna.com\/en\/see-and-do-2\/the-park-2\/get-to-know-it\/hamlets-in-sierra-espuna\/#primaryimage"},"thumbnailUrl":"https:\/\/territoriosierraespuna.com\/wp-content\/uploads\/2018\/02\/ver-y-hacer-pedanias.jpg","datePublished":"2020-02-03T13:04:33+00:00","dateModified":"2020-03-04T08:33:00+00:00","breadcrumb":{"@id":"https:\/\/territoriosierraespuna.com\/en\/see-and-do-2\/the-park-2\/get-to-know-it\/hamlets-in-sierra-espuna\/#breadcrumb"},"inLanguage":"en-US","potentialAction":[{"@type":"ReadAction","target":["https:\/\/territoriosierraespuna.com\/en\/see-and-do-2\/the-park-2\/get-to-know-it\/hamlets-in-sierra-espuna\/"]}]},{"@type":"ImageObject","inLanguage":"en-US","@id":"https:\/\/territoriosierraespuna.com\/en\/see-and-do-2\/the-park-2\/get-to-know-it\/hamlets-in-sierra-espuna\/#primaryimage","url":"https:\/\/territoriosierraespuna.com\/wp-content\/uploads\/2018\/02\/ver-y-hacer-pedanias.jpg","contentUrl":"https:\/\/territoriosierraespuna.com\/wp-content\/uploads\/2018\/02\/ver-y-hacer-pedanias.jpg","width":1139,"height":320},{"@type":"BreadcrumbList","@id":"https:\/\/territoriosierraespuna.com\/en\/see-and-do-2\/the-park-2\/get-to-know-it\/hamlets-in-sierra-espuna\/#breadcrumb","itemListElement":[{"@type":"ListItem","position":1,"name":"Inicio","item":"https:\/\/territoriosierraespuna.com\/en\/"},{"@type":"ListItem","position":2,"name":"See and do","item":"https:\/\/territoriosierraespuna.com\/en\/see-and-do-2\/"},{"@type":"ListItem","position":3,"name":"The Park","item":"https:\/\/territoriosierraespuna.com\/en\/see-and-do-2\/the-park-2\/"},{"@type":"ListItem","position":4,"name":"Get to know it","item":"https:\/\/territoriosierraespuna.com\/en\/see-and-do-2\/the-park-2\/get-to-know-it\/"},{"@type":"ListItem","position":5,"name":"Hamlets in Sierra Espu\u00f1a"}]},{"@type":"WebSite","@id":"https:\/\/territoriosierraespuna.com\/#website","url":"https:\/\/territoriosierraespuna.com\/","name":"Territorio Sierra Espu\u00f1a","description":"","potentialAction":[{"@type":"SearchAction","target":{"@type":"EntryPoint","urlTemplate":"https:\/\/territoriosierraespuna.com\/?s={search_term_string}"},"query-input":{"@type":"PropertyValueSpecification","valueRequired":true,"valueName":"search_term_string"}}],"inLanguage":"en-US"}]}},"_links":{"self":[{"href":"https:\/\/territoriosierraespuna.com\/en\/wp-json\/wp\/v2\/pages\/7109","targetHints":{"allow":["GET"]}}],"collection":[{"href":"https:\/\/territoriosierraespuna.com\/en\/wp-json\/wp\/v2\/pages"}],"about":[{"href":"https:\/\/territoriosierraespuna.com\/en\/wp-json\/wp\/v2\/types\/page"}],"author":[{"embeddable":true,"href":"https:\/\/territoriosierraespuna.com\/en\/wp-json\/wp\/v2\/users\/4"}],"replies":[{"embeddable":true,"href":"https:\/\/territoriosierraespuna.com\/en\/wp-json\/wp\/v2\/comments?post=7109"}],"version-history":[{"count":1,"href":"https:\/\/territoriosierraespuna.com\/en\/wp-json\/wp\/v2\/pages\/7109\/revisions"}],"predecessor-version":[{"id":7110,"href":"https:\/\/territoriosierraespuna.com\/en\/wp-json\/wp\/v2\/pages\/7109\/revisions\/7110"}],"up":[{"embeddable":true,"href":"https:\/\/territoriosierraespuna.com\/en\/wp-json\/wp\/v2\/pages\/7099"}],"wp:featuredmedia":[{"embeddable":true,"href":"https:\/\/territoriosierraespuna.com\/en\/wp-json\/wp\/v2\/media\/5759"}],"wp:attachment":[{"href":"https:\/\/territoriosierraespuna.com\/en\/wp-json\/wp\/v2\/media?parent=7109"}],"curies":[{"name":"wp","href":"https:\/\/api.w.org\/{rel}","templated":true}]}}