{"id":7040,"date":"2020-01-31T10:28:51","date_gmt":"2020-01-31T09:28:51","guid":{"rendered":"https:\/\/territoriosierraespuna.com\/?page_id=7040"},"modified":"2020-03-03T14:14:56","modified_gmt":"2020-03-03T13:14:56","slug":"territory-2","status":"publish","type":"page","link":"https:\/\/territoriosierraespuna.com\/en\/descubre\/territory-2\/","title":{"rendered":"Territory"},"content":{"rendered":"\n<p>In the south-east of Spain, right in the heart of the Region of Murcia we find Sierra Espu\u00f1a Regional Park. It extends between the vallies of the rivers Guadalent\u00edn and Pliego, where six of the most emblematic municipalites of south-east Spain lie: Aledo, Alhama de Murcia, Librilla, Mula, Pliego, and Totana. You will be surprised by its incredible nature, its great historic and cultural heritage, its gastronomy, and of couse, its people.<br> Its unique location and exceptional climate make it an ideal destination so as to enjoy all this land has to offer. You can go inland and practice outdoor sports where you will be delighted to see its Natural Spaces and great variety of animal species and vegetation, being some of them endemic to the area. And why not? Get involved in its ancient traditions, its famous crafts and live its traditional festivals as you were one of the locals. Being the top ecoturism destination in the Region of Murcia, much hard work is being carried out for a more sustainable and accessible tourism. Regardless of how old you are, how fit or your likes, we have a special place for you, to make the most of it and have an unforgettable experience.<br> Please find in our web the keys to visiting, getting to know and living it.<\/p>\n","protected":false},"excerpt":{"rendered":"In the south-east of Spain, right in the heart of the Region of Murcia we find Sierra Espu\u00f1a Regional Park. It extends between the vallies of the rivers Guadalent\u00edn and Pliego, where six of the most emblematic municipalites of south-east Spain lie: Aledo, Alhama de Murcia, Librilla, Mula, Pliego, and Totana. You will be surprised&#8230; <a class=\"view-article\" href=\"https:\/\/territoriosierraespuna.com\/en\/descubre\/territory-2\/\"><i class=\"fa fa-plus\" aria-hidden=\"true\"><\/i> info<\/a>","protected":false},"author":4,"featured_media":5724,"parent":16,"menu_order":2,"comment_status":"closed","ping_status":"closed","template":"templates\/page-tpl-n2.php","meta":{"_acf_changed":false,"footnotes":""},"class_list":["post-7040","page","type-page","status-publish","has-post-thumbnail","hentry"],"acf":[],"yoast_head":"<!-- This site is optimized with the Yoast SEO plugin v23.9 - https:\/\/yoast.com\/wordpress\/plugins\/seo\/ -->\n<title>Territory - Territorio Sierra Espu\u00f1a<\/title>\n<meta name=\"robots\" content=\"index, follow, max-snippet:-1, max-image-preview:large, max-video-preview:-1\" \/>\n<link rel=\"canonical\" href=\"https:\/\/territoriosierraespuna.com\/descubre\/territorio\/\" \/>\n<meta property=\"og:locale\" content=\"en_US\" \/>\n<meta property=\"og:type\" content=\"article\" \/>\n<meta property=\"og:title\" content=\"Territory - Territorio Sierra Espu\u00f1a\" \/>\n<meta property=\"og:description\" content=\"In the south-east of Spain, right in the heart of the Region of Murcia we find Sierra Espu\u00f1a Regional Park. It extends between the vallies of the rivers Guadalent\u00edn and Pliego, where six of the most emblematic municipalites of south-east Spain lie: Aledo, Alhama de Murcia, Librilla, Mula, Pliego, and Totana. You will be surprised... info\" \/>\n<meta property=\"og:url\" content=\"https:\/\/territoriosierraespuna.com\/descubre\/territorio\/\" \/>\n<meta property=\"og:site_name\" content=\"Territorio Sierra Espu\u00f1a\" \/>\n<meta property=\"article:modified_time\" content=\"2020-03-03T13:14:56+00:00\" \/>\n<meta property=\"og:image\" content=\"https:\/\/territoriosierraespuna.com\/wp-content\/uploads\/2018\/02\/territorio-territorio-sierra-espuna.jpg\" \/>\n\t<meta property=\"og:image:width\" content=\"1139\" \/>\n\t<meta property=\"og:image:height\" content=\"320\" \/>\n\t<meta property=\"og:image:type\" content=\"image\/jpeg\" \/>\n<meta name=\"twitter:card\" content=\"summary_large_image\" \/>\n<meta name=\"twitter:label1\" content=\"Est. reading time\" \/>\n\t<meta name=\"twitter:data1\" content=\"1 minute\" \/>\n<script type=\"application\/ld+json\" class=\"yoast-schema-graph\">{\"@context\":\"https:\/\/schema.org\",\"@graph\":[{\"@type\":\"WebPage\",\"@id\":\"https:\/\/territoriosierraespuna.com\/descubre\/territorio\/\",\"url\":\"https:\/\/territoriosierraespuna.com\/descubre\/territorio\/\",\"name\":\"Territory - Territorio Sierra Espu\u00f1a\",\"isPartOf\":{\"@id\":\"https:\/\/territoriosierraespuna.com\/#website\"},\"primaryImageOfPage\":{\"@id\":\"https:\/\/territoriosierraespuna.com\/descubre\/territorio\/#primaryimage\"},\"image\":{\"@id\":\"https:\/\/territoriosierraespuna.com\/descubre\/territorio\/#primaryimage\"},\"thumbnailUrl\":\"https:\/\/territoriosierraespuna.com\/wp-content\/uploads\/2018\/02\/territorio-territorio-sierra-espuna.jpg\",\"datePublished\":\"2020-01-31T09:28:51+00:00\",\"dateModified\":\"2020-03-03T13:14:56+00:00\",\"breadcrumb\":{\"@id\":\"https:\/\/territoriosierraespuna.com\/descubre\/territorio\/#breadcrumb\"},\"inLanguage\":\"en-US\",\"potentialAction\":[{\"@type\":\"ReadAction\",\"target\":[\"https:\/\/territoriosierraespuna.com\/descubre\/territorio\/\"]}]},{\"@type\":\"ImageObject\",\"inLanguage\":\"en-US\",\"@id\":\"https:\/\/territoriosierraespuna.com\/descubre\/territorio\/#primaryimage\",\"url\":\"https:\/\/territoriosierraespuna.com\/wp-content\/uploads\/2018\/02\/territorio-territorio-sierra-espuna.jpg\",\"contentUrl\":\"https:\/\/territoriosierraespuna.com\/wp-content\/uploads\/2018\/02\/territorio-territorio-sierra-espuna.jpg\",\"width\":1139,\"height\":320},{\"@type\":\"BreadcrumbList\",\"@id\":\"https:\/\/territoriosierraespuna.com\/descubre\/territorio\/#breadcrumb\",\"itemListElement\":[{\"@type\":\"ListItem\",\"position\":1,\"name\":\"Inicio\",\"item\":\"https:\/\/territoriosierraespuna.com\/en\/\"},{\"@type\":\"ListItem\",\"position\":2,\"name\":\"Discover\",\"item\":\"https:\/\/territoriosierraespuna.com\/en\/descubre\/\"},{\"@type\":\"ListItem\",\"position\":3,\"name\":\"Territory\"}]},{\"@type\":\"WebSite\",\"@id\":\"https:\/\/territoriosierraespuna.com\/#website\",\"url\":\"https:\/\/territoriosierraespuna.com\/\",\"name\":\"Territorio Sierra Espu\u00f1a\",\"description\":\"\",\"potentialAction\":[{\"@type\":\"SearchAction\",\"target\":{\"@type\":\"EntryPoint\",\"urlTemplate\":\"https:\/\/territoriosierraespuna.com\/?s={search_term_string}\"},\"query-input\":{\"@type\":\"PropertyValueSpecification\",\"valueRequired\":true,\"valueName\":\"search_term_string\"}}],\"inLanguage\":\"en-US\"}]}<\/script>\n<!-- \/ Yoast SEO plugin. -->","yoast_head_json":{"title":"Territory - Territorio Sierra Espu\u00f1a","robots":{"index":"index","follow":"follow","max-snippet":"max-snippet:-1","max-image-preview":"max-image-preview:large","max-video-preview":"max-video-preview:-1"},"canonical":"https:\/\/territoriosierraespuna.com\/descubre\/territorio\/","og_locale":"en_US","og_type":"article","og_title":"Territory - Territorio Sierra Espu\u00f1a","og_description":"In the south-east of Spain, right in the heart of the Region of Murcia we find Sierra Espu\u00f1a Regional Park. It extends between the vallies of the rivers Guadalent\u00edn and Pliego, where six of the most emblematic municipalites of south-east Spain lie: Aledo, Alhama de Murcia, Librilla, Mula, Pliego, and Totana. You will be surprised... info","og_url":"https:\/\/territoriosierraespuna.com\/descubre\/territorio\/","og_site_name":"Territorio Sierra Espu\u00f1a","article_modified_time":"2020-03-03T13:14:56+00:00","og_image":[{"width":1139,"height":320,"url":"https:\/\/territoriosierraespuna.com\/wp-content\/uploads\/2018\/02\/territorio-territorio-sierra-espuna.jpg","type":"image\/jpeg"}],"twitter_card":"summary_large_image","twitter_misc":{"Est. reading time":"1 minute"},"schema":{"@context":"https:\/\/schema.org","@graph":[{"@type":"WebPage","@id":"https:\/\/territoriosierraespuna.com\/descubre\/territorio\/","url":"https:\/\/territoriosierraespuna.com\/descubre\/territorio\/","name":"Territory - Territorio Sierra Espu\u00f1a","isPartOf":{"@id":"https:\/\/territoriosierraespuna.com\/#website"},"primaryImageOfPage":{"@id":"https:\/\/territoriosierraespuna.com\/descubre\/territorio\/#primaryimage"},"image":{"@id":"https:\/\/territoriosierraespuna.com\/descubre\/territorio\/#primaryimage"},"thumbnailUrl":"https:\/\/territoriosierraespuna.com\/wp-content\/uploads\/2018\/02\/territorio-territorio-sierra-espuna.jpg","datePublished":"2020-01-31T09:28:51+00:00","dateModified":"2020-03-03T13:14:56+00:00","breadcrumb":{"@id":"https:\/\/territoriosierraespuna.com\/descubre\/territorio\/#breadcrumb"},"inLanguage":"en-US","potentialAction":[{"@type":"ReadAction","target":["https:\/\/territoriosierraespuna.com\/descubre\/territorio\/"]}]},{"@type":"ImageObject","inLanguage":"en-US","@id":"https:\/\/territoriosierraespuna.com\/descubre\/territorio\/#primaryimage","url":"https:\/\/territoriosierraespuna.com\/wp-content\/uploads\/2018\/02\/territorio-territorio-sierra-espuna.jpg","contentUrl":"https:\/\/territoriosierraespuna.com\/wp-content\/uploads\/2018\/02\/territorio-territorio-sierra-espuna.jpg","width":1139,"height":320},{"@type":"BreadcrumbList","@id":"https:\/\/territoriosierraespuna.com\/descubre\/territorio\/#breadcrumb","itemListElement":[{"@type":"ListItem","position":1,"name":"Inicio","item":"https:\/\/territoriosierraespuna.com\/en\/"},{"@type":"ListItem","position":2,"name":"Discover","item":"https:\/\/territoriosierraespuna.com\/en\/descubre\/"},{"@type":"ListItem","position":3,"name":"Territory"}]},{"@type":"WebSite","@id":"https:\/\/territoriosierraespuna.com\/#website","url":"https:\/\/territoriosierraespuna.com\/","name":"Territorio Sierra Espu\u00f1a","description":"","potentialAction":[{"@type":"SearchAction","target":{"@type":"EntryPoint","urlTemplate":"https:\/\/territoriosierraespuna.com\/?s={search_term_string}"},"query-input":{"@type":"PropertyValueSpecification","valueRequired":true,"valueName":"search_term_string"}}],"inLanguage":"en-US"}]}},"_links":{"self":[{"href":"https:\/\/territoriosierraespuna.com\/en\/wp-json\/wp\/v2\/pages\/7040","targetHints":{"allow":["GET"]}}],"collection":[{"href":"https:\/\/territoriosierraespuna.com\/en\/wp-json\/wp\/v2\/pages"}],"about":[{"href":"https:\/\/territoriosierraespuna.com\/en\/wp-json\/wp\/v2\/types\/page"}],"author":[{"embeddable":true,"href":"https:\/\/territoriosierraespuna.com\/en\/wp-json\/wp\/v2\/users\/4"}],"replies":[{"embeddable":true,"href":"https:\/\/territoriosierraespuna.com\/en\/wp-json\/wp\/v2\/comments?post=7040"}],"version-history":[{"count":2,"href":"https:\/\/territoriosierraespuna.com\/en\/wp-json\/wp\/v2\/pages\/7040\/revisions"}],"predecessor-version":[{"id":7706,"href":"https:\/\/territoriosierraespuna.com\/en\/wp-json\/wp\/v2\/pages\/7040\/revisions\/7706"}],"up":[{"embeddable":true,"href":"https:\/\/territoriosierraespuna.com\/en\/wp-json\/wp\/v2\/pages\/16"}],"wp:featuredmedia":[{"embeddable":true,"href":"https:\/\/territoriosierraespuna.com\/en\/wp-json\/wp\/v2\/media\/5724"}],"wp:attachment":[{"href":"https:\/\/territoriosierraespuna.com\/en\/wp-json\/wp\/v2\/media?parent=7040"}],"curies":[{"name":"wp","href":"https:\/\/api.w.org\/{rel}","templated":true}]}}