{"id":1774,"date":"2018-03-02T00:16:00","date_gmt":"2018-03-01T23:16:00","guid":{"rendered":"http:\/\/territoriosierraespuna.com\/?page_id=1774"},"modified":"2020-03-20T14:37:38","modified_gmt":"2020-03-20T13:37:38","slug":"the-mula-baths","status":"publish","type":"page","link":"https:\/\/territoriosierraespuna.com\/en\/experiences-2\/peace-and-quiet\/the-mula-baths\/","title":{"rendered":"Los Ba\u00f1os de Mula"},"content":{"rendered":"<p><span style=\"font-weight: 400\">Thermal baths culture has existed in the Sierra Espu\u00f1a area for over 2,000 years, for instance Alhama thermal baths which were in use from Roman times to 20<\/span><span style=\"font-weight: 400\">th<\/span><span style=\"font-weight: 400\"> century, and having been\u00a0 transfromed into a Spa Hotel.<\/span><\/p>\n<p><span style=\"font-weight: 400\">Besides, it is important to point out Los Ba\u00f1os de Mula (Mula thermal waters), whose thermal springs also date back to Roman times reaching its peak between 19<\/span><span style=\"font-weight: 400\">th<\/span><span style=\"font-weight: 400\"> and 20<\/span><span style=\"font-weight: 400\">th<\/span><span style=\"font-weight: 400\"> century. Currently, you can enjoy their waters thanks to three establishments: El Intendente, El Pozo and El Delf\u00edn.<\/span><\/p>\n","protected":false},"excerpt":{"rendered":"Thermal baths culture has existed in the Sierra Espu\u00f1a area for over 2,000 years, for instance Alhama thermal baths which were in use from Roman times to 20th century, and having been\u00a0 transfromed into a Spa Hotel. Besides, it is important to point out Los Ba\u00f1os de Mula (Mula thermal waters), whose thermal springs also&#8230; <a class=\"view-article\" href=\"https:\/\/territoriosierraespuna.com\/en\/experiences-2\/peace-and-quiet\/the-mula-baths\/\"><i class=\"fa fa-plus\" aria-hidden=\"true\"><\/i> info<\/a>","protected":false},"author":1,"featured_media":5864,"parent":7440,"menu_order":1,"comment_status":"closed","ping_status":"closed","template":"templates\/page-tpl-n3.php","meta":{"_acf_changed":false,"footnotes":""},"class_list":["post-1774","page","type-page","status-publish","has-post-thumbnail","hentry"],"acf":[],"yoast_head":"<!-- This site is optimized with the Yoast SEO plugin v23.9 - https:\/\/yoast.com\/wordpress\/plugins\/seo\/ -->\n<title>Los Ba\u00f1os de Mula - Territorio Sierra Espu\u00f1a<\/title>\n<meta name=\"robots\" content=\"index, follow, max-snippet:-1, max-image-preview:large, max-video-preview:-1\" \/>\n<link rel=\"canonical\" href=\"https:\/\/territoriosierraespuna.com\/experiencias\/en-calma\/los-banos-mula\/\" \/>\n<meta property=\"og:locale\" content=\"en_US\" \/>\n<meta property=\"og:type\" content=\"article\" \/>\n<meta property=\"og:title\" content=\"Los Ba\u00f1os de Mula - Territorio Sierra Espu\u00f1a\" \/>\n<meta property=\"og:description\" content=\"Thermal baths culture has existed in the Sierra Espu\u00f1a area for over 2,000 years, for instance Alhama thermal baths which were in use from Roman times to 20th century, and having been\u00a0 transfromed into a Spa Hotel. Besides, it is important to point out Los Ba\u00f1os de Mula (Mula thermal waters), whose thermal springs also... info\" \/>\n<meta property=\"og:url\" content=\"https:\/\/territoriosierraespuna.com\/experiencias\/en-calma\/los-banos-mula\/\" \/>\n<meta property=\"og:site_name\" content=\"Territorio Sierra Espu\u00f1a\" \/>\n<meta property=\"article:modified_time\" content=\"2020-03-20T13:37:38+00:00\" \/>\n<meta property=\"og:image\" content=\"https:\/\/territoriosierraespuna.com\/wp-content\/uploads\/2018\/03\/en-calma-banos-de-mula-territorio-sierra-espuna.jpg\" \/>\n\t<meta property=\"og:image:width\" content=\"1139\" \/>\n\t<meta property=\"og:image:height\" content=\"320\" \/>\n\t<meta property=\"og:image:type\" content=\"image\/jpeg\" \/>\n<meta name=\"twitter:card\" content=\"summary_large_image\" \/>\n<script type=\"application\/ld+json\" class=\"yoast-schema-graph\">{\"@context\":\"https:\/\/schema.org\",\"@graph\":[{\"@type\":\"WebPage\",\"@id\":\"https:\/\/territoriosierraespuna.com\/experiencias\/en-calma\/los-banos-mula\/\",\"url\":\"https:\/\/territoriosierraespuna.com\/experiencias\/en-calma\/los-banos-mula\/\",\"name\":\"Los Ba\u00f1os de Mula - Territorio Sierra Espu\u00f1a\",\"isPartOf\":{\"@id\":\"https:\/\/territoriosierraespuna.com\/#website\"},\"primaryImageOfPage\":{\"@id\":\"https:\/\/territoriosierraespuna.com\/experiencias\/en-calma\/los-banos-mula\/#primaryimage\"},\"image\":{\"@id\":\"https:\/\/territoriosierraespuna.com\/experiencias\/en-calma\/los-banos-mula\/#primaryimage\"},\"thumbnailUrl\":\"https:\/\/territoriosierraespuna.com\/wp-content\/uploads\/2018\/03\/en-calma-banos-de-mula-territorio-sierra-espuna.jpg\",\"datePublished\":\"2018-03-01T23:16:00+00:00\",\"dateModified\":\"2020-03-20T13:37:38+00:00\",\"breadcrumb\":{\"@id\":\"https:\/\/territoriosierraespuna.com\/experiencias\/en-calma\/los-banos-mula\/#breadcrumb\"},\"inLanguage\":\"en-US\",\"potentialAction\":[{\"@type\":\"ReadAction\",\"target\":[\"https:\/\/territoriosierraespuna.com\/experiencias\/en-calma\/los-banos-mula\/\"]}]},{\"@type\":\"ImageObject\",\"inLanguage\":\"en-US\",\"@id\":\"https:\/\/territoriosierraespuna.com\/experiencias\/en-calma\/los-banos-mula\/#primaryimage\",\"url\":\"https:\/\/territoriosierraespuna.com\/wp-content\/uploads\/2018\/03\/en-calma-banos-de-mula-territorio-sierra-espuna.jpg\",\"contentUrl\":\"https:\/\/territoriosierraespuna.com\/wp-content\/uploads\/2018\/03\/en-calma-banos-de-mula-territorio-sierra-espuna.jpg\",\"width\":1139,\"height\":320},{\"@type\":\"BreadcrumbList\",\"@id\":\"https:\/\/territoriosierraespuna.com\/experiencias\/en-calma\/los-banos-mula\/#breadcrumb\",\"itemListElement\":[{\"@type\":\"ListItem\",\"position\":1,\"name\":\"Inicio\",\"item\":\"https:\/\/territoriosierraespuna.com\/en\/\"},{\"@type\":\"ListItem\",\"position\":2,\"name\":\"Experiences\",\"item\":\"https:\/\/territoriosierraespuna.com\/en\/experiences-2\/\"},{\"@type\":\"ListItem\",\"position\":3,\"name\":\"Peace and quiet\",\"item\":\"https:\/\/territoriosierraespuna.com\/en\/experiences-2\/peace-and-quiet\/\"},{\"@type\":\"ListItem\",\"position\":4,\"name\":\"Los Ba\u00f1os de Mula\"}]},{\"@type\":\"WebSite\",\"@id\":\"https:\/\/territoriosierraespuna.com\/#website\",\"url\":\"https:\/\/territoriosierraespuna.com\/\",\"name\":\"Territorio Sierra Espu\u00f1a\",\"description\":\"\",\"potentialAction\":[{\"@type\":\"SearchAction\",\"target\":{\"@type\":\"EntryPoint\",\"urlTemplate\":\"https:\/\/territoriosierraespuna.com\/?s={search_term_string}\"},\"query-input\":{\"@type\":\"PropertyValueSpecification\",\"valueRequired\":true,\"valueName\":\"search_term_string\"}}],\"inLanguage\":\"en-US\"}]}<\/script>\n<!-- \/ Yoast SEO plugin. -->","yoast_head_json":{"title":"Los Ba\u00f1os de Mula - Territorio Sierra Espu\u00f1a","robots":{"index":"index","follow":"follow","max-snippet":"max-snippet:-1","max-image-preview":"max-image-preview:large","max-video-preview":"max-video-preview:-1"},"canonical":"https:\/\/territoriosierraespuna.com\/experiencias\/en-calma\/los-banos-mula\/","og_locale":"en_US","og_type":"article","og_title":"Los Ba\u00f1os de Mula - Territorio Sierra Espu\u00f1a","og_description":"Thermal baths culture has existed in the Sierra Espu\u00f1a area for over 2,000 years, for instance Alhama thermal baths which were in use from Roman times to 20th century, and having been\u00a0 transfromed into a Spa Hotel. Besides, it is important to point out Los Ba\u00f1os de Mula (Mula thermal waters), whose thermal springs also... info","og_url":"https:\/\/territoriosierraespuna.com\/experiencias\/en-calma\/los-banos-mula\/","og_site_name":"Territorio Sierra Espu\u00f1a","article_modified_time":"2020-03-20T13:37:38+00:00","og_image":[{"width":1139,"height":320,"url":"https:\/\/territoriosierraespuna.com\/wp-content\/uploads\/2018\/03\/en-calma-banos-de-mula-territorio-sierra-espuna.jpg","type":"image\/jpeg"}],"twitter_card":"summary_large_image","schema":{"@context":"https:\/\/schema.org","@graph":[{"@type":"WebPage","@id":"https:\/\/territoriosierraespuna.com\/experiencias\/en-calma\/los-banos-mula\/","url":"https:\/\/territoriosierraespuna.com\/experiencias\/en-calma\/los-banos-mula\/","name":"Los Ba\u00f1os de Mula - Territorio Sierra Espu\u00f1a","isPartOf":{"@id":"https:\/\/territoriosierraespuna.com\/#website"},"primaryImageOfPage":{"@id":"https:\/\/territoriosierraespuna.com\/experiencias\/en-calma\/los-banos-mula\/#primaryimage"},"image":{"@id":"https:\/\/territoriosierraespuna.com\/experiencias\/en-calma\/los-banos-mula\/#primaryimage"},"thumbnailUrl":"https:\/\/territoriosierraespuna.com\/wp-content\/uploads\/2018\/03\/en-calma-banos-de-mula-territorio-sierra-espuna.jpg","datePublished":"2018-03-01T23:16:00+00:00","dateModified":"2020-03-20T13:37:38+00:00","breadcrumb":{"@id":"https:\/\/territoriosierraespuna.com\/experiencias\/en-calma\/los-banos-mula\/#breadcrumb"},"inLanguage":"en-US","potentialAction":[{"@type":"ReadAction","target":["https:\/\/territoriosierraespuna.com\/experiencias\/en-calma\/los-banos-mula\/"]}]},{"@type":"ImageObject","inLanguage":"en-US","@id":"https:\/\/territoriosierraespuna.com\/experiencias\/en-calma\/los-banos-mula\/#primaryimage","url":"https:\/\/territoriosierraespuna.com\/wp-content\/uploads\/2018\/03\/en-calma-banos-de-mula-territorio-sierra-espuna.jpg","contentUrl":"https:\/\/territoriosierraespuna.com\/wp-content\/uploads\/2018\/03\/en-calma-banos-de-mula-territorio-sierra-espuna.jpg","width":1139,"height":320},{"@type":"BreadcrumbList","@id":"https:\/\/territoriosierraespuna.com\/experiencias\/en-calma\/los-banos-mula\/#breadcrumb","itemListElement":[{"@type":"ListItem","position":1,"name":"Inicio","item":"https:\/\/territoriosierraespuna.com\/en\/"},{"@type":"ListItem","position":2,"name":"Experiences","item":"https:\/\/territoriosierraespuna.com\/en\/experiences-2\/"},{"@type":"ListItem","position":3,"name":"Peace and quiet","item":"https:\/\/territoriosierraespuna.com\/en\/experiences-2\/peace-and-quiet\/"},{"@type":"ListItem","position":4,"name":"Los Ba\u00f1os de Mula"}]},{"@type":"WebSite","@id":"https:\/\/territoriosierraespuna.com\/#website","url":"https:\/\/territoriosierraespuna.com\/","name":"Territorio Sierra Espu\u00f1a","description":"","potentialAction":[{"@type":"SearchAction","target":{"@type":"EntryPoint","urlTemplate":"https:\/\/territoriosierraespuna.com\/?s={search_term_string}"},"query-input":{"@type":"PropertyValueSpecification","valueRequired":true,"valueName":"search_term_string"}}],"inLanguage":"en-US"}]}},"_links":{"self":[{"href":"https:\/\/territoriosierraespuna.com\/en\/wp-json\/wp\/v2\/pages\/1774","targetHints":{"allow":["GET"]}}],"collection":[{"href":"https:\/\/territoriosierraespuna.com\/en\/wp-json\/wp\/v2\/pages"}],"about":[{"href":"https:\/\/territoriosierraespuna.com\/en\/wp-json\/wp\/v2\/types\/page"}],"author":[{"embeddable":true,"href":"https:\/\/territoriosierraespuna.com\/en\/wp-json\/wp\/v2\/users\/1"}],"replies":[{"embeddable":true,"href":"https:\/\/territoriosierraespuna.com\/en\/wp-json\/wp\/v2\/comments?post=1774"}],"version-history":[{"count":3,"href":"https:\/\/territoriosierraespuna.com\/en\/wp-json\/wp\/v2\/pages\/1774\/revisions"}],"predecessor-version":[{"id":7443,"href":"https:\/\/territoriosierraespuna.com\/en\/wp-json\/wp\/v2\/pages\/1774\/revisions\/7443"}],"up":[{"embeddable":true,"href":"https:\/\/territoriosierraespuna.com\/en\/wp-json\/wp\/v2\/pages\/7440"}],"wp:featuredmedia":[{"embeddable":true,"href":"https:\/\/territoriosierraespuna.com\/en\/wp-json\/wp\/v2\/media\/5864"}],"wp:attachment":[{"href":"https:\/\/territoriosierraespuna.com\/en\/wp-json\/wp\/v2\/media?parent=1774"}],"curies":[{"name":"wp","href":"https:\/\/api.w.org\/{rel}","templated":true}]}}